{"id":696230,"date":"2025-08-27T14:33:24","date_gmt":"2025-08-27T11:33:24","guid":{"rendered":"https:\/\/roveyayinevi.com.tr\/index.php\/urun\/evde-kullanilan-araclar\/"},"modified":"2026-04-16T02:06:15","modified_gmt":"2026-04-15T23:06:15","slug":"evde-kullanilan-araclar","status":"publish","type":"product","link":"https:\/\/roveyayinevi.com.tr\/index.php\/urun\/evde-kullanilan-araclar\/","title":{"rendered":"Evde Kullan\u0131lan Ara\u00e7lar"},"content":{"rendered":"<p>G\u00fcn\u00fcm\u00fcz d\u00fcnyas\u0131nda insanlar mal ve hizmetlerin \u00e7o\u011falt\u0131lmas\u0131 ile olu\u015fturulmu\u015f  e insan t\u00fcr\u00fcn\u00fcn ekolojisinde bir t\u00fcr temel d\u00f6n\u00fc\u015f\u00fcm olu\u015fturan ak\u0131l almaz bir t\u00fcketim ve bolluk ger\u00e7e\u011fi ile kar\u015f\u0131 kar\u015f\u0131ya bulunmaktad\u0131r. \u00c7evrelerindeki mallar\u0131n \u00e7oklu\u011fu nedeniyle bireyler t\u00fcm zamanlarda oldu\u011fu gibi di\u011fer insanlarla de\u011fil de kendilerine sunulan mal ve hizmetlerle \u00e7evrili bulunmaktad\u0131r. \u0130nsanlar\u0131n al\u0131\u015f veri\u015fleri \u0130nsanlarla etkile\u015fimden daha \u00e7ok mal ve hizmetlerin edinilmesi ile ilgili gibi g\u00f6r\u00fcnmektedir. Bu mal ve hizmetler konusunda, karma\u015f\u0131k toplum yap\u0131s\u0131 ve ev i\u00e7i kurumsalla\u015fman\u0131n par\u00e7as\u0131 olan birey, kitle ileti\u015fim ara\u00e7lar\u0131 ve pazarlama ileti\u015fimleri ile gelen mesajlar\u0131n yo\u011funlu\u011fu alt\u0131nda ezilmektedir.Ge\u00e7mi\u015f ku\u015faklardan gelen teknoloji ve uygarl\u0131k \u00fcr\u00fcn\u00fc bir \u00e7ok eser g\u00fcn\u00fcm\u00fcze de\u011fin s\u00fcr\u00fcp gelmi\u015fken, bu g\u00fcn bir \u00e7ok dayan\u0131kl\u0131 nesnenin do\u011fu\u015funu, geli\u015fmesini ve yok olmas\u0131n\u0131 \u00e7ok h\u0131zl\u0131 bir bi\u00e7imde izliyoruz. Oysa insanl\u0131\u011f\u0131n sahip oldu\u011fu teknik k\u00fclt\u00fcr bir nesilden di\u011ferine daha iyi bir yasam b\u0131rakabilme amac\u0131yla do\u011fup, devam etmi\u015ftir. B\u00fct\u00fcn teknolojik yeniliklerin temelinde oldu\u011fu gibi, ev ara\u00e7lar\u0131 teknolojisinde de insan ihtiya\u00e7lar\u0131n\u0131n kar\u015f\u0131lanmas\u0131, insan ya\u015fam\u0131n\u0131n daha kolay ve konforlu hale gelmesi ama\u00e7lanmaktad\u0131r, Nitekim teknoloji \u00fcr\u00fcn\u00fc olan bir \u00e7ok yeni ara\u00e7 ve \u00fcr\u00fcn insan ya\u015fam\u0131n\u0131n ilk ve en \u00d6nemli yeri olan ev ve aile hayat\u0131n\u0131n geli\u015fiminde \u00f6nemli bir yere sahiptir. Ancak, bunun ger\u00e7ekle\u015febilmesi ailelerin g\u00fcn\u00fcm\u00fcz h\u0131zl\u0131 t\u00fcketim d\u00f6ng\u00fcs\u00fc i\u00e7inde bilin\u00e7li hareket etmelerine ba\u011fl\u0131d\u0131r. G\u00fcn\u00fcm\u00fcz toplumlar\u0131nda bireyler bu konuda her t\u00fcrl\u00fc d\u0131\u015f etkilere maruz kalarak yanl\u0131\u015f kararlar verebilmektedir. \u00dcretmeden t\u00fcketen, t\u00fcketimde bilin\u00e7siz davran\u0131p, yanl\u0131\u015f kararlar veren bireyler bir yandan kendi ekonomik \u00e7\u0131karlar\u0131n\u0131 zedelerken, di\u011fer taraftan ger\u00e7ekle de k\u0131t olan \u00fclke kaynaklar\u0131na da zarar vermektedir.\u00d6zellikle geli\u015fmekte olan ve teknolojiyi yurt d\u0131\u015f\u0131ndan ithal eden \u00fclkemizde bireylerin bilin\u00e7siz davranma l\u00fcks\u00fc bulunmamaktad\u0131r. Bu nedenle evde kulland\u0131klar\u0131 ara\u00e7lar konusunda bilin\u00e7li olmalar\u0131, onlar\u0131n se\u00e7imi, sat\u0131n al\u0131nmas\u0131, kullan\u0131m\u0131 ile temizlik ve bak\u0131mlar\u0131nda bilgi sahibi olmalar\u0131 ile m\u00fcmk\u00fcnd\u00fcr.Bu kitapta da evde kullan\u0131lan \u00e7e\u015fitli ara\u00e7lar konusunda gerekli bilgi verilmi\u015f bulunmaktad\u0131r. \u00d6zellikle ara\u00e7lara ili\u015fkin bilgiler zaman zaman teknik \u00f6zellikler arz etse de \u00e7o\u011funlukla bilin\u00e7li t\u00fcketici a\u00e7\u0131s\u0131ndan ele al\u0131nm\u0131\u015ft\u0131r. Kitab\u0131 haz\u0131rlarken beni cesaretlendiren ve gerekli deste\u011fi veren de\u011ferli hocalar\u0131m Prof. Dr. Suna Baykan ve Prof. Dr. Mine Arl\u0131 &#8216;ya, manevi deste\u011fini hep yan\u0131mda hissetti\u011fim Prof. Dr. Emine G\u00f6nen &#8216;e \u015f\u00fckranlar\u0131m\u0131 sunar\u0131m.. Kitab\u0131n dizgi ve haz\u0131rlanmas\u0131nda, resimlendirilmesinde can\u0131 y\u00fcrekten \u00e7al\u0131\u015fan ara\u015ft\u0131rma g\u00f6revlimiz H\u00fcseyin G\u00fcm\u00fc\u015f &#8216;e te\u015fekk\u00fcr\u00fc bor\u00e7 bilirim. <\/p>\n","protected":false},"excerpt":{"rendered":"<p>G\u00fcn\u00fcm\u00fcz d\u00fcnyas\u0131nda insanlar mal ve hizmetlerin \u00e7o\u011falt\u0131lmas\u0131 ile olu\u015fturulmu\u015f e insan t\u00fcr\u00fcn\u00fcn ekolojisinde bir t\u00fcr temel d\u00f6n\u00fc\u015f\u00fcm olu\u015fturan ak\u0131l almaz bir t\u00fcketim ve bolluk ger\u00e7e\u011fi ile<span class=\"excerpt-hellip\"> [\u2026]<\/span><\/p>\n","protected":false},"featured_media":0,"template":"","meta":{"_monsterinsights_skip_tracking":false,"_monsterinsights_sitenote_active":false,"_monsterinsights_sitenote_note":"","_monsterinsights_sitenote_category":0},"product_brand":[],"product_cat":[12573,12566],"product_tag":[],"class_list":{"0":"post-696230","1":"product","2":"type-product","3":"status-publish","5":"product_cat-akademik-kitaplar","6":"product_cat-egitim","7":"pa_cilt-ciltsiz","8":"pa_tur-kitap","9":"pa_yayinevi-gazi-kitabevi","10":"pa_yazar-m-hamil-nazik","12":"first","13":"instock","14":"sale","15":"shipping-taxable","16":"purchasable","17":"product-type-simple"},"_links":{"self":[{"href":"https:\/\/roveyayinevi.com.tr\/index.php\/wp-json\/wp\/v2\/product\/696230","targetHints":{"allow":["GET"]}}],"collection":[{"href":"https:\/\/roveyayinevi.com.tr\/index.php\/wp-json\/wp\/v2\/product"}],"about":[{"href":"https:\/\/roveyayinevi.com.tr\/index.php\/wp-json\/wp\/v2\/types\/product"}],"wp:attachment":[{"href":"https:\/\/roveyayinevi.com.tr\/index.php\/wp-json\/wp\/v2\/media?parent=696230"}],"wp:term":[{"taxonomy":"product_brand","embeddable":true,"href":"https:\/\/roveyayinevi.com.tr\/index.php\/wp-json\/wp\/v2\/product_brand?post=696230"},{"taxonomy":"product_cat","embeddable":true,"href":"https:\/\/roveyayinevi.com.tr\/index.php\/wp-json\/wp\/v2\/product_cat?post=696230"},{"taxonomy":"product_tag","embeddable":true,"href":"https:\/\/roveyayinevi.com.tr\/index.php\/wp-json\/wp\/v2\/product_tag?post=696230"}],"curies":[{"name":"wp","href":"https:\/\/api.w.org\/{rel}","templated":true}]}}