{"id":696229,"date":"2025-08-27T14:33:24","date_gmt":"2025-08-27T11:33:24","guid":{"rendered":"https:\/\/roveyayinevi.com.tr\/index.php\/urun\/eski-turk-edebiyati-2\/"},"modified":"2026-04-16T02:06:15","modified_gmt":"2026-04-15T23:06:15","slug":"eski-turk-edebiyati-2","status":"publish","type":"product","link":"https:\/\/roveyayinevi.com.tr\/index.php\/urun\/eski-turk-edebiyati-2\/","title":{"rendered":"Eski T\u00fcrk Edebiyat\u0131"},"content":{"rendered":"<p>Eski T\u00fcrk Edebiyat\u0131 terimi, Divan edebiyat\u0131, \u0130sl\u00e2m\u00ee T\u00fcrk Edebiyat\u0131 gibi terimlerin yerine de kullan\u0131lmakla birlikte, daha geni\u015f bir \u00e7er\u00e7evede, bilinen ilk s\u00f6zl\u00fc \u00f6rneklerden, Yeni T\u00fcrk edebiyat\u0131n\u0131n ba\u015flad\u0131\u011f\u0131 Tanzimat&#8217;a kadar s\u00fcren \u00e7ok uzun bir edeb\u00ee s\u00fcreci ifade etmektedir. Bu sebeple, elinizdeki kitapta, ilk s\u00f6zl\u00fc edeb\u00ee \u00f6rnekler olan sav, ko\u015fuk sagu ve detaylar ile ilk yaz\u0131l\u0131 edeb\u00ee \u00f6rnekler olan G\u00f6kt\u00fcrk Kit\u00e2beleri&#8217;nden ba\u015flayarak \u0130slamiyet&#8217;in kabul\u00fcnden Tanzimat&#8217;a kadar s\u00fcren uzun bir d\u00f6nemde ortaya \u00e7\u0131kan edebiyat\u0131n temsilcileri ve eserleri ele al\u0131nm\u0131\u015ft\u0131r. Bunlar aras\u0131nda Halk edebiyat\u0131, Divan edebiyat\u0131 ve Tasavvuf edebiyat\u0131 mensuplar\u0131 bulunmaktad\u0131r. <\/p>\n","protected":false},"excerpt":{"rendered":"<p>Eski T\u00fcrk Edebiyat\u0131 terimi, Divan edebiyat\u0131, \u0130sl\u00e2m\u00ee T\u00fcrk Edebiyat\u0131 gibi terimlerin yerine de kullan\u0131lmakla birlikte, daha geni\u015f bir \u00e7er\u00e7evede, bilinen ilk s\u00f6zl\u00fc \u00f6rneklerden, Yeni T\u00fcrk edebiyat\u0131n\u0131n<span class=\"excerpt-hellip\"> [\u2026]<\/span><\/p>\n","protected":false},"featured_media":0,"template":"","meta":{"_monsterinsights_skip_tracking":false,"_monsterinsights_sitenote_active":false,"_monsterinsights_sitenote_note":"","_monsterinsights_sitenote_category":0},"product_brand":[],"product_cat":[12573,12566],"product_tag":[],"class_list":{"0":"post-696229","1":"product","2":"type-product","3":"status-publish","5":"product_cat-akademik-kitaplar","6":"product_cat-egitim","7":"pa_cilt-ciltsiz","8":"pa_tur-kitap","9":"pa_yayinevi-gazi-kitabevi","10":"pa_yazar-cemal-kurnaz","12":"first","13":"instock","14":"sale","15":"shipping-taxable","16":"purchasable","17":"product-type-simple"},"_links":{"self":[{"href":"https:\/\/roveyayinevi.com.tr\/index.php\/wp-json\/wp\/v2\/product\/696229","targetHints":{"allow":["GET"]}}],"collection":[{"href":"https:\/\/roveyayinevi.com.tr\/index.php\/wp-json\/wp\/v2\/product"}],"about":[{"href":"https:\/\/roveyayinevi.com.tr\/index.php\/wp-json\/wp\/v2\/types\/product"}],"wp:attachment":[{"href":"https:\/\/roveyayinevi.com.tr\/index.php\/wp-json\/wp\/v2\/media?parent=696229"}],"wp:term":[{"taxonomy":"product_brand","embeddable":true,"href":"https:\/\/roveyayinevi.com.tr\/index.php\/wp-json\/wp\/v2\/product_brand?post=696229"},{"taxonomy":"product_cat","embeddable":true,"href":"https:\/\/roveyayinevi.com.tr\/index.php\/wp-json\/wp\/v2\/product_cat?post=696229"},{"taxonomy":"product_tag","embeddable":true,"href":"https:\/\/roveyayinevi.com.tr\/index.php\/wp-json\/wp\/v2\/product_tag?post=696229"}],"curies":[{"name":"wp","href":"https:\/\/api.w.org\/{rel}","templated":true}]}}