{"id":696228,"date":"2025-08-27T14:33:24","date_gmt":"2025-08-27T11:33:24","guid":{"rendered":"https:\/\/roveyayinevi.com.tr\/index.php\/urun\/egzersize-metabolik-ve-isi-adaptasyonu\/"},"modified":"2026-04-16T02:06:15","modified_gmt":"2026-04-15T23:06:15","slug":"egzersize-metabolik-ve-isi-adaptasyonu","status":"publish","type":"product","link":"https:\/\/roveyayinevi.com.tr\/index.php\/urun\/egzersize-metabolik-ve-isi-adaptasyonu\/","title":{"rendered":"Egzersize Metabolik ve Is\u0131 Adaptasyonu"},"content":{"rendered":"<p>B\u00fct\u00fcn biyolojik fonksiyonlar enerjiye ihtiya\u00e7 duyar. Karbonhidrat, ya\u011f ve protein i\u00e7eren besinler biyolojik i\u015f i\u00e7in gerekli olan enerjiyi i\u00e7ermelerinden dolay\u0131 besinleri ve fiziksel aktiviteyi enerji a\u00e7\u0131s\u0131ndan s\u0131n\u0131fland\u0131rmak m\u00fcmk\u00fcnd\u00fcr. Dolay\u0131s\u0131 ile besinlerin enerji kullan\u0131m seviyesini ve buna ba\u011fl\u0131 olarak da metabolizma seviyesini belirler. Organizman\u0131n metabolizma seviyesi, i\u00e7inde bulundu\u011fu duruma g\u00f6re hemostasis&#8217;i dengede tutmak amac\u0131 ile de\u011fi\u015fiklikler g\u00f6sterir. <\/p>\n","protected":false},"excerpt":{"rendered":"<p>B\u00fct\u00fcn biyolojik fonksiyonlar enerjiye ihtiya\u00e7 duyar. Karbonhidrat, ya\u011f ve protein i\u00e7eren besinler biyolojik i\u015f i\u00e7in gerekli olan enerjiyi i\u00e7ermelerinden dolay\u0131 besinleri ve fiziksel aktiviteyi enerji a\u00e7\u0131s\u0131ndan<span class=\"excerpt-hellip\"> [\u2026]<\/span><\/p>\n","protected":false},"featured_media":0,"template":"","meta":{"_monsterinsights_skip_tracking":false,"_monsterinsights_sitenote_active":false,"_monsterinsights_sitenote_note":"","_monsterinsights_sitenote_category":0},"product_brand":[],"product_cat":[12573,12566],"product_tag":[],"class_list":{"0":"post-696228","1":"product","2":"type-product","3":"status-publish","5":"product_cat-akademik-kitaplar","6":"product_cat-egitim","7":"pa_cilt-ciltsiz","8":"pa_tur-kitap","9":"pa_yayinevi-gazi-kitabevi","10":"pa_yazar-mehmet-gunay","12":"first","13":"instock","14":"sale","15":"shipping-taxable","16":"purchasable","17":"product-type-simple"},"_links":{"self":[{"href":"https:\/\/roveyayinevi.com.tr\/index.php\/wp-json\/wp\/v2\/product\/696228","targetHints":{"allow":["GET"]}}],"collection":[{"href":"https:\/\/roveyayinevi.com.tr\/index.php\/wp-json\/wp\/v2\/product"}],"about":[{"href":"https:\/\/roveyayinevi.com.tr\/index.php\/wp-json\/wp\/v2\/types\/product"}],"wp:attachment":[{"href":"https:\/\/roveyayinevi.com.tr\/index.php\/wp-json\/wp\/v2\/media?parent=696228"}],"wp:term":[{"taxonomy":"product_brand","embeddable":true,"href":"https:\/\/roveyayinevi.com.tr\/index.php\/wp-json\/wp\/v2\/product_brand?post=696228"},{"taxonomy":"product_cat","embeddable":true,"href":"https:\/\/roveyayinevi.com.tr\/index.php\/wp-json\/wp\/v2\/product_cat?post=696228"},{"taxonomy":"product_tag","embeddable":true,"href":"https:\/\/roveyayinevi.com.tr\/index.php\/wp-json\/wp\/v2\/product_tag?post=696228"}],"curies":[{"name":"wp","href":"https:\/\/api.w.org\/{rel}","templated":true}]}}