{"id":696227,"date":"2025-08-27T14:33:24","date_gmt":"2025-08-27T11:33:24","guid":{"rendered":"https:\/\/roveyayinevi.com.tr\/index.php\/urun\/yirmi-birinci-yuzyilda-kapital\/"},"modified":"2026-04-16T02:06:15","modified_gmt":"2026-04-15T23:06:15","slug":"yirmi-birinci-yuzyilda-kapital","status":"publish","type":"product","link":"https:\/\/roveyayinevi.com.tr\/index.php\/urun\/yirmi-birinci-yuzyilda-kapital\/","title":{"rendered":"Yirmi Birinci Y\u00fczy\u0131lda Kapital"},"content":{"rendered":"<p>Baz\u0131lar\u0131na g\u00f6re, adaletsizli\u011fin s\u00fcrekli artt\u0131\u011f\u0131 d\u00fcnyada e\u015fitsizlik u\u00e7urumlar\u0131 giderek derinle\u015firken, kimileri de gelirler ve servetler aras\u0131ndaki mesafelerin do\u011fal bir e\u011filimle darald\u0131\u011f\u0131n\u0131, sisteme d\u0131\u015far\u0131dan m\u00fcdahale edilmezse bu s\u00fcrecin daha sa\u011fl\u0131kl\u0131 i\u015fleyece\u011fini ileri s\u00fcr\u00fcyorlar. Peki, bu konuda bir fikir olu\u015fturabilmek i\u00e7in e\u015fitsizliklerin uzun vadeli de\u011fi\u015fim e\u011frisi hakk\u0131nda, yani e\u015fitsizli\u011fin d\u00fcnden bug\u00fcne tarihi hakk\u0131nda bilgi sahibi olmak gerekmez mi?On be\u015f y\u0131ll\u0131k bir ara\u015ft\u0131rman\u0131n \u00fcr\u00fcn\u00fc olan ve ekonomi terminolojisine yabanc\u0131 olan okurlar taraf\u0131ndan da kolayca anla\u015f\u0131labilecek bir dille yaz\u0131lm\u0131\u015f Yirmi Birinci Y\u00fczy\u0131lda Kapital, bu konudaki bo\u015flu\u011fu \u00e7ok geni\u015f bir veri taban\u0131yla dolduruyor. Hem zaman (tarihsel veriler) hem de co\u011frafya i\u00e7inde (t\u00fcm d\u00fcnyadan veriler) kar\u015f\u0131la\u015ft\u0131rmal\u0131 bir y\u00f6ntemin kullan\u0131ld\u0131\u011f\u0131 bu temel eser, Thomas Piketty\u2019nin s\u00f6zleriyle, \u201cbir ekonomi kitab\u0131 oldu\u011fu kadar, bir tarih kitab\u0131\u201d da olma \u00f6zelli\u011fini ta\u015f\u0131yor.&#8221;Frans\u0131z ekonomist Thomas Piketty\u2019nin Magnum Opus\u2019u 21.Y\u00fczy\u0131lda Kapital\u2019in y\u0131l\u0131n hatta belki de \u00f6n\u00fcm\u00fczdeki on y\u0131l\u0131n en \u00f6nemli kitab\u0131 olaca\u011f\u0131n\u0131 rahatl\u0131kla s\u00f6yleyebiliriz.&#8221;- Paul Krugman, New York Times 23.03.2014&#8243;Thomas Piketty bu esasl\u0131 kitab\u0131yla hem akademik d\u00fcnyaya, hem de t\u00fcm okuyuculara b\u00fcy\u00fck bir hizmet sunuyor. Sundu\u011fu tez g\u00fcc\u00fcn\u00fc ona buna sald\u0131rmaktan ya da politik g\u00fcndemden de\u011fil, dikkatlice toplanm\u0131\u015f ve analiz edilmi\u015f verilerden ve gerek\u00e7elendirilmi\u015f d\u00fc\u015f\u00fcnceden al\u0131yor.&#8221;- Rakesh Khurana, Harvard Business School&#8221;Baz\u0131 kitaplar sadece okunur, baz\u0131 kitaplar ise ta\u015f\u0131 gedi\u011fine \u00f6yle bir koyar ki insanda canla ba\u015fla okuma iste\u011fi uyand\u0131r\u0131rlar, Thomas Piketty\u2019nin 21.Y\u00fczy\u0131lda Kapital isimli kitab\u0131 bariz bi\u00e7imde bu ikinci kategoriye giriyor.&#8221;- Perry Lam, South China Morning Post, 23.05.2014&#8243;Piketty e\u015fitsizlik konusunda muhtemelen son d\u00f6nemin en \u00f6nemli d\u00fc\u015f\u00fcn\u00fcr\u00fc\u2026 Bu kitapta servet u\u00e7urumlar\u0131 konusunda liberal \u00e7evrelerde h\u00e2lihaz\u0131rda hissedilen rahats\u0131zl\u0131\u011f\u0131 hakl\u0131 \u00e7\u0131karacak yetkin bir \u00e7er\u00e7eve sunuyor\u2026&#8221;- Jordan Weissmann, Slate, 22.04.2014 <\/p>\n","protected":false},"excerpt":{"rendered":"<p>Baz\u0131lar\u0131na g\u00f6re, adaletsizli\u011fin s\u00fcrekli artt\u0131\u011f\u0131 d\u00fcnyada e\u015fitsizlik u\u00e7urumlar\u0131 giderek derinle\u015firken, kimileri de gelirler ve servetler aras\u0131ndaki mesafelerin do\u011fal bir e\u011filimle darald\u0131\u011f\u0131n\u0131, sisteme d\u0131\u015far\u0131dan m\u00fcdahale edilmezse bu<span class=\"excerpt-hellip\"> [\u2026]<\/span><\/p>\n","protected":false},"featured_media":0,"template":"","meta":{"_monsterinsights_skip_tracking":false,"_monsterinsights_sitenote_active":false,"_monsterinsights_sitenote_note":"","_monsterinsights_sitenote_category":0},"product_brand":[],"product_cat":[13590,12337],"product_tag":[],"class_list":{"0":"post-696227","1":"product","2":"type-product","3":"status-publish","5":"product_cat-arastirma-inceleme-politika-siyaset","6":"product_cat-politika-siyaset","7":"pa_cilt-ciltsiz","8":"pa_tur-kitap","9":"pa_yayinevi-is-bankasi-kultur-yayinlari","10":"pa_yazar-thomas-piketty","12":"first","13":"instock","14":"sale","15":"shipping-taxable","16":"purchasable","17":"product-type-simple"},"_links":{"self":[{"href":"https:\/\/roveyayinevi.com.tr\/index.php\/wp-json\/wp\/v2\/product\/696227","targetHints":{"allow":["GET"]}}],"collection":[{"href":"https:\/\/roveyayinevi.com.tr\/index.php\/wp-json\/wp\/v2\/product"}],"about":[{"href":"https:\/\/roveyayinevi.com.tr\/index.php\/wp-json\/wp\/v2\/types\/product"}],"wp:attachment":[{"href":"https:\/\/roveyayinevi.com.tr\/index.php\/wp-json\/wp\/v2\/media?parent=696227"}],"wp:term":[{"taxonomy":"product_brand","embeddable":true,"href":"https:\/\/roveyayinevi.com.tr\/index.php\/wp-json\/wp\/v2\/product_brand?post=696227"},{"taxonomy":"product_cat","embeddable":true,"href":"https:\/\/roveyayinevi.com.tr\/index.php\/wp-json\/wp\/v2\/product_cat?post=696227"},{"taxonomy":"product_tag","embeddable":true,"href":"https:\/\/roveyayinevi.com.tr\/index.php\/wp-json\/wp\/v2\/product_tag?post=696227"}],"curies":[{"name":"wp","href":"https:\/\/api.w.org\/{rel}","templated":true}]}}