{"id":696223,"date":"2025-08-27T14:33:23","date_gmt":"2025-08-27T11:33:23","guid":{"rendered":"https:\/\/roveyayinevi.com.tr\/index.php\/urun\/deney-duzenlemede-istatiksel-yontemler\/"},"modified":"2026-04-16T02:06:15","modified_gmt":"2026-04-15T23:06:15","slug":"deney-duzenlemede-istatiksel-yontemler","status":"publish","type":"product","link":"https:\/\/roveyayinevi.com.tr\/index.php\/urun\/deney-duzenlemede-istatiksel-yontemler\/","title":{"rendered":"Deney D\u00fczenlemede \u0130statiksel Y\u00f6ntemler"},"content":{"rendered":"<p>\u0130\u00e7indekiler:- Deney, D\u00fczen ve \u00c7\u00f6z\u00fcmleme- \u0130statistiksel \u00c7\u0131karsamaya Bak\u0131\u015f- Tamamen Rasgele Tek Etkenli Deneyler- Tek Etkenli Deneyler &#8211; Rasgele Bloklar D\u00fczeni- Tek Etkenli Deneyler &#8211; Latin ve Di\u011fer Kareler- \u00c7oketkenli Deneyler- 2&#8243; \u00c7oketkenli Deneyler- Nitel ve Nicel Etkenler- 3n \u00c7oketkenli Deneyleri- \u00d6zel Se\u00e7imli, Rasgele Se\u00e7imli ve Kar\u0131\u015f\u0131k Se\u00e7imli Modeller- \u0130\u00e7ice ve \u0130\u00e7ice \u00c7oketkenli Deneyler- \u0130ki ya da Daha \u00c7ok Etkenli Deneyler &#8211; Rasgelelik \u00dczerine K\u0131s\u0131tlar- \u00c7oketkenli Deney &#8211; B\u00f6l\u00fcnm\u00fc\u015f Parseller D\u00fczeni- \u00c7oketkenli Deney &#8211; Bloklarda Etki Kar\u0131\u015f\u0131m\u0131- Kesirli Tekrarlar- \u00c7e\u015fitli Konular <\/p>\n","protected":false},"excerpt":{"rendered":"<p>\u0130\u00e7indekiler:- Deney, D\u00fczen ve \u00c7\u00f6z\u00fcmleme- \u0130statistiksel \u00c7\u0131karsamaya Bak\u0131\u015f- Tamamen Rasgele Tek Etkenli Deneyler- Tek Etkenli Deneyler &#8211; Rasgele Bloklar D\u00fczeni- Tek Etkenli Deneyler &#8211; Latin ve<span class=\"excerpt-hellip\"> [\u2026]<\/span><\/p>\n","protected":false},"featured_media":0,"template":"","meta":{"_monsterinsights_skip_tracking":false,"_monsterinsights_sitenote_active":false,"_monsterinsights_sitenote_note":"","_monsterinsights_sitenote_category":0},"product_brand":[],"product_cat":[12573,12566],"product_tag":[],"class_list":{"0":"post-696223","1":"product","2":"type-product","3":"status-publish","5":"product_cat-akademik-kitaplar","6":"product_cat-egitim","7":"pa_cilt-ciltsiz","8":"pa_tur-kitap","9":"pa_yayinevi-gazi-kitabevi","10":"pa_yazar-charles-r-hicks","12":"first","13":"instock","14":"sale","15":"shipping-taxable","16":"purchasable","17":"product-type-simple"},"_links":{"self":[{"href":"https:\/\/roveyayinevi.com.tr\/index.php\/wp-json\/wp\/v2\/product\/696223","targetHints":{"allow":["GET"]}}],"collection":[{"href":"https:\/\/roveyayinevi.com.tr\/index.php\/wp-json\/wp\/v2\/product"}],"about":[{"href":"https:\/\/roveyayinevi.com.tr\/index.php\/wp-json\/wp\/v2\/types\/product"}],"wp:attachment":[{"href":"https:\/\/roveyayinevi.com.tr\/index.php\/wp-json\/wp\/v2\/media?parent=696223"}],"wp:term":[{"taxonomy":"product_brand","embeddable":true,"href":"https:\/\/roveyayinevi.com.tr\/index.php\/wp-json\/wp\/v2\/product_brand?post=696223"},{"taxonomy":"product_cat","embeddable":true,"href":"https:\/\/roveyayinevi.com.tr\/index.php\/wp-json\/wp\/v2\/product_cat?post=696223"},{"taxonomy":"product_tag","embeddable":true,"href":"https:\/\/roveyayinevi.com.tr\/index.php\/wp-json\/wp\/v2\/product_tag?post=696223"}],"curies":[{"name":"wp","href":"https:\/\/api.w.org\/{rel}","templated":true}]}}