{"id":696222,"date":"2025-08-27T14:33:23","date_gmt":"2025-08-27T11:33:23","guid":{"rendered":"https:\/\/roveyayinevi.com.tr\/index.php\/urun\/halk-edebiyati-anlati-turleri\/"},"modified":"2026-04-16T02:06:15","modified_gmt":"2026-04-15T23:06:15","slug":"halk-edebiyati-anlati-turleri","status":"publish","type":"product","link":"https:\/\/roveyayinevi.com.tr\/index.php\/urun\/halk-edebiyati-anlati-turleri\/","title":{"rendered":"Halk Edebiyat\u0131 Anlat\u0131 T\u00fcrleri"},"content":{"rendered":"<p>Bu \u00e7al\u0131\u015fma, \u00f6\u011frencilerimizin T\u00fcrk halk edebiyat\u0131 anlat\u0131 t\u00fcrleriyle ilgili bilgilere kolayca ula\u015fabilmelerini sa\u011flamak amac\u0131yla haz\u0131rlanm\u0131\u015ft\u0131r. \u00d6\u011frencilerimizin anlat\u0131 t\u00fcrleri hakk\u0131nda bilgi veren ilk kaynaklan bulmalar\u0131, anlat\u0131 t\u00fcrlerine ait akademik makale ve ara\u015ft\u0131rmalar\u0131 edinmeleri her zaman kolay olmamaktad\u0131r. Hatta \u00fcniversitelere y\u00f6nelik kitap\u00e7\u0131lardan yoksun olan Anadolu kentlerinde \u00f6\u011frenim g\u00f6ren \u00f6\u011frencilerimizin i\u015finin daha da zor oldu\u011funu biliyoruz. Hem bu zorlu\u011fu ortadan kald\u0131rmak hem de \u00f6\u011frencilerimizin anlat\u0131 t\u00fcrleri hakk\u0131nda bilgi veren derli toplu bir esere kavu\u015fmas\u0131n\u0131 sa\u011flamak i\u00e7in bu \u00e7al\u0131\u015fmay\u0131 yapm\u0131\u015f bulunuyoruz.\u00d6\u011frencilerimiz bu eserde mitoloji bilimini ve mitoloji hakk\u0131nda yap\u0131lan en son \u00e7al\u0131\u015fmalar\u0131, efsanelerin k\u00fclt\u00fcr\u00fcm\u00fczdeki yerini, masallar\u0131n kayna\u011f\u0131n\u0131, d\u00fcnyadaki \u00f6nemli masal \u00e7al\u0131\u015fmalar\u0131n\u0131, d\u00fcnya masal kitaplar\u0131n\u0131, T\u00fcrk ve d\u00fcnya destanlar\u0131n\u0131n \u00f6zetini, O\u011fuzlar\u0131n b\u00fct\u00fcn d\u00fcnyas\u0131n\u0131 sergileyen Dede Korkut Hik\u00e2yelerini, f\u0131kra anlat\u0131 t\u00fcr\u00fcn\u00fcn \u00f6zelliklerini, bu t\u00fcr arac\u0131l\u0131\u011f\u0131 ile T\u00fcrk\u00fcn zek\u00e2s\u0131n\u0131 d\u00fcnyaya tan\u0131tan Nasrettin Hocam\u0131z hakk\u0131nda geni\u015f bilgi ile sahalar\u0131n\u0131n uzman\u0131 olan bilim adamlar\u0131m\u0131z\u0131n hayat hik\u00e2yelerini bulacaklard\u0131r.Halk Edebiyat\u0131 Anlat\u0131 T\u00fcrleri ad\u0131n\u0131 verdi\u011fimiz elinizdeki bu eser, A\u00e7\u0131k \u00d6\u011fretim Fak\u00fcltesi kitaplan tekni\u011fi ile haz\u0131rlanm\u0131\u015ft\u0131r. Konular ayr\u0131nt\u0131dan annd\u0131nlarak sunulmu\u015f, her konu sonunda \u00f6zet verilmi\u015f ve konuya \u00f6\u011frencinin ilgisini \u00e7ekmek ve dikkatini yo\u011funla\u015ft\u0131rmak amac\u0131yla konu sonlanna haz\u0131rl\u0131k sorulan konulmu\u015ftur. Verilen bilgiler, genellikle sahan\u0131n yetkili ki\u015filerinin bilimsel eserlerinden al\u0131nm\u0131\u015ft\u0131r. Ayr\u0131ca her konu sonuna zengin Bibliyografya konulmu\u015ftur. Bunlar do\u011frudan saha ile ilgili olan kaynaklard\u0131r. \u00d6zellikle akademik \u00e7al\u0131\u015fmalara \u00f6ncelik tan\u0131nm\u0131\u015ft\u0131r. <\/p>\n","protected":false},"excerpt":{"rendered":"<p>Bu \u00e7al\u0131\u015fma, \u00f6\u011frencilerimizin T\u00fcrk halk edebiyat\u0131 anlat\u0131 t\u00fcrleriyle ilgili bilgilere kolayca ula\u015fabilmelerini sa\u011flamak amac\u0131yla haz\u0131rlanm\u0131\u015ft\u0131r. \u00d6\u011frencilerimizin anlat\u0131 t\u00fcrleri hakk\u0131nda bilgi veren ilk kaynaklan bulmalar\u0131, anlat\u0131 t\u00fcrlerine<span class=\"excerpt-hellip\"> [\u2026]<\/span><\/p>\n","protected":false},"featured_media":0,"template":"","meta":{"_monsterinsights_skip_tracking":false,"_monsterinsights_sitenote_active":false,"_monsterinsights_sitenote_note":"","_monsterinsights_sitenote_category":0},"product_brand":[],"product_cat":[12573,12566],"product_tag":[],"class_list":{"0":"post-696222","1":"product","2":"type-product","3":"status-publish","5":"product_cat-akademik-kitaplar","6":"product_cat-egitim","7":"pa_cilt-ciltsiz","8":"pa_tur-kitap","9":"pa_yayinevi-gazi-kitabevi","10":"pa_yazar-hayrettin-rayman","12":"first","13":"instock","14":"sale","15":"shipping-taxable","16":"purchasable","17":"product-type-simple"},"_links":{"self":[{"href":"https:\/\/roveyayinevi.com.tr\/index.php\/wp-json\/wp\/v2\/product\/696222","targetHints":{"allow":["GET"]}}],"collection":[{"href":"https:\/\/roveyayinevi.com.tr\/index.php\/wp-json\/wp\/v2\/product"}],"about":[{"href":"https:\/\/roveyayinevi.com.tr\/index.php\/wp-json\/wp\/v2\/types\/product"}],"wp:attachment":[{"href":"https:\/\/roveyayinevi.com.tr\/index.php\/wp-json\/wp\/v2\/media?parent=696222"}],"wp:term":[{"taxonomy":"product_brand","embeddable":true,"href":"https:\/\/roveyayinevi.com.tr\/index.php\/wp-json\/wp\/v2\/product_brand?post=696222"},{"taxonomy":"product_cat","embeddable":true,"href":"https:\/\/roveyayinevi.com.tr\/index.php\/wp-json\/wp\/v2\/product_cat?post=696222"},{"taxonomy":"product_tag","embeddable":true,"href":"https:\/\/roveyayinevi.com.tr\/index.php\/wp-json\/wp\/v2\/product_tag?post=696222"}],"curies":[{"name":"wp","href":"https:\/\/api.w.org\/{rel}","templated":true}]}}