{"id":696221,"date":"2025-08-27T14:33:22","date_gmt":"2025-08-27T11:33:22","guid":{"rendered":"https:\/\/roveyayinevi.com.tr\/index.php\/urun\/genel-muzik-egitimi\/"},"modified":"2026-04-16T02:06:15","modified_gmt":"2026-04-15T23:06:15","slug":"genel-muzik-egitimi","status":"publish","type":"product","link":"https:\/\/roveyayinevi.com.tr\/index.php\/urun\/genel-muzik-egitimi\/","title":{"rendered":"Genel M\u00fczik E\u011fitimi"},"content":{"rendered":"<p>D\u00fczeyi bak\u0131m\u0131ndan kuramsal ve uygulamal\u0131, yap\u0131ld\u0131\u011f\u0131 \u00e7evre bak\u0131m\u0131ndan alan, y\u00f6ntemi bak\u0131m\u0131ndan ise genelde betimleme, \u00f6zelde inceleme\u2013\u00e7\u00f6z\u00fcmleme\u2013de\u011ferlendirme niteli\u011finde yay\u0131nlanm\u0131\u015f \u00e7al\u0131\u015fmalar\u0131n bir araya getirilmesiyle olu\u015fturulan bu kitab\u0131n; s\u0131n\u0131f \u00f6\u011fretmenli\u011fi program\u0131nda m\u00fczik derslerine giren \u00f6\u011fretim elemanlar\u0131na ve \u00f6\u011frencilerine belirli bir bak\u0131\u015f a\u00e7\u0131s\u0131yla temel olu\u015fturaca\u011f\u0131 kabul edilebilir.Genel m\u00fczik e\u011fitimi kapsam\u0131nda ilk\u00f6\u011fretim ve orta\u00f6\u011fretimde m\u00fczik derslerine giren s\u0131n\u0131f ve m\u00fczik \u00f6\u011fretmenlerini de bilgilendiren \u00e7al\u0131\u015fmalar, T\u00fcrkiye&#8217;de 1974&#8217;ten bu yana \u00fcniversitele\u015fme s\u00fcrecinde s\u0131n\u0131f \u00f6\u011fretmeni yeti\u015ftirme modelindeki m\u00fczik derslerini dolayl\u0131 ve dolays\u0131z etkileyen sorunlar\u0131 irdelemkte \u00e7\u00f6z\u00fcm \u00f6nerileri sunmaktad\u0131r. <\/p>\n","protected":false},"excerpt":{"rendered":"<p>D\u00fczeyi bak\u0131m\u0131ndan kuramsal ve uygulamal\u0131, yap\u0131ld\u0131\u011f\u0131 \u00e7evre bak\u0131m\u0131ndan alan, y\u00f6ntemi bak\u0131m\u0131ndan ise genelde betimleme, \u00f6zelde inceleme\u2013\u00e7\u00f6z\u00fcmleme\u2013de\u011ferlendirme niteli\u011finde yay\u0131nlanm\u0131\u015f \u00e7al\u0131\u015fmalar\u0131n bir araya getirilmesiyle olu\u015fturulan bu kitab\u0131n; s\u0131n\u0131f<span class=\"excerpt-hellip\"> [\u2026]<\/span><\/p>\n","protected":false},"featured_media":0,"template":"","meta":{"_monsterinsights_skip_tracking":false,"_monsterinsights_sitenote_active":false,"_monsterinsights_sitenote_note":"","_monsterinsights_sitenote_category":0},"product_brand":[],"product_cat":[12573,12566],"product_tag":[],"class_list":{"0":"post-696221","1":"product","2":"type-product","3":"status-publish","5":"product_cat-akademik-kitaplar","6":"product_cat-egitim","7":"pa_cilt-ciltsiz","8":"pa_tur-kitap","9":"pa_yayinevi-gazi-kitabevi","10":"pa_yazar-ilhan-ozgul","12":"first","13":"instock","14":"sale","15":"shipping-taxable","16":"purchasable","17":"product-type-simple"},"_links":{"self":[{"href":"https:\/\/roveyayinevi.com.tr\/index.php\/wp-json\/wp\/v2\/product\/696221","targetHints":{"allow":["GET"]}}],"collection":[{"href":"https:\/\/roveyayinevi.com.tr\/index.php\/wp-json\/wp\/v2\/product"}],"about":[{"href":"https:\/\/roveyayinevi.com.tr\/index.php\/wp-json\/wp\/v2\/types\/product"}],"wp:attachment":[{"href":"https:\/\/roveyayinevi.com.tr\/index.php\/wp-json\/wp\/v2\/media?parent=696221"}],"wp:term":[{"taxonomy":"product_brand","embeddable":true,"href":"https:\/\/roveyayinevi.com.tr\/index.php\/wp-json\/wp\/v2\/product_brand?post=696221"},{"taxonomy":"product_cat","embeddable":true,"href":"https:\/\/roveyayinevi.com.tr\/index.php\/wp-json\/wp\/v2\/product_cat?post=696221"},{"taxonomy":"product_tag","embeddable":true,"href":"https:\/\/roveyayinevi.com.tr\/index.php\/wp-json\/wp\/v2\/product_tag?post=696221"}],"curies":[{"name":"wp","href":"https:\/\/api.w.org\/{rel}","templated":true}]}}