{"id":696219,"date":"2025-08-27T14:33:22","date_gmt":"2025-08-27T11:33:22","guid":{"rendered":"https:\/\/roveyayinevi.com.tr\/index.php\/urun\/ege-adalari-sorunu\/"},"modified":"2026-04-16T02:06:15","modified_gmt":"2026-04-15T23:06:15","slug":"ege-adalari-sorunu","status":"publish","type":"product","link":"https:\/\/roveyayinevi.com.tr\/index.php\/urun\/ege-adalari-sorunu\/","title":{"rendered":"Ege Adalar\u0131 Sorunu"},"content":{"rendered":"<p>G\u00fcn\u00fcm\u00fczde Yunanistan Ege\u2019yi bir Yunan denizi haline getirmeye y\u00f6nelik \u00e7abalar\u0131n\u0131 s\u00fcrd\u00fcrmekte ve adalarda Anadolu\u2019yu tehdit edecek faaliyetlere giri\u015fmektedir. Buna kar\u015f\u0131 T\u00fcrkiye ise genelde hep Lozan\u2019da belirtilen stat\u00fcden bahsetmekte ve ona uyulmas\u0131n\u0131 istemektedir. B\u00fct\u00fcn bu geli\u015fmeleri anlayabilmemiz i\u00e7in sorunun k\u00f6kenlerini ve tarih\u00ee seyrini de bilmek gerekir. Kitap, 1911 Trablusgarp Sava\u015f\u0131\u2019ndan g\u00fcn\u00fcm\u00fcze kadar olan olaylar\u0131 ele almaktad\u0131r.Konu Ba\u015fl\u0131klar\u0131Ege Adalar\u0131n\u0131n T\u00fcrk Egemenli\u011fi Alt\u0131ndaki Durumlar\u0131Trablusgarp Sava\u015f\u0131 ve Rodos ile 12 Ada&#8217;n\u0131n \u0130talya Taraf\u0131ndan \u0130\u015fgaliBalkan Sava\u015f\u0131 ve Kuzey Ege Ada&#8217;lar\u0131n\u0131n Yunanistan Taraf\u0131ndan \u0130\u015fgaliEge Adalar\u0131 ile Anla\u015fma Giri\u015fimleriLozan Konferans\u0131 ve Ege Adalar\u0131 Konusunda Al\u0131nan Kararlar\u0130kinci D\u00fcnya Sava\u015f\u0131 S\u0131ras\u0131nda ve Sonras\u0131nda Ege Adalar\u0131 ile ilgili Sorunlar <\/p>\n","protected":false},"excerpt":{"rendered":"<p>G\u00fcn\u00fcm\u00fczde Yunanistan Ege\u2019yi bir Yunan denizi haline getirmeye y\u00f6nelik \u00e7abalar\u0131n\u0131 s\u00fcrd\u00fcrmekte ve adalarda Anadolu\u2019yu tehdit edecek faaliyetlere giri\u015fmektedir. Buna kar\u015f\u0131 T\u00fcrkiye ise genelde hep Lozan\u2019da belirtilen<span class=\"excerpt-hellip\"> [\u2026]<\/span><\/p>\n","protected":false},"featured_media":0,"template":"","meta":{"_monsterinsights_skip_tracking":false,"_monsterinsights_sitenote_active":false,"_monsterinsights_sitenote_note":"","_monsterinsights_sitenote_category":0},"product_brand":[],"product_cat":[12573,12566],"product_tag":[],"class_list":{"0":"post-696219","1":"product","2":"type-product","3":"status-publish","5":"product_cat-akademik-kitaplar","6":"product_cat-egitim","7":"pa_cilt-ciltsiz","8":"pa_tur-kitap","9":"pa_yayinevi-gazi-kitabevi","10":"pa_yazar-necdet-hayta","12":"first","13":"instock","14":"sale","15":"shipping-taxable","16":"purchasable","17":"product-type-simple"},"_links":{"self":[{"href":"https:\/\/roveyayinevi.com.tr\/index.php\/wp-json\/wp\/v2\/product\/696219","targetHints":{"allow":["GET"]}}],"collection":[{"href":"https:\/\/roveyayinevi.com.tr\/index.php\/wp-json\/wp\/v2\/product"}],"about":[{"href":"https:\/\/roveyayinevi.com.tr\/index.php\/wp-json\/wp\/v2\/types\/product"}],"wp:attachment":[{"href":"https:\/\/roveyayinevi.com.tr\/index.php\/wp-json\/wp\/v2\/media?parent=696219"}],"wp:term":[{"taxonomy":"product_brand","embeddable":true,"href":"https:\/\/roveyayinevi.com.tr\/index.php\/wp-json\/wp\/v2\/product_brand?post=696219"},{"taxonomy":"product_cat","embeddable":true,"href":"https:\/\/roveyayinevi.com.tr\/index.php\/wp-json\/wp\/v2\/product_cat?post=696219"},{"taxonomy":"product_tag","embeddable":true,"href":"https:\/\/roveyayinevi.com.tr\/index.php\/wp-json\/wp\/v2\/product_tag?post=696219"}],"curies":[{"name":"wp","href":"https:\/\/api.w.org\/{rel}","templated":true}]}}