{"id":696217,"date":"2025-08-27T14:33:21","date_gmt":"2025-08-27T11:33:21","guid":{"rendered":"https:\/\/roveyayinevi.com.tr\/index.php\/urun\/fizikokimya-2-kitap-takim\/"},"modified":"2026-04-16T02:06:14","modified_gmt":"2026-04-15T23:06:14","slug":"fizikokimya-2-kitap-takim","status":"publish","type":"product","link":"https:\/\/roveyayinevi.com.tr\/index.php\/urun\/fizikokimya-2-kitap-takim\/","title":{"rendered":"Fizikokimya (2 Kitap Tak\u0131m)"},"content":{"rendered":"<p>FizikokimyaFizikokimya Problem \u00c7\u00f6z\u00fcmleriBu kitab\u0131n; kimya, kimya \u00f6\u011fretmenli\u011fi ve kimya m\u00fchendisli\u011fi \u00f6\u011frencileri yan\u0131nda g\u0131da, \u00e7evre, maden, ve metallurji m\u00fchendisli\u011fi \u00f6\u011frencilerine de faydal\u0131 olaca\u011f\u0131 kan\u0131s\u0131nday\u0131m. Kimya \u00f6\u011fretmenleri ve kimya m\u00fchendisleri de bilgilerini yenilemek i\u00e7in bu kitaptan yararlanabilirler. <\/p>\n","protected":false},"excerpt":{"rendered":"<p>FizikokimyaFizikokimya Problem \u00c7\u00f6z\u00fcmleriBu kitab\u0131n; kimya, kimya \u00f6\u011fretmenli\u011fi ve kimya m\u00fchendisli\u011fi \u00f6\u011frencileri yan\u0131nda g\u0131da, \u00e7evre, maden, ve metallurji m\u00fchendisli\u011fi \u00f6\u011frencilerine de faydal\u0131 olaca\u011f\u0131 kan\u0131s\u0131nday\u0131m. Kimya \u00f6\u011fretmenleri ve<span class=\"excerpt-hellip\"> [\u2026]<\/span><\/p>\n","protected":false},"featured_media":0,"template":"","meta":{"_monsterinsights_skip_tracking":false,"_monsterinsights_sitenote_active":false,"_monsterinsights_sitenote_note":"","_monsterinsights_sitenote_category":0},"product_brand":[],"product_cat":[12573,12566],"product_tag":[],"class_list":{"0":"post-696217","1":"product","2":"type-product","3":"status-publish","5":"product_cat-akademik-kitaplar","6":"product_cat-egitim","7":"pa_cilt-ciltsiz","8":"pa_tur-kitap","9":"pa_yayinevi-gazi-kitabevi","10":"pa_yazar-yuksel-sarikaya","12":"first","13":"instock","14":"sale","15":"shipping-taxable","16":"purchasable","17":"product-type-simple"},"_links":{"self":[{"href":"https:\/\/roveyayinevi.com.tr\/index.php\/wp-json\/wp\/v2\/product\/696217","targetHints":{"allow":["GET"]}}],"collection":[{"href":"https:\/\/roveyayinevi.com.tr\/index.php\/wp-json\/wp\/v2\/product"}],"about":[{"href":"https:\/\/roveyayinevi.com.tr\/index.php\/wp-json\/wp\/v2\/types\/product"}],"wp:attachment":[{"href":"https:\/\/roveyayinevi.com.tr\/index.php\/wp-json\/wp\/v2\/media?parent=696217"}],"wp:term":[{"taxonomy":"product_brand","embeddable":true,"href":"https:\/\/roveyayinevi.com.tr\/index.php\/wp-json\/wp\/v2\/product_brand?post=696217"},{"taxonomy":"product_cat","embeddable":true,"href":"https:\/\/roveyayinevi.com.tr\/index.php\/wp-json\/wp\/v2\/product_cat?post=696217"},{"taxonomy":"product_tag","embeddable":true,"href":"https:\/\/roveyayinevi.com.tr\/index.php\/wp-json\/wp\/v2\/product_tag?post=696217"}],"curies":[{"name":"wp","href":"https:\/\/api.w.org\/{rel}","templated":true}]}}