{"id":696216,"date":"2025-08-27T14:33:21","date_gmt":"2025-08-27T11:33:21","guid":{"rendered":"https:\/\/roveyayinevi.com.tr\/index.php\/urun\/fizik-konu-alani-ders-inceleme-kilavuzu\/"},"modified":"2026-04-14T02:08:03","modified_gmt":"2026-04-13T23:08:03","slug":"fizik-konu-alani-ders-inceleme-kilavuzu","status":"publish","type":"product","link":"https:\/\/roveyayinevi.com.tr\/index.php\/urun\/fizik-konu-alani-ders-inceleme-kilavuzu\/","title":{"rendered":"Fizik &#8211; Konu Alan\u0131 Ders \u0130nceleme K\u0131lavuzu"},"content":{"rendered":"<p>\u0130yi haz\u0131rlanm\u0131\u015f ba\u015far\u0131l\u0131 bir fizik kitab\u0131n\u0131n se\u00e7iminde \u00f6\u011fretmen ve \u00f6\u011fretmen adaylar\u0131na yard\u0131mc\u0131 olmak amac\u0131yla haz\u0131rlanan bu kitapta, fizik ders kitaplar\u0131n\u0131n haz\u0131rlanmas\u0131nda dikkat edilecek hususlar, Bi\u00e7im\u2013Dil ve Anlat\u0131m, \u0130\u00e7erik, E\u011fitimsel Tasar\u0131m, Bilimsel Hatalar ve Kavram Yan\u0131lg\u0131lar\u0131, Bilimsel Modeller ve Modclleme, Deneysel Aktiviteler, \u00d6l\u00e7me ve De\u011ferlendirme, \u00d6\u011fretmen ve \u00d6\u011frenci A\u00e7\u0131s\u0131ndan Fizik Ders Kitaplar\u0131n\u0131n \u0130\u00e7eri\u011fine Genel Bir Bak\u0131\u015f olmak \u00fczere sekiz b\u00f6l\u00fcmde toplanm\u0131\u015ft\u0131r. <\/p>\n","protected":false},"excerpt":{"rendered":"<p>\u0130yi haz\u0131rlanm\u0131\u015f ba\u015far\u0131l\u0131 bir fizik kitab\u0131n\u0131n se\u00e7iminde \u00f6\u011fretmen ve \u00f6\u011fretmen adaylar\u0131na yard\u0131mc\u0131 olmak amac\u0131yla haz\u0131rlanan bu kitapta, fizik ders kitaplar\u0131n\u0131n haz\u0131rlanmas\u0131nda dikkat edilecek hususlar, Bi\u00e7im\u2013Dil ve<span class=\"excerpt-hellip\"> [\u2026]<\/span><\/p>\n","protected":false},"featured_media":0,"template":"","meta":{"_monsterinsights_skip_tracking":false,"_monsterinsights_sitenote_active":false,"_monsterinsights_sitenote_note":"","_monsterinsights_sitenote_category":0},"product_brand":[],"product_cat":[12573,12566],"product_tag":[],"class_list":{"0":"post-696216","1":"product","2":"type-product","3":"status-publish","5":"product_cat-akademik-kitaplar","6":"product_cat-egitim","7":"pa_cilt-ciltsiz","8":"pa_tur-kitap","9":"pa_yayinevi-gazi-kitabevi","10":"pa_yazar-kolektif","12":"first","13":"instock","14":"sale","15":"shipping-taxable","16":"purchasable","17":"product-type-simple"},"_links":{"self":[{"href":"https:\/\/roveyayinevi.com.tr\/index.php\/wp-json\/wp\/v2\/product\/696216","targetHints":{"allow":["GET"]}}],"collection":[{"href":"https:\/\/roveyayinevi.com.tr\/index.php\/wp-json\/wp\/v2\/product"}],"about":[{"href":"https:\/\/roveyayinevi.com.tr\/index.php\/wp-json\/wp\/v2\/types\/product"}],"wp:attachment":[{"href":"https:\/\/roveyayinevi.com.tr\/index.php\/wp-json\/wp\/v2\/media?parent=696216"}],"wp:term":[{"taxonomy":"product_brand","embeddable":true,"href":"https:\/\/roveyayinevi.com.tr\/index.php\/wp-json\/wp\/v2\/product_brand?post=696216"},{"taxonomy":"product_cat","embeddable":true,"href":"https:\/\/roveyayinevi.com.tr\/index.php\/wp-json\/wp\/v2\/product_cat?post=696216"},{"taxonomy":"product_tag","embeddable":true,"href":"https:\/\/roveyayinevi.com.tr\/index.php\/wp-json\/wp\/v2\/product_tag?post=696216"}],"curies":[{"name":"wp","href":"https:\/\/api.w.org\/{rel}","templated":true}]}}