{"id":696212,"date":"2025-08-27T14:33:20","date_gmt":"2025-08-27T11:33:20","guid":{"rendered":"https:\/\/roveyayinevi.com.tr\/index.php\/urun\/eski-anadolu-turkcesi\/"},"modified":"2026-04-16T02:06:14","modified_gmt":"2026-04-15T23:06:14","slug":"eski-anadolu-turkcesi","status":"publish","type":"product","link":"https:\/\/roveyayinevi.com.tr\/index.php\/urun\/eski-anadolu-turkcesi\/","title":{"rendered":"Eski Anadolu T\u00fcrk\u00e7esi"},"content":{"rendered":"<p>T\u00fcrkiye T\u00fcrk\u00e7esinin tarihi \u015fekli olan Eski Anadolu T\u00fcrk\u00e7esi T\u00fcrk d\u00fcnyas\u0131n\u0131n en b\u00fcy\u00fck grubunu olu\u015fturan O\u011fuzlar\u0131n da bilinen en eski yaz\u0131 dilidir. Kitab\u0131n yaz\u0131l\u0131\u015f amac\u0131 Eski Anadolu T\u00fcrk\u00e7esi \u00fczerine ara\u015ft\u0131rma yapmak isteyenlere bir &#8220;el kitab\u0131&#8221; haz\u0131rlamak \u00fcniversitelerdeki ilgili dersler i\u00e7in de bir &#8220;ders kitab\u0131&#8221; sunmakt\u0131r. \ufffc<\/p>\n","protected":false},"excerpt":{"rendered":"<p>T\u00fcrkiye T\u00fcrk\u00e7esinin tarihi \u015fekli olan Eski Anadolu T\u00fcrk\u00e7esi T\u00fcrk d\u00fcnyas\u0131n\u0131n en b\u00fcy\u00fck grubunu olu\u015fturan O\u011fuzlar\u0131n da bilinen en eski yaz\u0131 dilidir. Kitab\u0131n yaz\u0131l\u0131\u015f amac\u0131 Eski Anadolu<span class=\"excerpt-hellip\"> [\u2026]<\/span><\/p>\n","protected":false},"featured_media":0,"template":"","meta":{"_monsterinsights_skip_tracking":false,"_monsterinsights_sitenote_active":false,"_monsterinsights_sitenote_note":"","_monsterinsights_sitenote_category":0},"product_brand":[],"product_cat":[13072,12291],"product_tag":[],"class_list":{"0":"post-696212","1":"product","2":"type-product","3":"status-publish","5":"product_cat-arastirma-inceleme-referans","6":"product_cat-edebiyat","7":"pa_cilt-ciltsiz","8":"pa_tur-kitap","9":"pa_yayinevi-gazi-kitabevi","10":"pa_yazar-gurer-gulsevin","12":"first","13":"instock","14":"sale","15":"shipping-taxable","16":"purchasable","17":"product-type-simple"},"_links":{"self":[{"href":"https:\/\/roveyayinevi.com.tr\/index.php\/wp-json\/wp\/v2\/product\/696212","targetHints":{"allow":["GET"]}}],"collection":[{"href":"https:\/\/roveyayinevi.com.tr\/index.php\/wp-json\/wp\/v2\/product"}],"about":[{"href":"https:\/\/roveyayinevi.com.tr\/index.php\/wp-json\/wp\/v2\/types\/product"}],"wp:attachment":[{"href":"https:\/\/roveyayinevi.com.tr\/index.php\/wp-json\/wp\/v2\/media?parent=696212"}],"wp:term":[{"taxonomy":"product_brand","embeddable":true,"href":"https:\/\/roveyayinevi.com.tr\/index.php\/wp-json\/wp\/v2\/product_brand?post=696212"},{"taxonomy":"product_cat","embeddable":true,"href":"https:\/\/roveyayinevi.com.tr\/index.php\/wp-json\/wp\/v2\/product_cat?post=696212"},{"taxonomy":"product_tag","embeddable":true,"href":"https:\/\/roveyayinevi.com.tr\/index.php\/wp-json\/wp\/v2\/product_tag?post=696212"}],"curies":[{"name":"wp","href":"https:\/\/api.w.org\/{rel}","templated":true}]}}