{"id":696211,"date":"2025-08-27T14:33:20","date_gmt":"2025-08-27T11:33:20","guid":{"rendered":"https:\/\/roveyayinevi.com.tr\/index.php\/urun\/davranis-bilimleri\/"},"modified":"2026-04-16T02:06:14","modified_gmt":"2026-04-15T23:06:14","slug":"davranis-bilimleri","status":"publish","type":"product","link":"https:\/\/roveyayinevi.com.tr\/index.php\/urun\/davranis-bilimleri\/","title":{"rendered":"Davran\u0131\u015f Bilimleri"},"content":{"rendered":"<p>Son y\u0131llarda d\u00fcnyam\u0131zda b\u00fcy\u00fck de\u011fi\u015fimler ya\u015f\u0131yoruz. \u00c7al\u0131\u015fma ko\u015fullar\u0131, teknoloji, birlikte ya\u015fad\u0131\u011f\u0131m\u0131z, birlikte \u00e7al\u0131\u015ft\u0131\u011f\u0131m\u0131z insanlar de\u011fi\u015fiyor. \u0130nsan ili\u015fkileri g\u00fcnden g\u00fcne daha karma\u015f\u0131k hale geliyor. Art\u0131k \u00f6rg\u00fctlerde \u00e7al\u0131\u015fan insanlar b\u00fcrokrasi \u00e7ark\u0131n\u0131n yaln\u0131zca bir di\u015flisi olmak istemiyorlar. \u0130nsanlar daha fazla yetki ve sorumluluk almak, \u00e7al\u0131\u015fma ekibinin bir par\u00e7as\u0131 olmak ve ba\u015fkalar\u0131 ile &#8220;birlikte&#8221; \u00e7al\u0131\u015farak ba\u015far\u0131l\u0131 olmak istiyorlar. \u00d6rg\u00fct\u00fcn kendileri i\u00e7in ne yapabilece\u011fini de\u011fil, \u00f6rg\u00fct\u00fcn ama\u00e7lar\u0131n\u0131 kendi \u00e7abalar\u0131 ile nas\u0131l etkileyebileceklerini ara\u015ft\u0131r\u0131yorlar.\u00d6\u011frencilerimiz i\u015f ya\u015fam\u0131ndaki karma\u015f\u0131k ortam i\u00e7erisinde ba\u015far\u0131l\u0131 olmak durumundalar. Ba\u015far\u0131l\u0131 olmak i\u00e7in de kendilerini ve \u00e7evrelerini tan\u0131ma ihtiyac\u0131 duyuyorlar. Davran\u0131\u015f Bilimleri dersinin temel amac\u0131 da \u00f6\u011frencinin hem kendisini hem de \u00e7evresindeki insanlar\u0131 tan\u0131mas\u0131na yard\u0131mc\u0131 olmak, insanlar\u0131n toplumdan etkilenmelerini inceleyerek, insan\u0131n toplum i\u00e7indeki davran\u0131\u015flar\u0131na anlam kazand\u0131rmakt\u0131r. <\/p>\n","protected":false},"excerpt":{"rendered":"<p>Son y\u0131llarda d\u00fcnyam\u0131zda b\u00fcy\u00fck de\u011fi\u015fimler ya\u015f\u0131yoruz. \u00c7al\u0131\u015fma ko\u015fullar\u0131, teknoloji, birlikte ya\u015fad\u0131\u011f\u0131m\u0131z, birlikte \u00e7al\u0131\u015ft\u0131\u011f\u0131m\u0131z insanlar de\u011fi\u015fiyor. \u0130nsan ili\u015fkileri g\u00fcnden g\u00fcne daha karma\u015f\u0131k hale geliyor. Art\u0131k \u00f6rg\u00fctlerde \u00e7al\u0131\u015fan<span class=\"excerpt-hellip\"> [\u2026]<\/span><\/p>\n","protected":false},"featured_media":0,"template":"","meta":{"_monsterinsights_skip_tracking":false,"_monsterinsights_sitenote_active":false,"_monsterinsights_sitenote_note":"","_monsterinsights_sitenote_category":0},"product_brand":[],"product_cat":[12573,12566],"product_tag":[],"class_list":{"0":"post-696211","1":"product","2":"type-product","3":"status-publish","5":"product_cat-akademik-kitaplar","6":"product_cat-egitim","7":"pa_cilt-ciltsiz","8":"pa_tur-kitap","9":"pa_yayinevi-gazi-kitabevi","10":"pa_yazar-oznur-yuksel","12":"first","13":"instock","14":"sale","15":"shipping-taxable","16":"purchasable","17":"product-type-simple"},"_links":{"self":[{"href":"https:\/\/roveyayinevi.com.tr\/index.php\/wp-json\/wp\/v2\/product\/696211","targetHints":{"allow":["GET"]}}],"collection":[{"href":"https:\/\/roveyayinevi.com.tr\/index.php\/wp-json\/wp\/v2\/product"}],"about":[{"href":"https:\/\/roveyayinevi.com.tr\/index.php\/wp-json\/wp\/v2\/types\/product"}],"wp:attachment":[{"href":"https:\/\/roveyayinevi.com.tr\/index.php\/wp-json\/wp\/v2\/media?parent=696211"}],"wp:term":[{"taxonomy":"product_brand","embeddable":true,"href":"https:\/\/roveyayinevi.com.tr\/index.php\/wp-json\/wp\/v2\/product_brand?post=696211"},{"taxonomy":"product_cat","embeddable":true,"href":"https:\/\/roveyayinevi.com.tr\/index.php\/wp-json\/wp\/v2\/product_cat?post=696211"},{"taxonomy":"product_tag","embeddable":true,"href":"https:\/\/roveyayinevi.com.tr\/index.php\/wp-json\/wp\/v2\/product_tag?post=696211"}],"curies":[{"name":"wp","href":"https:\/\/api.w.org\/{rel}","templated":true}]}}