{"id":696210,"date":"2025-08-27T14:33:20","date_gmt":"2025-08-27T11:33:20","guid":{"rendered":"https:\/\/roveyayinevi.com.tr\/index.php\/urun\/deney-duzenleri-ve-istatistik-analizleri\/"},"modified":"2026-04-16T02:06:14","modified_gmt":"2026-04-15T23:06:14","slug":"deney-duzenleri-ve-istatistik-analizleri","status":"publish","type":"product","link":"https:\/\/roveyayinevi.com.tr\/index.php\/urun\/deney-duzenleri-ve-istatistik-analizleri\/","title":{"rendered":"Deney D\u00fczenleri ve \u0130statistik Analizleri"},"content":{"rendered":"<p>Bu kitap, \u0130statistik b\u00f6l\u00fcmlerinin yan\u0131 s\u0131ra, End\u00fcstri M\u00fchendisli\u011fi, Ziraat Fak\u00fcltesi \u00f6\u011frencilerine ve bir\u00e7ok ara\u015ft\u0131rmac\u0131ya yararl\u0131 olaca\u011f\u0131na inan\u0131larak haz\u0131rlanm\u0131\u015ft\u0131r. Deney D\u00fczeninde kullan\u0131lan teknikler, \u00fcretim alan\u0131nda, deneyin planlanmas\u0131 a\u015famas\u0131nda kullan\u0131lmaktad\u0131r.Ara\u015ft\u0131rmac\u0131, deneyi d\u00fczenlemek, veriyi toplamak, analiz etmek veya yorumlamak gibi her a\u015famada baz\u0131 kaynaklara ihtiya\u00e7 duyar. Bu alanda yaz\u0131lm\u0131\u015f birka\u00e7 kitab\u0131n d\u0131\u015f\u0131nda \u00fclkemizde T\u00fcrk\u00e7e kaynak say\u0131s\u0131 k\u0131s\u0131tl\u0131d\u0131r. Kitab\u0131n haz\u0131rlanmas\u0131nda, bu kitaplar ve makalelerdeki bilgileri elimizden geldi\u011fince s\u00fczge\u00e7ten ge\u00e7irerek \u00f6\u011frenciler ve ara\u015ft\u0131rmac\u0131lar i\u00e7in kullan\u0131l\u0131r hale getirmeye \u00e7al\u0131\u015ft\u0131k.Kimi yazarlar i\u00e7in terminoloji konusu \u00f6nemlidir. B\u00fct\u00fcn terimlere \u00f6z T\u00fcrk\u00e7e kar\u015f\u0131l\u0131k bulmak isterdik. Ancak, \u00f6\u011frencinin zorlanmadan anlayaca\u011f\u0131 terimleri ve s\u00f6zc\u00fckleri kullanmaya \u00e7al\u0131\u015f\u0131rken uluslar aras\u0131 literat\u00fcr\u00fc de g\u00f6zden uzak tutmak istemedik.Konular\u0131n zorlanmadan yeterince \u00f6\u011frenilmesi i\u00e7in teorik alt yap\u0131n\u0131n yan\u0131nda, her konuyu a\u00e7\u0131klamak i\u00e7in \u00e7\u00f6z\u00fclm\u00fc\u015f \u00f6rneklere ek olarak, her b\u00f6l\u00fcmden sonra \u00e7\u00f6z\u00fcm\u00fc \u00f6\u011frenciye b\u0131rak\u0131lan al\u0131\u015ft\u0131rmalar konulmu\u015ftur. <\/p>\n","protected":false},"excerpt":{"rendered":"<p>Bu kitap, \u0130statistik b\u00f6l\u00fcmlerinin yan\u0131 s\u0131ra, End\u00fcstri M\u00fchendisli\u011fi, Ziraat Fak\u00fcltesi \u00f6\u011frencilerine ve bir\u00e7ok ara\u015ft\u0131rmac\u0131ya yararl\u0131 olaca\u011f\u0131na inan\u0131larak haz\u0131rlanm\u0131\u015ft\u0131r. Deney D\u00fczeninde kullan\u0131lan teknikler, \u00fcretim alan\u0131nda, deneyin planlanmas\u0131<span class=\"excerpt-hellip\"> [\u2026]<\/span><\/p>\n","protected":false},"featured_media":0,"template":"","meta":{"_monsterinsights_skip_tracking":false,"_monsterinsights_sitenote_active":false,"_monsterinsights_sitenote_note":"","_monsterinsights_sitenote_category":0},"product_brand":[],"product_cat":[12573,12566],"product_tag":[],"class_list":{"0":"post-696210","1":"product","2":"type-product","3":"status-publish","5":"product_cat-akademik-kitaplar","6":"product_cat-egitim","7":"pa_cilt-ciltsiz","8":"pa_tur-kitap","9":"pa_yayinevi-gazi-kitabevi","10":"pa_yazar-semra-oral-erbas","12":"first","13":"instock","14":"sale","15":"shipping-taxable","16":"purchasable","17":"product-type-simple"},"_links":{"self":[{"href":"https:\/\/roveyayinevi.com.tr\/index.php\/wp-json\/wp\/v2\/product\/696210","targetHints":{"allow":["GET"]}}],"collection":[{"href":"https:\/\/roveyayinevi.com.tr\/index.php\/wp-json\/wp\/v2\/product"}],"about":[{"href":"https:\/\/roveyayinevi.com.tr\/index.php\/wp-json\/wp\/v2\/types\/product"}],"wp:attachment":[{"href":"https:\/\/roveyayinevi.com.tr\/index.php\/wp-json\/wp\/v2\/media?parent=696210"}],"wp:term":[{"taxonomy":"product_brand","embeddable":true,"href":"https:\/\/roveyayinevi.com.tr\/index.php\/wp-json\/wp\/v2\/product_brand?post=696210"},{"taxonomy":"product_cat","embeddable":true,"href":"https:\/\/roveyayinevi.com.tr\/index.php\/wp-json\/wp\/v2\/product_cat?post=696210"},{"taxonomy":"product_tag","embeddable":true,"href":"https:\/\/roveyayinevi.com.tr\/index.php\/wp-json\/wp\/v2\/product_tag?post=696210"}],"curies":[{"name":"wp","href":"https:\/\/api.w.org\/{rel}","templated":true}]}}