{"id":696209,"date":"2025-08-27T14:33:20","date_gmt":"2025-08-27T11:33:20","guid":{"rendered":"https:\/\/roveyayinevi.com.tr\/index.php\/urun\/dede-korkut-uzerine-yeni-notlar\/"},"modified":"2026-04-16T02:06:14","modified_gmt":"2026-04-15T23:06:14","slug":"dede-korkut-uzerine-yeni-notlar","status":"publish","type":"product","link":"https:\/\/roveyayinevi.com.tr\/index.php\/urun\/dede-korkut-uzerine-yeni-notlar\/","title":{"rendered":"Dede Korkut \u00dczerine Yeni Notlar"},"content":{"rendered":"<p>Metniyle ve i\u00e7indeki boylar\u0131yla O\u011fuzlar&#8217;\u0131n dil, tarih, k\u00fclt\u00fcr, ya\u015fam \u015fekli vb. bir\u00e7ok konuyu belgeleyen bir eser; ger\u00e7ek ile destan aras\u0131nda bir metin.Dede Korkut, her ge\u00e7en g\u00fcn yeni ara\u015ft\u0131rmalara tespitlere knu oluyor, kaynakl\u0131k ediyor, \u0131\u015f\u0131k tutuyor. Dede Korkut&#8217;un \u00e7\u00f6z\u00fclmemi\u015f bir\u00e7ok problemi bulunuyor; ama T\u00fcrk dili ve tarihi a\u00e7\u0131s\u0131ndan \u00e7ok \u00f6nemli yap\u0131tlar\u0131 ve \u00f6rnekleri i\u00e7eriyor.Elinizdeki kitap, \u015fimdiye kadar Dede Korkut&#8217;ta ge\u00e7en ve hakk\u0131nda yaz\u0131 yaz\u0131lm\u0131\u015f veya yaz\u0131lmam\u0131\u015f olan \u00e7e\u015fitli filolojik problemi ayd\u0131nlatmak amac\u0131yla yap\u0131lan yeni tespitler veya teklifler sunan notlar i\u00e7eriyor. \ufffcTan\u0131t\u0131m Metni<\/p>\n","protected":false},"excerpt":{"rendered":"<p>Metniyle ve i\u00e7indeki boylar\u0131yla O\u011fuzlar&#8217;\u0131n dil, tarih, k\u00fclt\u00fcr, ya\u015fam \u015fekli vb. bir\u00e7ok konuyu belgeleyen bir eser; ger\u00e7ek ile destan aras\u0131nda bir metin.Dede Korkut, her ge\u00e7en g\u00fcn<span class=\"excerpt-hellip\"> [\u2026]<\/span><\/p>\n","protected":false},"featured_media":0,"template":"","meta":{"_monsterinsights_skip_tracking":false,"_monsterinsights_sitenote_active":false,"_monsterinsights_sitenote_note":"","_monsterinsights_sitenote_category":0},"product_brand":[],"product_cat":[12573,12566],"product_tag":[],"class_list":{"0":"post-696209","1":"product","2":"type-product","3":"status-publish","5":"product_cat-akademik-kitaplar","6":"product_cat-egitim","7":"pa_cilt-ciltsiz","8":"pa_tur-kitap","9":"pa_yayinevi-gazi-kitabevi","10":"pa_yazar-sadettin-ozcelik","12":"first","13":"instock","14":"sale","15":"shipping-taxable","16":"purchasable","17":"product-type-simple"},"_links":{"self":[{"href":"https:\/\/roveyayinevi.com.tr\/index.php\/wp-json\/wp\/v2\/product\/696209","targetHints":{"allow":["GET"]}}],"collection":[{"href":"https:\/\/roveyayinevi.com.tr\/index.php\/wp-json\/wp\/v2\/product"}],"about":[{"href":"https:\/\/roveyayinevi.com.tr\/index.php\/wp-json\/wp\/v2\/types\/product"}],"wp:attachment":[{"href":"https:\/\/roveyayinevi.com.tr\/index.php\/wp-json\/wp\/v2\/media?parent=696209"}],"wp:term":[{"taxonomy":"product_brand","embeddable":true,"href":"https:\/\/roveyayinevi.com.tr\/index.php\/wp-json\/wp\/v2\/product_brand?post=696209"},{"taxonomy":"product_cat","embeddable":true,"href":"https:\/\/roveyayinevi.com.tr\/index.php\/wp-json\/wp\/v2\/product_cat?post=696209"},{"taxonomy":"product_tag","embeddable":true,"href":"https:\/\/roveyayinevi.com.tr\/index.php\/wp-json\/wp\/v2\/product_tag?post=696209"}],"curies":[{"name":"wp","href":"https:\/\/api.w.org\/{rel}","templated":true}]}}