{"id":696203,"date":"2025-08-27T14:33:18","date_gmt":"2025-08-27T11:33:18","guid":{"rendered":"https:\/\/roveyayinevi.com.tr\/index.php\/urun\/balik-corbasi\/"},"modified":"2026-04-16T02:06:14","modified_gmt":"2026-04-15T23:06:14","slug":"balik-corbasi","status":"publish","type":"product","link":"https:\/\/roveyayinevi.com.tr\/index.php\/urun\/balik-corbasi\/","title":{"rendered":"Bal\u0131k \u00c7orbas\u0131"},"content":{"rendered":"<p>D\u00fc\u015f\u00fcnen Adam ve Yazan Kad\u0131n, bal\u0131k \u00e7orbas\u0131 tenceresinin ba\u015f\u0131nda bulu\u015fan iki s\u0131k\u0131 dost\u2026 Adam; masas\u0131nda ya da bah\u00e7esinde oturup d\u00fc\u015f\u00fcnmekten ho\u015flan\u0131yor, d\u00fczenli olmay\u0131 tercih ediyor, ine\u011fiyle ya\u015f\u0131yor ve pudinge bay\u0131l\u0131yor. Kad\u0131n; kitap yaz\u0131p onlar\u0131 ciltlemekten keyif al\u0131yor, evinin da\u011f\u0131n\u0131k olmas\u0131n\u0131 tercih ediyor, u\u00e7an fareleri ve kedileri ile ya\u015f\u0131yor, bal\u0131k \u00e7orbas\u0131na hay\u0131r diyemiyor. S\u0131k s\u0131k bir araya gelip bal\u0131k \u00e7orbas\u0131 i\u00e7erken u\u00e7an d\u00fc\u015f\u00fcncelere ka\u015f\u0131k sall\u0131yorlar. Bir g\u00fcn d\u00fc\u015f\u00fcnceler havada kanat \u00e7\u0131rparken bir d\u00fc\u015f\u00fcnce ak\u0131llar\u0131na konuveriyor. Acaba bu d\u00fc\u015f\u00fcncenin ard\u0131ndan ortaya \u00e7\u0131kan iki ilgin\u00e7 \u00e7ocu\u011fun s\u0131rr\u0131 ne? Bu gizem nas\u0131l \u00e7\u00f6z\u00fclecek? Usta yazar Le Guin\u2019in yaratt\u0131\u011f\u0131, dostluk ve ho\u015fg\u00f6r\u00fcyle renklenen bu b\u00fcy\u00fcl\u00fc d\u00fcnyada ke\u015ffe \u00e7\u0131kmaya haz\u0131r m\u0131s\u0131n\u0131z G\u00fcl\u00fcmseyerek b\u00fcy\u00fcmeniz dile\u011fiyle\u2026<\/p>\n","protected":false},"excerpt":{"rendered":"<p>D\u00fc\u015f\u00fcnen Adam ve Yazan Kad\u0131n, bal\u0131k \u00e7orbas\u0131 tenceresinin ba\u015f\u0131nda bulu\u015fan iki s\u0131k\u0131 dost\u2026 Adam; masas\u0131nda ya da bah\u00e7esinde oturup d\u00fc\u015f\u00fcnmekten ho\u015flan\u0131yor, d\u00fczenli olmay\u0131 tercih ediyor, ine\u011fiyle<span class=\"excerpt-hellip\"> [\u2026]<\/span><\/p>\n","protected":false},"featured_media":0,"template":"","meta":{"_monsterinsights_skip_tracking":false,"_monsterinsights_sitenote_active":false,"_monsterinsights_sitenote_note":"","_monsterinsights_sitenote_category":0},"product_brand":[],"product_cat":[12274,12284],"product_tag":[],"class_list":{"0":"post-696203","1":"product","2":"type-product","3":"status-publish","5":"product_cat-cocuk-ve-genclik-kitaplari","6":"product_cat-hikayeler","7":"pa_cilt-ciltsiz","8":"pa_tur-kitap","9":"pa_yayinevi-elma-cocuk","10":"pa_yazar-ursula-k-le-guin","12":"first","13":"instock","14":"sale","15":"shipping-taxable","16":"purchasable","17":"product-type-simple"},"_links":{"self":[{"href":"https:\/\/roveyayinevi.com.tr\/index.php\/wp-json\/wp\/v2\/product\/696203","targetHints":{"allow":["GET"]}}],"collection":[{"href":"https:\/\/roveyayinevi.com.tr\/index.php\/wp-json\/wp\/v2\/product"}],"about":[{"href":"https:\/\/roveyayinevi.com.tr\/index.php\/wp-json\/wp\/v2\/types\/product"}],"wp:attachment":[{"href":"https:\/\/roveyayinevi.com.tr\/index.php\/wp-json\/wp\/v2\/media?parent=696203"}],"wp:term":[{"taxonomy":"product_brand","embeddable":true,"href":"https:\/\/roveyayinevi.com.tr\/index.php\/wp-json\/wp\/v2\/product_brand?post=696203"},{"taxonomy":"product_cat","embeddable":true,"href":"https:\/\/roveyayinevi.com.tr\/index.php\/wp-json\/wp\/v2\/product_cat?post=696203"},{"taxonomy":"product_tag","embeddable":true,"href":"https:\/\/roveyayinevi.com.tr\/index.php\/wp-json\/wp\/v2\/product_tag?post=696203"}],"curies":[{"name":"wp","href":"https:\/\/api.w.org\/{rel}","templated":true}]}}