{"id":696199,"date":"2025-08-27T14:33:17","date_gmt":"2025-08-27T11:33:17","guid":{"rendered":"https:\/\/roveyayinevi.com.tr\/index.php\/urun\/pic\/"},"modified":"2026-04-16T02:06:14","modified_gmt":"2026-04-15T23:06:14","slug":"pic","status":"publish","type":"product","link":"https:\/\/roveyayinevi.com.tr\/index.php\/urun\/pic\/","title":{"rendered":"Pi\u00e7"},"content":{"rendered":"<p>T\u00fcrk edebiyat\u0131n\u0131n gen\u00e7 ve Bat\u0131l\u0131 sesi Hakan G\u00fcnday\u2019dan sars\u0131c\u0131 bir roman\u2026   Bu \u00e7a\u011f\u0131n zor ve ac\u0131mas\u0131z \u015fartlar\u0131ndan kendi \u015fartlar\u0131n\u0131 yaratan d\u00f6rt gen\u00e7&#8230; Onlar\u0131n farkl\u0131, heyecanl\u0131, d\u00fczensiz d\u00fcnyas\u0131. D\u00fczenin d\u0131\u015f\u0131nda, kar\u015f\u0131s\u0131nda kurmu\u015flar hayatlar\u0131n\u0131. Onlar, yazar\u0131n deyimiyle, birer pi\u00e7. Babalar\u0131 belli olmad\u0131\u011f\u0131 i\u00e7in de\u011fil, babalar\u0131n\u0131n ya\u015fam \u015fartlar\u0131n\u0131 reddettikleri, babalar\u0131na ihanet ettikleri i\u00e7in.   Hakan G\u00fcnday, T\u00fcrk edebiyat\u0131n\u0131n gen\u00e7 ve Bat\u0131l\u0131 sesi oldu\u011funu bu yeni roman\u0131nda da bir kez daha g\u00f6zler \u00f6n\u00fcne seriyor. Pi\u00e7, onun XXI. y\u00fczy\u0131l gen\u00e7lerinin d\u00fcnyas\u0131na i\u00e7erden ve zaman zaman d\u0131\u015fardan bak\u0131\u015f\u0131n\u0131n roman\u0131. Ger\u00e7ek\u00e7i ve ak\u0131c\u0131 diyaloglarla g\u00fc\u00e7lendirdi\u011fi anlat\u0131m\u0131nda ki\u015filikleri de detayl\u0131 ve \u00f6zenli bir bi\u00e7imde ortaya koyuyor G\u00fcnday. Roman\u0131 okurken, pi\u00e7lerle dost oluyorsunuz, tabi\u00ee kimi zaman da d\u00fc\u015fman. De\u011fi\u015fik ve \u00e7arp\u0131c\u0131 bir ritmi var bu roman\u0131n. Bazen bu d\u00f6rt gencin maceras\u0131na kapt\u0131r\u0131yorsunuz kendinizi, bazen de aniden olaylar\u0131n d\u0131\u015f\u0131nda buluyorsunuz. \u00c7\u00fcnk\u00fc Hakan G\u00fcnday olay \u00f6rg\u00fcs\u00fcn\u00fc zaman zaman pi\u00e7lerin tan\u0131mlamalar\u0131yla kesmeyi tercih etmi\u015f. Onlar\u0131n neyi neden yapt\u0131\u011f\u0131n\u0131 a\u00e7\u0131kl\u0131yor bize. Kahramanlar\u0131n\u0131 ait olduklar\u0131 toplulu\u011fun \u00f6zellikleriyle ortaya koyuyor.   Pi\u00e7, gen\u00e7 ve g\u00fc\u00e7l\u00fc bir roman. T\u00fcrk edebiyat\u0131na Bat\u0131l\u0131 bir ses getiren bu yazar\u0131 ve onun son kitab\u0131n\u0131 g\u00f6z ard\u0131 etmemenizi \u00f6neririz. <\/p>\n","protected":false},"excerpt":{"rendered":"<p>T\u00fcrk edebiyat\u0131n\u0131n gen\u00e7 ve Bat\u0131l\u0131 sesi Hakan G\u00fcnday\u2019dan sars\u0131c\u0131 bir roman\u2026 Bu \u00e7a\u011f\u0131n zor ve ac\u0131mas\u0131z \u015fartlar\u0131ndan kendi \u015fartlar\u0131n\u0131 yaratan d\u00f6rt gen\u00e7&#8230; Onlar\u0131n farkl\u0131, heyecanl\u0131, d\u00fczensiz<span class=\"excerpt-hellip\"> [\u2026]<\/span><\/p>\n","protected":false},"featured_media":0,"template":"","meta":{"_monsterinsights_skip_tracking":false,"_monsterinsights_sitenote_active":false,"_monsterinsights_sitenote_note":"","_monsterinsights_sitenote_category":0},"product_brand":[],"product_cat":[13835],"product_tag":[],"class_list":{"0":"post-696199","1":"product","2":"type-product","3":"status-publish","5":"product_cat-cok-satanlar","6":"pa_cilt-ciltsiz","7":"pa_tur-kitap","8":"pa_yayinevi-dogan-kitap","9":"pa_yazar-hakan-gunday","11":"first","12":"instock","13":"sale","14":"shipping-taxable","15":"purchasable","16":"product-type-simple"},"_links":{"self":[{"href":"https:\/\/roveyayinevi.com.tr\/index.php\/wp-json\/wp\/v2\/product\/696199","targetHints":{"allow":["GET"]}}],"collection":[{"href":"https:\/\/roveyayinevi.com.tr\/index.php\/wp-json\/wp\/v2\/product"}],"about":[{"href":"https:\/\/roveyayinevi.com.tr\/index.php\/wp-json\/wp\/v2\/types\/product"}],"wp:attachment":[{"href":"https:\/\/roveyayinevi.com.tr\/index.php\/wp-json\/wp\/v2\/media?parent=696199"}],"wp:term":[{"taxonomy":"product_brand","embeddable":true,"href":"https:\/\/roveyayinevi.com.tr\/index.php\/wp-json\/wp\/v2\/product_brand?post=696199"},{"taxonomy":"product_cat","embeddable":true,"href":"https:\/\/roveyayinevi.com.tr\/index.php\/wp-json\/wp\/v2\/product_cat?post=696199"},{"taxonomy":"product_tag","embeddable":true,"href":"https:\/\/roveyayinevi.com.tr\/index.php\/wp-json\/wp\/v2\/product_tag?post=696199"}],"curies":[{"name":"wp","href":"https:\/\/api.w.org\/{rel}","templated":true}]}}