{"id":696198,"date":"2025-08-27T14:33:17","date_gmt":"2025-08-27T11:33:17","guid":{"rendered":"https:\/\/roveyayinevi.com.tr\/index.php\/urun\/pedro-paramo\/"},"modified":"2026-04-16T02:06:14","modified_gmt":"2026-04-15T23:06:14","slug":"pedro-paramo","status":"publish","type":"product","link":"https:\/\/roveyayinevi.com.tr\/index.php\/urun\/pedro-paramo\/","title":{"rendered":"Pedro Paramo"},"content":{"rendered":"<p>\u0130spanyolcan\u0131n Don Quijote\u2019den sonraki en b\u00fcy\u00fck ba\u015fyap\u0131t\u0131! Her yolu kullanarak istedi\u011fi her \u015feyi elde eden toprak a\u011fas\u0131, k\u00f6t\u00fcl\u00fc\u011f\u00fcn ta kendisi Pedro P\u00e1ramo&#8230; \u00d6l\u00fcm d\u00f6\u015fe\u011findeki annesinin -Marquez\u2019in Macondo\u2019suna esin kayna\u011f\u0131 olacak- hayaletli k\u00f6y Comala\u2019ya babas\u0131n\u0131 aramaya g\u00f6nderdi\u011fi Juan Preciado&#8230; Pedro P\u00e1ramo\u2019nun \u00e7ocukluk a\u015fk\u0131, b\u00fct\u00fcn \u00f6mr\u00fcnce tutkuyla sevdi\u011fi Susanna San Juan&#8230; Ve hem Meksika edebiyat\u0131n\u0131n hem de b\u00fct\u00fcn \u0130spanyolca edebiyat\u0131n temel ta\u015flar\u0131ndan Juan Rulfo\u2019nun tek roman\u0131: Pedro P\u00e1ramo.<\/p>\n","protected":false},"excerpt":{"rendered":"<p>\u0130spanyolcan\u0131n Don Quijote\u2019den sonraki en b\u00fcy\u00fck ba\u015fyap\u0131t\u0131! Her yolu kullanarak istedi\u011fi her \u015feyi elde eden toprak a\u011fas\u0131, k\u00f6t\u00fcl\u00fc\u011f\u00fcn ta kendisi Pedro P\u00e1ramo&#8230; \u00d6l\u00fcm d\u00f6\u015fe\u011findeki annesinin -Marquez\u2019in<span class=\"excerpt-hellip\"> [\u2026]<\/span><\/p>\n","protected":false},"featured_media":0,"template":"","meta":{"_monsterinsights_skip_tracking":false,"_monsterinsights_sitenote_active":false,"_monsterinsights_sitenote_note":"","_monsterinsights_sitenote_category":0},"product_brand":[],"product_cat":[12291,13113],"product_tag":[],"class_list":{"0":"post-696198","1":"product","2":"type-product","3":"status-publish","5":"product_cat-edebiyat","6":"product_cat-ispanyol-edebiyati","7":"pa_cilt-ciltsiz","8":"pa_tur-kitap","9":"pa_yayinevi-dogan-kitap","10":"pa_yazar-juan-rulfo","12":"first","13":"instock","14":"sale","15":"shipping-taxable","16":"purchasable","17":"product-type-simple"},"_links":{"self":[{"href":"https:\/\/roveyayinevi.com.tr\/index.php\/wp-json\/wp\/v2\/product\/696198","targetHints":{"allow":["GET"]}}],"collection":[{"href":"https:\/\/roveyayinevi.com.tr\/index.php\/wp-json\/wp\/v2\/product"}],"about":[{"href":"https:\/\/roveyayinevi.com.tr\/index.php\/wp-json\/wp\/v2\/types\/product"}],"wp:attachment":[{"href":"https:\/\/roveyayinevi.com.tr\/index.php\/wp-json\/wp\/v2\/media?parent=696198"}],"wp:term":[{"taxonomy":"product_brand","embeddable":true,"href":"https:\/\/roveyayinevi.com.tr\/index.php\/wp-json\/wp\/v2\/product_brand?post=696198"},{"taxonomy":"product_cat","embeddable":true,"href":"https:\/\/roveyayinevi.com.tr\/index.php\/wp-json\/wp\/v2\/product_cat?post=696198"},{"taxonomy":"product_tag","embeddable":true,"href":"https:\/\/roveyayinevi.com.tr\/index.php\/wp-json\/wp\/v2\/product_tag?post=696198"}],"curies":[{"name":"wp","href":"https:\/\/api.w.org\/{rel}","templated":true}]}}