{"id":696193,"date":"2025-08-27T14:33:16","date_gmt":"2025-08-27T11:33:16","guid":{"rendered":"https:\/\/roveyayinevi.com.tr\/index.php\/urun\/aciklamali-ve-notlu-cozumlu-genel-muhasebe-problemleri\/"},"modified":"2026-04-16T02:06:14","modified_gmt":"2026-04-15T23:06:14","slug":"aciklamali-ve-notlu-cozumlu-genel-muhasebe-problemleri","status":"publish","type":"product","link":"https:\/\/roveyayinevi.com.tr\/index.php\/urun\/aciklamali-ve-notlu-cozumlu-genel-muhasebe-problemleri\/","title":{"rendered":"A\u00e7\u0131klamal\u0131 ve Notlu \u00c7\u00f6z\u00fcml\u00fc Genel Muhasebe Problemleri"},"content":{"rendered":"<p>A\u00e7\u0131klamal\u0131 ve Notlu \u00c7\u00f6z\u00fcml\u00fc GenelMuhasebe Problemleri<\/p>\n","protected":false},"excerpt":{"rendered":"<p>A\u00e7\u0131klamal\u0131 ve Notlu \u00c7\u00f6z\u00fcml\u00fc GenelMuhasebe Problemleri<\/p>\n","protected":false},"featured_media":0,"template":"","meta":{"_monsterinsights_skip_tracking":false,"_monsterinsights_sitenote_active":false,"_monsterinsights_sitenote_note":"","_monsterinsights_sitenote_category":0},"product_brand":[],"product_cat":[12573,12566],"product_tag":[],"class_list":{"0":"post-696193","1":"product","2":"type-product","3":"status-publish","5":"product_cat-akademik-kitaplar","6":"product_cat-egitim","7":"pa_cilt-ciltsiz","8":"pa_tur-kitap","9":"pa_yayinevi-gazi-kitabevi","10":"pa_yazar-orhan-sevilengul","12":"first","13":"instock","14":"sale","15":"shipping-taxable","16":"purchasable","17":"product-type-simple"},"_links":{"self":[{"href":"https:\/\/roveyayinevi.com.tr\/index.php\/wp-json\/wp\/v2\/product\/696193","targetHints":{"allow":["GET"]}}],"collection":[{"href":"https:\/\/roveyayinevi.com.tr\/index.php\/wp-json\/wp\/v2\/product"}],"about":[{"href":"https:\/\/roveyayinevi.com.tr\/index.php\/wp-json\/wp\/v2\/types\/product"}],"wp:attachment":[{"href":"https:\/\/roveyayinevi.com.tr\/index.php\/wp-json\/wp\/v2\/media?parent=696193"}],"wp:term":[{"taxonomy":"product_brand","embeddable":true,"href":"https:\/\/roveyayinevi.com.tr\/index.php\/wp-json\/wp\/v2\/product_brand?post=696193"},{"taxonomy":"product_cat","embeddable":true,"href":"https:\/\/roveyayinevi.com.tr\/index.php\/wp-json\/wp\/v2\/product_cat?post=696193"},{"taxonomy":"product_tag","embeddable":true,"href":"https:\/\/roveyayinevi.com.tr\/index.php\/wp-json\/wp\/v2\/product_tag?post=696193"}],"curies":[{"name":"wp","href":"https:\/\/api.w.org\/{rel}","templated":true}]}}