{"id":696191,"date":"2025-08-27T14:33:15","date_gmt":"2025-08-27T11:33:15","guid":{"rendered":"https:\/\/roveyayinevi.com.tr\/index.php\/urun\/bilgisayarli-kalip-tasarimi\/"},"modified":"2026-04-16T02:06:14","modified_gmt":"2026-04-15T23:06:14","slug":"bilgisayarli-kalip-tasarimi","status":"publish","type":"product","link":"https:\/\/roveyayinevi.com.tr\/index.php\/urun\/bilgisayarli-kalip-tasarimi\/","title":{"rendered":"Bilgisayarl\u0131 Kal\u0131p Tasar\u0131m\u0131"},"content":{"rendered":"<p>Konfeksiyon sekt\u00f6r\u00fcnde kal\u0131p, model tasar\u0131m\u0131 ve \u00fcretiminde kullan\u0131lan CAD\/CAM sistemlerinin tarihi 1970&#8217;li y\u0131llar\u0131n ba\u015f\u0131na kadar uzanmaktad\u0131r. Bu sistemler ba\u015flang\u0131\u00e7ta birbirinden ayr\u0131 olarak kal\u0131p \u00e7\u0131kartmak ve serilerini haz\u0131rlamak amac\u0131yla ya da bilgisayar destekli pastal haz\u0131rlamak amac\u0131yla kullan\u0131lm\u0131\u015ft\u0131r. 1982 y\u0131l\u0131nda sadece iki \u00fcretici firman\u0131n kullan\u0131ma sundu\u011fu 400 adet sistem bulunurken, 1989 y\u0131l\u0131na gelindi\u011finde, bu sekt\u00f6r\u00fcn yaratt\u0131\u011f\u0131 muazzam pazar\u0131n fark\u0131na varan 20 \u00fcreticinin haz\u0131rlad\u0131\u011f\u0131 binlerce yaz\u0131l\u0131mdan ve kullan\u0131c\u0131dan bahsedilmektedir. 1993 y\u0131l\u0131ndan sonra, o d\u00f6neme kadar birbirinden ayr\u0131 faaliyet g\u00f6steren sistemlerin CIM merkez anlay\u0131\u015f\u0131 ile birle\u015ftirilmeleri ile pek \u00e7ok \u00fcretici firma kal\u0131p ve pastal bilgilerini bilgisayardan bilgisayara g\u00f6ndererek \u00fcretim h\u0131zlar\u0131nda \u00f6nemli art\u0131\u015flar elde etmi\u015ftir. \u0130lk CAD\/CAM sistemlerinin \u00e7ok pahal\u0131 yat\u0131r\u0131mlar gerektirmesi nedeniyle bu sistemler sadece b\u00fcy\u00fck firmalarda kullan\u0131lm\u0131\u015f ancak artan rekabet, azalan teknoloji maliyetleri, sistemin kal\u0131p elde etme h\u0131z\u0131nda sa\u011flad\u0131\u011f\u0131 art\u0131\u015f, kal\u0131plarda ortaya koydu\u011fu netlik ve kullan\u0131m kolayl\u0131\u011f\u0131 sayesinde g\u00fcn\u00fcm\u00fczde \u00dc\u00e7\u00fcnc\u00fc Jenerasyon CAD\/CAM sistemleri pek \u00e7ok kullan\u0131c\u0131 taraf\u0131ndan benimsenmi\u015ftir.Bu kitap \u00fczerinde birka\u00e7 y\u0131l \u00e7al\u0131\u015ft\u0131ktan sonra, en be\u011fendi\u011fim haline eri\u015fmesi zaman ald\u0131\u011f\u0131ndan, bu s\u00fcrede MODARIS KALIP HAZIRLAMA program\u0131nda versiyon d\u00f6rtten versiyon be\u015fe ge\u00e7ilmi\u015f ve piyasalara sunulmu\u015ftur. Bu kullan\u0131c\u0131lara da haks\u0131zl\u0131k yapmamak i\u00e7in farkl\u0131l\u0131klar\u0131 parantez i\u00e7erisinde (Ver.4&#8217;de) belirtmek uygun g\u00f6r\u00fclm\u00fc\u015ft\u00fcr.Bir e\u011fitimci olarak, bu kitab\u0131n haz\u0131rlanmas\u0131nda en temel hareket noktam e\u011fitim s\u00fcresi sonunda toplumda yer bulacak olan \u00e7ocuklar\u0131m\u0131z\u0131n pratikte istenen niteliklerle donanmas\u0131n\u0131 sa\u011flamak olmu\u015ftur. <\/p>\n","protected":false},"excerpt":{"rendered":"<p>Konfeksiyon sekt\u00f6r\u00fcnde kal\u0131p, model tasar\u0131m\u0131 ve \u00fcretiminde kullan\u0131lan CAD\/CAM sistemlerinin tarihi 1970&#8217;li y\u0131llar\u0131n ba\u015f\u0131na kadar uzanmaktad\u0131r. Bu sistemler ba\u015flang\u0131\u00e7ta birbirinden ayr\u0131 olarak kal\u0131p \u00e7\u0131kartmak ve serilerini<span class=\"excerpt-hellip\"> [\u2026]<\/span><\/p>\n","protected":false},"featured_media":0,"template":"","meta":{"_monsterinsights_skip_tracking":false,"_monsterinsights_sitenote_active":false,"_monsterinsights_sitenote_note":"","_monsterinsights_sitenote_category":0},"product_brand":[],"product_cat":[12573,12566],"product_tag":[],"class_list":{"0":"post-696191","1":"product","2":"type-product","3":"status-publish","5":"product_cat-akademik-kitaplar","6":"product_cat-egitim","7":"pa_cilt-ciltsiz","8":"pa_tur-kitap","9":"pa_yayinevi-gazi-kitabevi","10":"pa_yazar-banu-hatice-gurcum","12":"first","13":"instock","14":"sale","15":"shipping-taxable","16":"purchasable","17":"product-type-simple"},"_links":{"self":[{"href":"https:\/\/roveyayinevi.com.tr\/index.php\/wp-json\/wp\/v2\/product\/696191","targetHints":{"allow":["GET"]}}],"collection":[{"href":"https:\/\/roveyayinevi.com.tr\/index.php\/wp-json\/wp\/v2\/product"}],"about":[{"href":"https:\/\/roveyayinevi.com.tr\/index.php\/wp-json\/wp\/v2\/types\/product"}],"wp:attachment":[{"href":"https:\/\/roveyayinevi.com.tr\/index.php\/wp-json\/wp\/v2\/media?parent=696191"}],"wp:term":[{"taxonomy":"product_brand","embeddable":true,"href":"https:\/\/roveyayinevi.com.tr\/index.php\/wp-json\/wp\/v2\/product_brand?post=696191"},{"taxonomy":"product_cat","embeddable":true,"href":"https:\/\/roveyayinevi.com.tr\/index.php\/wp-json\/wp\/v2\/product_cat?post=696191"},{"taxonomy":"product_tag","embeddable":true,"href":"https:\/\/roveyayinevi.com.tr\/index.php\/wp-json\/wp\/v2\/product_tag?post=696191"}],"curies":[{"name":"wp","href":"https:\/\/api.w.org\/{rel}","templated":true}]}}