{"id":696190,"date":"2025-08-27T14:33:15","date_gmt":"2025-08-27T11:33:15","guid":{"rendered":"https:\/\/roveyayinevi.com.tr\/index.php\/urun\/cicekname\/"},"modified":"2026-04-16T02:06:14","modified_gmt":"2026-04-15T23:06:14","slug":"cicekname","status":"publish","type":"product","link":"https:\/\/roveyayinevi.com.tr\/index.php\/urun\/cicekname\/","title":{"rendered":"\u00c7i\u00e7ekname"},"content":{"rendered":"<p>Frederick Warne, The Meaning Of Flowers adl\u0131 kitab\u0131nda \u015funlar\u0131 dile getiriyor : &#8220;\u00c7i\u00e7ekler ve a\u011fa\u00e7lar klasik zamanlardan beri sembolik bir anlama sahip olmu\u015ftur. \u00c7i\u00e7eklerin bir dil formu olabilece\u011fi fikrini \u0130ngiltere&#8217;ye tan\u0131tan ilk ki\u015fi ise Lady Mary Woertley Montagne olur. 1716 y\u0131l\u0131nda T\u00fcrkiye&#8217;ye yapt\u0131\u011f\u0131 ziyaret s\u0131ras\u0131nda \u0130ngiltere&#8217;ye yazd\u0131\u011f\u0131 bir mektupta, &#8216;Parmaklar\u0131n\u0131zda m\u00fcrekkep lekeleri olmadan da su\u00e7lama ya da tutku, dostulk veya nezaket, hatta haber mektuplar\u0131 g\u00f6ndermek m\u00fcmk\u00fcn olabilir&#8217; der. <\/p>\n","protected":false},"excerpt":{"rendered":"<p>Frederick Warne, The Meaning Of Flowers adl\u0131 kitab\u0131nda \u015funlar\u0131 dile getiriyor : &#8220;\u00c7i\u00e7ekler ve a\u011fa\u00e7lar klasik zamanlardan beri sembolik bir anlama sahip olmu\u015ftur. \u00c7i\u00e7eklerin bir dil<span class=\"excerpt-hellip\"> [\u2026]<\/span><\/p>\n","protected":false},"featured_media":0,"template":"","meta":{"_monsterinsights_skip_tracking":false,"_monsterinsights_sitenote_active":false,"_monsterinsights_sitenote_note":"","_monsterinsights_sitenote_category":0},"product_brand":[],"product_cat":[12573,12566],"product_tag":[],"class_list":{"0":"post-696190","1":"product","2":"type-product","3":"status-publish","5":"product_cat-akademik-kitaplar","6":"product_cat-egitim","7":"pa_cilt-ciltsiz","8":"pa_tur-kitap","9":"pa_yayinevi-gazi-kitabevi","10":"pa_yazar-aynur-kocak","12":"first","13":"instock","14":"sale","15":"shipping-taxable","16":"purchasable","17":"product-type-simple"},"_links":{"self":[{"href":"https:\/\/roveyayinevi.com.tr\/index.php\/wp-json\/wp\/v2\/product\/696190","targetHints":{"allow":["GET"]}}],"collection":[{"href":"https:\/\/roveyayinevi.com.tr\/index.php\/wp-json\/wp\/v2\/product"}],"about":[{"href":"https:\/\/roveyayinevi.com.tr\/index.php\/wp-json\/wp\/v2\/types\/product"}],"wp:attachment":[{"href":"https:\/\/roveyayinevi.com.tr\/index.php\/wp-json\/wp\/v2\/media?parent=696190"}],"wp:term":[{"taxonomy":"product_brand","embeddable":true,"href":"https:\/\/roveyayinevi.com.tr\/index.php\/wp-json\/wp\/v2\/product_brand?post=696190"},{"taxonomy":"product_cat","embeddable":true,"href":"https:\/\/roveyayinevi.com.tr\/index.php\/wp-json\/wp\/v2\/product_cat?post=696190"},{"taxonomy":"product_tag","embeddable":true,"href":"https:\/\/roveyayinevi.com.tr\/index.php\/wp-json\/wp\/v2\/product_tag?post=696190"}],"curies":[{"name":"wp","href":"https:\/\/api.w.org\/{rel}","templated":true}]}}