{"id":696188,"date":"2025-08-27T14:33:14","date_gmt":"2025-08-27T11:33:14","guid":{"rendered":"https:\/\/roveyayinevi.com.tr\/index.php\/urun\/cagdas-isletme-teknikleri\/"},"modified":"2026-04-16T02:06:14","modified_gmt":"2026-04-15T23:06:14","slug":"cagdas-isletme-teknikleri","status":"publish","type":"product","link":"https:\/\/roveyayinevi.com.tr\/index.php\/urun\/cagdas-isletme-teknikleri\/","title":{"rendered":"\u00c7a\u011fda\u015f \u0130\u015fletme Teknikleri"},"content":{"rendered":"<p>De\u011fi\u015fim \u00f6nlenmesi ve geriye d\u00f6nd\u00fcr\u00fclmesi m\u00fcmk\u00fcn olmayan bir ak\u0131\u015f i\u00e7inde ger\u00e7ekle\u015fmekte, insanlar\u0131, aileleri, toplumu, siyaseti, ekonomiyi ve i\u015fletmeleri de\u011fi\u015ftirmektedir. Bu de\u011fi\u015fim s\u00fcrecinde organizasyonlar \u00e7evrelerine uyum sa\u011flamak zorundad\u0131rlar. \u00c7evresel \u015fartlardan etkilenen organizasyonlar bu etkileri sadece mekanik yap\u0131 ve mekanik s\u00fcre\u00e7lerinde de\u011fil, insan, davran\u0131\u015f ve bili\u015fsel s\u00fcre\u00e7lerinde de hissetmektedirler. \u00c7evreye uyum sa\u011flamak \u00fczere hareket eden organizasyonlar, y\u00f6netim, pazarlama, \u00fcretim, finansman ve di\u011fer fonksiyonlar\u0131nda de\u011fi\u015fikliklere gitmektedirler.Organizasyonun t\u00fcm sistem ve s\u00fcre\u00e7lerini, davran\u0131\u015fsal ve teknik y\u00f6nden ba\u015far\u0131l\u0131 bir \u015fekilde de\u011fi\u015ftirmek i\u00e7in \u00f6ncelikle bu de\u011fi\u015fimin anla\u015f\u0131lmas\u0131 gerekmektedir. Ancak bu sayede de\u011fi\u015fime uygun cevaplar vermek daha m\u00fcmk\u00fcn hale gelecektir.De\u011fi\u015fimi, \u00e7evreyi, i\u015fletmeyi ve i\u015fletmecinin s\u00fcre\u00e7lerini daha iyi anlamak ve anlatmak i\u00e7in bu kitapta i\u015fletmecili\u011fin g\u00fcncel konular\u0131, \u00e7a\u011fda\u015f y\u00f6netim teknikleri de\u011ferlendirilmeye \u00e7al\u0131\u015f\u0131lm\u0131\u015ft\u0131r. \u0130\u015fletme \u00f6\u011frenimine merakl\u0131, kendi i\u015fletmelerini anlamaya, geli\u015ftirmeye niyetli y\u00f6netici veya sahiplerinin ya da bir organizasyonlarda i\u015fg\u00f6ren olarak katk\u0131 verenlerin genel bir bilgi edinecekleri bir yap\u0131 i\u00e7inde konular i\u015flenmeye gayret edilmi\u015ftir. <\/p>\n","protected":false},"excerpt":{"rendered":"<p>De\u011fi\u015fim \u00f6nlenmesi ve geriye d\u00f6nd\u00fcr\u00fclmesi m\u00fcmk\u00fcn olmayan bir ak\u0131\u015f i\u00e7inde ger\u00e7ekle\u015fmekte, insanlar\u0131, aileleri, toplumu, siyaseti, ekonomiyi ve i\u015fletmeleri de\u011fi\u015ftirmektedir. Bu de\u011fi\u015fim s\u00fcrecinde organizasyonlar \u00e7evrelerine uyum sa\u011flamak<span class=\"excerpt-hellip\"> [\u2026]<\/span><\/p>\n","protected":false},"featured_media":0,"template":"","meta":{"_monsterinsights_skip_tracking":false,"_monsterinsights_sitenote_active":false,"_monsterinsights_sitenote_note":"","_monsterinsights_sitenote_category":0},"product_brand":[],"product_cat":[12573,12566],"product_tag":[],"class_list":{"0":"post-696188","1":"product","2":"type-product","3":"status-publish","5":"product_cat-akademik-kitaplar","6":"product_cat-egitim","7":"pa_cilt-ciltsiz","8":"pa_tur-kitap","9":"pa_yayinevi-gazi-kitabevi","10":"pa_yazar-aykut-goksel","12":"first","13":"instock","14":"sale","15":"shipping-taxable","16":"purchasable","17":"product-type-simple"},"_links":{"self":[{"href":"https:\/\/roveyayinevi.com.tr\/index.php\/wp-json\/wp\/v2\/product\/696188","targetHints":{"allow":["GET"]}}],"collection":[{"href":"https:\/\/roveyayinevi.com.tr\/index.php\/wp-json\/wp\/v2\/product"}],"about":[{"href":"https:\/\/roveyayinevi.com.tr\/index.php\/wp-json\/wp\/v2\/types\/product"}],"wp:attachment":[{"href":"https:\/\/roveyayinevi.com.tr\/index.php\/wp-json\/wp\/v2\/media?parent=696188"}],"wp:term":[{"taxonomy":"product_brand","embeddable":true,"href":"https:\/\/roveyayinevi.com.tr\/index.php\/wp-json\/wp\/v2\/product_brand?post=696188"},{"taxonomy":"product_cat","embeddable":true,"href":"https:\/\/roveyayinevi.com.tr\/index.php\/wp-json\/wp\/v2\/product_cat?post=696188"},{"taxonomy":"product_tag","embeddable":true,"href":"https:\/\/roveyayinevi.com.tr\/index.php\/wp-json\/wp\/v2\/product_tag?post=696188"}],"curies":[{"name":"wp","href":"https:\/\/api.w.org\/{rel}","templated":true}]}}