{"id":696186,"date":"2025-08-27T14:33:14","date_gmt":"2025-08-27T11:33:14","guid":{"rendered":"https:\/\/roveyayinevi.com.tr\/index.php\/urun\/akiskanlar-mekanigi\/"},"modified":"2026-04-16T02:06:14","modified_gmt":"2026-04-15T23:06:14","slug":"akiskanlar-mekanigi","status":"publish","type":"product","link":"https:\/\/roveyayinevi.com.tr\/index.php\/urun\/akiskanlar-mekanigi\/","title":{"rendered":"Ak\u0131\u015fkanlar Mekani\u011fi"},"content":{"rendered":"<p>Bu kitap kimya, makina, in\u015faat, end\u00fcstri, ziraat ve benzeri m\u00fchendislik b\u00f6l\u00fcmlerindeki \u00f6\u011frencilerin gereksinimleri g\u00f6z\u00f6n\u00fcne al\u0131narak haz\u0131rlanm\u0131\u015ft\u0131r. Ak\u0131\u015fkanlar, s\u0131v\u0131lar yan\u0131nda buhar ya da gazlar olmak \u00fczere iki ana grupta toplan\u0131rlar. Burada, yaln\u0131zca s\u0131v\u0131lar\u0131n ak\u0131\u015fkanl\u0131\u011f\u0131 \u00fczerinde durulacakt\u0131r. Petrol\u00fcn \u00e7\u0131kar\u0131lmas\u0131 ve boru hatlar\u0131 ile istenilen yerlere ta\u015f\u0131nmas\u0131 s\u0131ras\u0131ndaki hesaplamalar s\u0131v\u0131lara ili\u015fkin ak\u0131\u015fkanlar mekani\u011fi kullan\u0131larak yap\u0131lmaktad\u0131r. Benzer hesaplamalar rafinerilerde petrol\u00fcn dam\u0131t\u0131larak fraksiyonlar\u0131na ayr\u0131lmas\u0131 ve elde edilen \u00fcr\u00fcnlerin ta\u015f\u0131nmas\u0131 ve pazarlanmas\u0131 s\u0131ras\u0131nda da ge\u00e7erlidir.\u0130\u00e7indekilerAk\u0131\u015fkanlar\u0131n Stati\u011fiAk\u0131\u015fkanlar\u0131n Dinami\u011fiMekanik Enerji Denkli\u011fiMekanik Enerji Kay\u0131plar\u0131Ak\u0131m H\u0131z\u0131n\u0131n \u00d6l\u00e7\u00fclmesi <\/p>\n","protected":false},"excerpt":{"rendered":"<p>Bu kitap kimya, makina, in\u015faat, end\u00fcstri, ziraat ve benzeri m\u00fchendislik b\u00f6l\u00fcmlerindeki \u00f6\u011frencilerin gereksinimleri g\u00f6z\u00f6n\u00fcne al\u0131narak haz\u0131rlanm\u0131\u015ft\u0131r. Ak\u0131\u015fkanlar, s\u0131v\u0131lar yan\u0131nda buhar ya da gazlar olmak \u00fczere iki<span class=\"excerpt-hellip\"> [\u2026]<\/span><\/p>\n","protected":false},"featured_media":0,"template":"","meta":{"_monsterinsights_skip_tracking":false,"_monsterinsights_sitenote_active":false,"_monsterinsights_sitenote_note":"","_monsterinsights_sitenote_category":0},"product_brand":[],"product_cat":[12573,12566],"product_tag":[],"class_list":{"0":"post-696186","1":"product","2":"type-product","3":"status-publish","5":"product_cat-akademik-kitaplar","6":"product_cat-egitim","7":"pa_cilt-ciltsiz","8":"pa_tur-kitap","9":"pa_yayinevi-gazi-kitabevi","10":"pa_yazar-bekir-zuhtu-uysal","12":"first","13":"instock","14":"sale","15":"shipping-taxable","16":"purchasable","17":"product-type-simple"},"_links":{"self":[{"href":"https:\/\/roveyayinevi.com.tr\/index.php\/wp-json\/wp\/v2\/product\/696186","targetHints":{"allow":["GET"]}}],"collection":[{"href":"https:\/\/roveyayinevi.com.tr\/index.php\/wp-json\/wp\/v2\/product"}],"about":[{"href":"https:\/\/roveyayinevi.com.tr\/index.php\/wp-json\/wp\/v2\/types\/product"}],"wp:attachment":[{"href":"https:\/\/roveyayinevi.com.tr\/index.php\/wp-json\/wp\/v2\/media?parent=696186"}],"wp:term":[{"taxonomy":"product_brand","embeddable":true,"href":"https:\/\/roveyayinevi.com.tr\/index.php\/wp-json\/wp\/v2\/product_brand?post=696186"},{"taxonomy":"product_cat","embeddable":true,"href":"https:\/\/roveyayinevi.com.tr\/index.php\/wp-json\/wp\/v2\/product_cat?post=696186"},{"taxonomy":"product_tag","embeddable":true,"href":"https:\/\/roveyayinevi.com.tr\/index.php\/wp-json\/wp\/v2\/product_tag?post=696186"}],"curies":[{"name":"wp","href":"https:\/\/api.w.org\/{rel}","templated":true}]}}