{"id":696185,"date":"2025-08-27T14:33:14","date_gmt":"2025-08-27T11:33:14","guid":{"rendered":"https:\/\/roveyayinevi.com.tr\/index.php\/urun\/buyume-teorileri-giris\/"},"modified":"2026-04-16T02:06:14","modified_gmt":"2026-04-15T23:06:14","slug":"buyume-teorileri-giris","status":"publish","type":"product","link":"https:\/\/roveyayinevi.com.tr\/index.php\/urun\/buyume-teorileri-giris\/","title":{"rendered":"B\u00fcy\u00fcme Teorileri Giri\u015f"},"content":{"rendered":"<p>\u0130lk bask\u0131da oldu\u011fu gibi, bu bask\u0131da da dikkat etmeye \u00e7al\u0131\u015ft\u0131\u011f\u0131m\u0131z en temel husus, yine, sadelik, yal\u0131nl\u0131k ve anla\u015f\u0131labilirlik olmu\u015ftur. Bu bak\u0131mdan, \u00e7e\u015fitli b\u00f6l\u00fcmlerde yer alan baz\u0131 kavram ve model a\u00e7\u0131klamalar\u0131 daha da netle\u015ftirilmeye, ilave anlat\u0131m ve \u00f6rneklerle zenginle\u015ftirilmeye \u00e7al\u0131\u015f\u0131lm\u0131\u015ft\u0131r.\u00d6\u011frenciler taraf\u0131ndan &#8220;zor&#8221; anla\u015f\u0131lan bir konu olan &#8220;B\u00fcy\u00fcme Teorileri&#8221;ni bir \u00f6l\u00e7\u00fcde de olsa kolayla\u015ft\u0131rabilmek amac\u0131yla her b\u00f6l\u00fcm sonuna \u00e7al\u0131\u015fma sorulan eklenmi\u015f ve cevaplar\u0131 da ekte verilmi\u015ftir.Konu Ba\u015fl\u0131klar\u0131\u0130ktisadi B\u00fcy\u00fcmenin Tan\u0131m\u0131 ve Modern B\u00fcy\u00fcme Teorilerinin Temel \u0130lgi Alanlar\u0131Klasik B\u00fcy\u00fcme: K\u0131yamet Noktas\u0131Marxist B\u00fcy\u00fcme: Azalan Kar Oranlar\u0131Harrod ve Domar B\u00fcy\u00fcme Modelleri: Karars\u0131z DengeNeoklasik B\u00fcy\u00fcme: Kararl\u0131 Denge\u0130\u00e7sel B\u00fcy\u00fcme Modelleri: B\u00fcy\u00fcmenin Devaml\u0131l\u0131\u011f\u0131 <\/p>\n","protected":false},"excerpt":{"rendered":"<p>\u0130lk bask\u0131da oldu\u011fu gibi, bu bask\u0131da da dikkat etmeye \u00e7al\u0131\u015ft\u0131\u011f\u0131m\u0131z en temel husus, yine, sadelik, yal\u0131nl\u0131k ve anla\u015f\u0131labilirlik olmu\u015ftur. Bu bak\u0131mdan, \u00e7e\u015fitli b\u00f6l\u00fcmlerde yer alan baz\u0131<span class=\"excerpt-hellip\"> [\u2026]<\/span><\/p>\n","protected":false},"featured_media":0,"template":"","meta":{"_monsterinsights_skip_tracking":false,"_monsterinsights_sitenote_active":false,"_monsterinsights_sitenote_note":"","_monsterinsights_sitenote_category":0},"product_brand":[],"product_cat":[12573,12566],"product_tag":[],"class_list":{"0":"post-696185","1":"product","2":"type-product","3":"status-publish","5":"product_cat-akademik-kitaplar","6":"product_cat-egitim","7":"pa_cilt-ciltsiz","8":"pa_tur-kitap","9":"pa_yayinevi-gazi-kitabevi","10":"pa_yazar-muhtesem-kaynak","12":"first","13":"instock","14":"sale","15":"shipping-taxable","16":"purchasable","17":"product-type-simple"},"_links":{"self":[{"href":"https:\/\/roveyayinevi.com.tr\/index.php\/wp-json\/wp\/v2\/product\/696185","targetHints":{"allow":["GET"]}}],"collection":[{"href":"https:\/\/roveyayinevi.com.tr\/index.php\/wp-json\/wp\/v2\/product"}],"about":[{"href":"https:\/\/roveyayinevi.com.tr\/index.php\/wp-json\/wp\/v2\/types\/product"}],"wp:attachment":[{"href":"https:\/\/roveyayinevi.com.tr\/index.php\/wp-json\/wp\/v2\/media?parent=696185"}],"wp:term":[{"taxonomy":"product_brand","embeddable":true,"href":"https:\/\/roveyayinevi.com.tr\/index.php\/wp-json\/wp\/v2\/product_brand?post=696185"},{"taxonomy":"product_cat","embeddable":true,"href":"https:\/\/roveyayinevi.com.tr\/index.php\/wp-json\/wp\/v2\/product_cat?post=696185"},{"taxonomy":"product_tag","embeddable":true,"href":"https:\/\/roveyayinevi.com.tr\/index.php\/wp-json\/wp\/v2\/product_tag?post=696185"}],"curies":[{"name":"wp","href":"https:\/\/api.w.org\/{rel}","templated":true}]}}