{"id":696184,"date":"2025-08-27T14:33:13","date_gmt":"2025-08-27T11:33:13","guid":{"rendered":"https:\/\/roveyayinevi.com.tr\/index.php\/urun\/aile-ekonomisi\/"},"modified":"2026-04-16T02:06:14","modified_gmt":"2026-04-15T23:06:14","slug":"aile-ekonomisi","status":"publish","type":"product","link":"https:\/\/roveyayinevi.com.tr\/index.php\/urun\/aile-ekonomisi\/","title":{"rendered":"Aile Ekonomisi"},"content":{"rendered":"<p>G\u00fcn\u00fcm\u00fczde ak\u0131l almaz derecede bir \u00fcretim ve t\u00fcketim d\u00f6ng\u00fcs\u00fcn\u00fcn olu\u015ftu\u011funu g\u00f6rmek m\u00fcmk\u00fcnd\u00fcr. G\u00fcn\u00fcm\u00fcz insan\u0131 art\u0131k neyi, nas\u0131l, ne bi\u00e7imde t\u00fcketece\u011fini, bunlar\u0131 nas\u0131l elde edece\u011fini d\u00fc\u015f\u00fcnmekten \u00e7evresinde bulunan di\u011fer insanlar\u0131n bile fark\u0131na varamaz bir boyuta do\u011fru gitmeye ba\u015flam\u0131\u015ft\u0131r. Dolay\u0131s\u0131 ile g\u00fcnl\u00fck al\u0131\u015fveri\u015fler insandan insana olmaktan \u00e7ok, nesnelerden insanlara olu\u015fmaya ba\u015flam\u0131\u015ft\u0131r Kitapta aile ve bireylerin ekonomik kaynaklar\u0131n\u0131 daha ger\u00e7ek\u00e7i kullanabilmeleri yoluyla daha mutlu ve huzurlu olmalar\u0131nda gerekli olabilecek bilgilere yer verilmi\u015ftir. <\/p>\n","protected":false},"excerpt":{"rendered":"<p>G\u00fcn\u00fcm\u00fczde ak\u0131l almaz derecede bir \u00fcretim ve t\u00fcketim d\u00f6ng\u00fcs\u00fcn\u00fcn olu\u015ftu\u011funu g\u00f6rmek m\u00fcmk\u00fcnd\u00fcr. G\u00fcn\u00fcm\u00fcz insan\u0131 art\u0131k neyi, nas\u0131l, ne bi\u00e7imde t\u00fcketece\u011fini, bunlar\u0131 nas\u0131l elde edece\u011fini d\u00fc\u015f\u00fcnmekten \u00e7evresinde<span class=\"excerpt-hellip\"> [\u2026]<\/span><\/p>\n","protected":false},"featured_media":0,"template":"","meta":{"_monsterinsights_skip_tracking":false,"_monsterinsights_sitenote_active":false,"_monsterinsights_sitenote_note":"","_monsterinsights_sitenote_category":0},"product_brand":[],"product_cat":[12573,12566],"product_tag":[],"class_list":{"0":"post-696184","1":"product","2":"type-product","3":"status-publish","5":"product_cat-akademik-kitaplar","6":"product_cat-egitim","7":"pa_cilt-ciltsiz","8":"pa_tur-kitap","9":"pa_yayinevi-gazi-kitabevi","10":"pa_yazar-seher-ersoy","12":"first","13":"instock","14":"sale","15":"shipping-taxable","16":"purchasable","17":"product-type-simple"},"_links":{"self":[{"href":"https:\/\/roveyayinevi.com.tr\/index.php\/wp-json\/wp\/v2\/product\/696184","targetHints":{"allow":["GET"]}}],"collection":[{"href":"https:\/\/roveyayinevi.com.tr\/index.php\/wp-json\/wp\/v2\/product"}],"about":[{"href":"https:\/\/roveyayinevi.com.tr\/index.php\/wp-json\/wp\/v2\/types\/product"}],"wp:attachment":[{"href":"https:\/\/roveyayinevi.com.tr\/index.php\/wp-json\/wp\/v2\/media?parent=696184"}],"wp:term":[{"taxonomy":"product_brand","embeddable":true,"href":"https:\/\/roveyayinevi.com.tr\/index.php\/wp-json\/wp\/v2\/product_brand?post=696184"},{"taxonomy":"product_cat","embeddable":true,"href":"https:\/\/roveyayinevi.com.tr\/index.php\/wp-json\/wp\/v2\/product_cat?post=696184"},{"taxonomy":"product_tag","embeddable":true,"href":"https:\/\/roveyayinevi.com.tr\/index.php\/wp-json\/wp\/v2\/product_tag?post=696184"}],"curies":[{"name":"wp","href":"https:\/\/api.w.org\/{rel}","templated":true}]}}