{"id":696183,"date":"2025-08-27T14:33:13","date_gmt":"2025-08-27T11:33:13","guid":{"rendered":"https:\/\/roveyayinevi.com.tr\/index.php\/urun\/cocuklara-yabanci-dil-ogretimi\/"},"modified":"2026-04-16T02:06:14","modified_gmt":"2026-04-15T23:06:14","slug":"cocuklara-yabanci-dil-ogretimi","status":"publish","type":"product","link":"https:\/\/roveyayinevi.com.tr\/index.php\/urun\/cocuklara-yabanci-dil-ogretimi\/","title":{"rendered":"\u00c7ocuklara Yabanc\u0131 Dil \u00d6\u011fretimi"},"content":{"rendered":"<p>\u00c7ocuklarda Yabanc\u0131 Dil \u00d6\u011fretimi, \u00f6zellikle ilk\u00f6\u011fretim okullar\u0131n\u0131n birinci kademesi olan 4. ve 5. s\u0131n\u0131flarda \u0130ngilizce derslerini okutmakla g\u00f6revlendirilen \u00f6\u011fretmenler i\u00e7in haz\u0131rlanm\u0131\u015ft\u0131r.Konu Ba\u015fl\u0131klar\u0131Yabanc\u0131 Dil \u00d6\u011fretimi \u0130le \u0130lgili Y\u00f6ntem ve Teknikler\u0130lk\u00f6\u011fretimde Yabanc\u0131 Dil \u00d6\u011fretimine Ba\u015flama ve \u00c7ocuklarda Yabanc\u0131 Dil \u00d6\u011fretimi\u0130lk\u00f6\u011fretim 4. ve 5. S\u0131n\u0131flar\u0131n \u0130ngilizce Programlar\u0131 ve \u0130lgili Programlara Y\u00f6nelik Al\u0131\u015ft\u0131rma Modelleri <\/p>\n","protected":false},"excerpt":{"rendered":"<p>\u00c7ocuklarda Yabanc\u0131 Dil \u00d6\u011fretimi, \u00f6zellikle ilk\u00f6\u011fretim okullar\u0131n\u0131n birinci kademesi olan 4. ve 5. s\u0131n\u0131flarda \u0130ngilizce derslerini okutmakla g\u00f6revlendirilen \u00f6\u011fretmenler i\u00e7in haz\u0131rlanm\u0131\u015ft\u0131r.Konu Ba\u015fl\u0131klar\u0131Yabanc\u0131 Dil \u00d6\u011fretimi \u0130le \u0130lgili<span class=\"excerpt-hellip\"> [\u2026]<\/span><\/p>\n","protected":false},"featured_media":0,"template":"","meta":{"_monsterinsights_skip_tracking":false,"_monsterinsights_sitenote_active":false,"_monsterinsights_sitenote_note":"","_monsterinsights_sitenote_category":0},"product_brand":[],"product_cat":[12573,12566],"product_tag":[],"class_list":{"0":"post-696183","1":"product","2":"type-product","3":"status-publish","5":"product_cat-akademik-kitaplar","6":"product_cat-egitim","7":"pa_cilt-ciltsiz","8":"pa_tur-kitap","9":"pa_yayinevi-gazi-kitabevi","10":"pa_yazar-i-hakki-mirici","12":"first","13":"instock","14":"sale","15":"shipping-taxable","16":"purchasable","17":"product-type-simple"},"_links":{"self":[{"href":"https:\/\/roveyayinevi.com.tr\/index.php\/wp-json\/wp\/v2\/product\/696183","targetHints":{"allow":["GET"]}}],"collection":[{"href":"https:\/\/roveyayinevi.com.tr\/index.php\/wp-json\/wp\/v2\/product"}],"about":[{"href":"https:\/\/roveyayinevi.com.tr\/index.php\/wp-json\/wp\/v2\/types\/product"}],"wp:attachment":[{"href":"https:\/\/roveyayinevi.com.tr\/index.php\/wp-json\/wp\/v2\/media?parent=696183"}],"wp:term":[{"taxonomy":"product_brand","embeddable":true,"href":"https:\/\/roveyayinevi.com.tr\/index.php\/wp-json\/wp\/v2\/product_brand?post=696183"},{"taxonomy":"product_cat","embeddable":true,"href":"https:\/\/roveyayinevi.com.tr\/index.php\/wp-json\/wp\/v2\/product_cat?post=696183"},{"taxonomy":"product_tag","embeddable":true,"href":"https:\/\/roveyayinevi.com.tr\/index.php\/wp-json\/wp\/v2\/product_tag?post=696183"}],"curies":[{"name":"wp","href":"https:\/\/api.w.org\/{rel}","templated":true}]}}