{"id":696178,"date":"2025-08-27T14:33:12","date_gmt":"2025-08-27T11:33:12","guid":{"rendered":"https:\/\/roveyayinevi.com.tr\/index.php\/urun\/ogrenme-guclukleri\/"},"modified":"2026-04-16T02:06:14","modified_gmt":"2026-04-15T23:06:14","slug":"ogrenme-guclukleri","status":"publish","type":"product","link":"https:\/\/roveyayinevi.com.tr\/index.php\/urun\/ogrenme-guclukleri\/","title":{"rendered":"\u00d6\u011frenme G\u00fc\u00e7l\u00fckleri"},"content":{"rendered":"<p>\u00d6\u011frenme g\u00fc\u00e7l\u00fc\u011f\u00fc, her ya\u015ftaki \u00e7ocu\u011fun zek\u00e2 d\u00fczeyi ile g\u00f6sterdi\u011fi beceriler aras\u0131nda, anlaml\u0131 bir fark olmas\u0131 durumudur. Bu sorun \u00e7ocu\u011fun do\u011fumu ile ba\u015flar, e\u011fitim s\u00fcreci i\u00e7inde edinilemez. Ayr\u0131ca ya\u015fam boyu s\u00fcren bir bozukluktur. \u00c7ocu\u011fun zihinsel yetene\u011fi olmas\u0131na ra\u011fmen, akademik a\u00e7\u0131dan geride kalmas\u0131, \u00f6\u011frenme g\u00fc\u00e7l\u00fc\u011f\u00fcn\u00fcn en \u00e7arp\u0131c\u0131 \u00f6zelli\u011fidir. Bir\u00e7ok \u00e7ocuk i\u00e7in \u00f6\u011frenme g\u00fc\u00e7l\u00fc\u011f\u00fc okula ba\u015flad\u0131klar\u0131nda ve akademik beceriler kazanmakta ba\u015far\u0131s\u0131z olduklar\u0131nda g\u00f6ze \u00e7arpar. \u00d6rne\u011fin; dil geli\u015fimi ve dilin kullan\u0131m\u0131, konu\u015fma, okuma yazma, matematik becerilerini etkileyen bir sorun oldu\u011fu i\u00e7in, bireyin e\u011fitimini, mesle\u011fini, sosyal ili\u015fkilerini, g\u00fcnl\u00fck aktivitelerini ve de benlik sayg\u0131s\u0131n\u0131 etkiler. \u00d6\u011frenme ile ilgili bu fark\u0131n isteklendirme, e\u011fitim ortam\u0131 gibi \u00e7evresel ko\u015fullardan ya da g\u00f6rme veya i\u015fitme engeli, depresyon, kayg\u0131 gibi ki\u015fisel ikincil fakt\u00f6rlerden kaynaklanmamas\u0131 gerekmektedir. \u00d6\u011frenme ile ilgili sorunlar\u0131n nedenini belirlemek her d\u00f6nemde ve her olguda belirgin olmayabilir. Bu nedenle \u00e7ocu\u011fun ya\u015fad\u0131\u011f\u0131 zorluklar\u0131 aile ya da \u00f6\u011fretmen anlamakta g\u00fc\u00e7l\u00fck \u00e7ekebilir, onu \u2018tembel\u2019, \u2018isteksiz\u2019 vb. olumsuz \u00f6zelliklerle niteleyebilirler. Oysa \u00e7ocu\u011fun ihtiya\u00e7lar\u0131n\u0131 ya da d\u00fc\u015f\u00fcnd\u00fcklerini ifade edememesi, i\u015fitti\u011fi ya da g\u00f6rd\u00fc\u011f\u00fcn\u00fc yorumlayamamas\u0131, \u00e7evreden ald\u0131\u011f\u0131 uyaranlar\u0131 s\u00fczememesi, dikkatini yo\u011funla\u015ft\u0131r\u0131lmamas\u0131, okumaya \u00e7al\u0131\u015fmas\u0131 ancak harfleri ya da rakamlar\u0131 anlamland\u0131ramamas\u0131 gibi i\u00e7inde bulundu\u011fu zorluklar, do\u011fru sorular sorulmazsa fark edilemeyebilir. \u00d6\u011frenme g\u00fc\u00e7l\u00fckleri kitab\u0131m\u0131z kar\u015f\u0131la\u015fabilecek bu sorunlar\u0131n \u00e7\u00f6z\u00fcmleri ve \u00f6\u011frenme g\u00fc\u00e7l\u00fckleri ile ilgili \u00f6\u011frenmenin geli\u015fimi, \u00f6\u011frenme g\u00fc\u00e7l\u00fc\u011f\u00fcn\u00fcn tan\u0131m\u0131, \u00e7e\u015fitleri, geli\u015fim \u00f6zellikleri, e\u011fitimleri, aile ve yeti\u015fkinlik d\u00f6nemleri ile okullarda ve evlerde yap\u0131labilecek etkinlik \u00f6rneklerini i\u00e7ermektedir. Bu y\u00f6n\u00fcyle haz\u0131rlam\u0131\u015f oldu\u011fumuz kitap benzer kaynaklardan farkl\u0131l\u0131k g\u00f6stermektedir. Ayn\u0131 zamanda kitap bu alanda \u00e7al\u0131\u015fan \u00f6\u011fretmenler ve aileler i\u00e7in kaynak te\u015fkil etmekte ve \u00fcniversitelerin \u00f6zel e\u011fitim, psikoloji, rehberlik ve psikolojik dan\u0131\u015fmanl\u0131k b\u00f6l\u00fcmleri ve e\u011fitim fak\u00fcltelerinin di\u011fer b\u00f6l\u00fcmleri i\u00e7in ders kitab\u0131 niteli\u011findedir. \ufffcTan\u0131t\u0131m Metni<\/p>\n","protected":false},"excerpt":{"rendered":"<p>\u00d6\u011frenme g\u00fc\u00e7l\u00fc\u011f\u00fc, her ya\u015ftaki \u00e7ocu\u011fun zek\u00e2 d\u00fczeyi ile g\u00f6sterdi\u011fi beceriler aras\u0131nda, anlaml\u0131 bir fark olmas\u0131 durumudur. Bu sorun \u00e7ocu\u011fun do\u011fumu ile ba\u015flar, e\u011fitim s\u00fcreci i\u00e7inde edinilemez.<span class=\"excerpt-hellip\"> [\u2026]<\/span><\/p>\n","protected":false},"featured_media":0,"template":"","meta":{"_monsterinsights_skip_tracking":false,"_monsterinsights_sitenote_active":false,"_monsterinsights_sitenote_note":"","_monsterinsights_sitenote_category":0},"product_brand":[],"product_cat":[12573,12566],"product_tag":[],"class_list":{"0":"post-696178","1":"product","2":"type-product","3":"status-publish","5":"product_cat-akademik-kitaplar","6":"product_cat-egitim","7":"pa_cilt-ciltsiz","8":"pa_tur-kitap","9":"pa_yayinevi-egiten-kitap","10":"pa_yazar-deniz-tekin-ersan","12":"first","13":"instock","14":"sale","15":"shipping-taxable","16":"purchasable","17":"product-type-simple"},"_links":{"self":[{"href":"https:\/\/roveyayinevi.com.tr\/index.php\/wp-json\/wp\/v2\/product\/696178","targetHints":{"allow":["GET"]}}],"collection":[{"href":"https:\/\/roveyayinevi.com.tr\/index.php\/wp-json\/wp\/v2\/product"}],"about":[{"href":"https:\/\/roveyayinevi.com.tr\/index.php\/wp-json\/wp\/v2\/types\/product"}],"wp:attachment":[{"href":"https:\/\/roveyayinevi.com.tr\/index.php\/wp-json\/wp\/v2\/media?parent=696178"}],"wp:term":[{"taxonomy":"product_brand","embeddable":true,"href":"https:\/\/roveyayinevi.com.tr\/index.php\/wp-json\/wp\/v2\/product_brand?post=696178"},{"taxonomy":"product_cat","embeddable":true,"href":"https:\/\/roveyayinevi.com.tr\/index.php\/wp-json\/wp\/v2\/product_cat?post=696178"},{"taxonomy":"product_tag","embeddable":true,"href":"https:\/\/roveyayinevi.com.tr\/index.php\/wp-json\/wp\/v2\/product_tag?post=696178"}],"curies":[{"name":"wp","href":"https:\/\/api.w.org\/{rel}","templated":true}]}}