{"id":696176,"date":"2025-08-27T14:33:11","date_gmt":"2025-08-27T11:33:11","guid":{"rendered":"https:\/\/roveyayinevi.com.tr\/index.php\/urun\/demokrasi-ve-demokratik-egitim\/"},"modified":"2026-04-16T02:06:14","modified_gmt":"2026-04-15T23:06:14","slug":"demokrasi-ve-demokratik-egitim","status":"publish","type":"product","link":"https:\/\/roveyayinevi.com.tr\/index.php\/urun\/demokrasi-ve-demokratik-egitim\/","title":{"rendered":"Demokrasi  ve Demokratik E\u011fitim"},"content":{"rendered":"<p>Toplumumuz ve genel anlamda toplumlarda demokratik ya\u015fam bi\u00e7imini benimseme zorunlulu\u011fu, bireylerin uygun bir \u015fekilde yeti\u015ftirilmesini g\u00fcndeme getirmekterdir.Okullarda, demokrasi ve demokratik ya\u015fam tarz\u0131yla kar\u015f\u0131la\u015fmayan bireylerin demokrsiyi ya\u015famas\u0131 m\u00fcmk\u00fcn de\u011fildir. Bu nedenle, bu kitapta, birinci b\u00f6l\u00fcmde ba\u015f\u0131mdan ge\u00e7en demokrasi ve ilgili \u00f6rnek olaylara; ikinci b\u00f6l\u00fcmde demokrasi e\u011fitimi ve ilgili \u00f6rnek olaylara; \u00fc\u00e7\u00fcnc\u00fc b\u00f6l\u00fcmde e\u011fitim konusunda yap\u0131lm\u0131\u015f ara\u015ft\u0131rmalara yer verilmi\u015ftir. <\/p>\n","protected":false},"excerpt":{"rendered":"<p>Toplumumuz ve genel anlamda toplumlarda demokratik ya\u015fam bi\u00e7imini benimseme zorunlulu\u011fu, bireylerin uygun bir \u015fekilde yeti\u015ftirilmesini g\u00fcndeme getirmekterdir.Okullarda, demokrasi ve demokratik ya\u015fam tarz\u0131yla kar\u015f\u0131la\u015fmayan bireylerin demokrsiyi ya\u015famas\u0131<span class=\"excerpt-hellip\"> [\u2026]<\/span><\/p>\n","protected":false},"featured_media":0,"template":"","meta":{"_monsterinsights_skip_tracking":false,"_monsterinsights_sitenote_active":false,"_monsterinsights_sitenote_note":"","_monsterinsights_sitenote_category":0},"product_brand":[],"product_cat":[12312,12304],"product_tag":[],"class_list":{"0":"post-696176","1":"product","2":"type-product","3":"status-publish","5":"product_cat-diger","6":"product_cat-tarih","7":"pa_cilt-ciltsiz","8":"pa_tur-kitap","9":"pa_yayinevi-egiten-kitap","10":"pa_yazar-hasan-gunes","12":"first","13":"instock","14":"sale","15":"shipping-taxable","16":"purchasable","17":"product-type-simple"},"_links":{"self":[{"href":"https:\/\/roveyayinevi.com.tr\/index.php\/wp-json\/wp\/v2\/product\/696176","targetHints":{"allow":["GET"]}}],"collection":[{"href":"https:\/\/roveyayinevi.com.tr\/index.php\/wp-json\/wp\/v2\/product"}],"about":[{"href":"https:\/\/roveyayinevi.com.tr\/index.php\/wp-json\/wp\/v2\/types\/product"}],"wp:attachment":[{"href":"https:\/\/roveyayinevi.com.tr\/index.php\/wp-json\/wp\/v2\/media?parent=696176"}],"wp:term":[{"taxonomy":"product_brand","embeddable":true,"href":"https:\/\/roveyayinevi.com.tr\/index.php\/wp-json\/wp\/v2\/product_brand?post=696176"},{"taxonomy":"product_cat","embeddable":true,"href":"https:\/\/roveyayinevi.com.tr\/index.php\/wp-json\/wp\/v2\/product_cat?post=696176"},{"taxonomy":"product_tag","embeddable":true,"href":"https:\/\/roveyayinevi.com.tr\/index.php\/wp-json\/wp\/v2\/product_tag?post=696176"}],"curies":[{"name":"wp","href":"https:\/\/api.w.org\/{rel}","templated":true}]}}