{"id":696175,"date":"2025-08-27T14:33:11","date_gmt":"2025-08-27T11:33:11","guid":{"rendered":"https:\/\/roveyayinevi.com.tr\/index.php\/urun\/okul-oncesi-egitimde-oyun\/"},"modified":"2026-04-16T02:06:14","modified_gmt":"2026-04-15T23:06:14","slug":"okul-oncesi-egitimde-oyun","status":"publish","type":"product","link":"https:\/\/roveyayinevi.com.tr\/index.php\/urun\/okul-oncesi-egitimde-oyun\/","title":{"rendered":"Okul \u00d6ncesi E\u011fitimde Oyun"},"content":{"rendered":"<p>Oyun, \u00e7ocu\u011funun en do\u011fal \u00f6\u011frenme ortam\u0131d\u0131r. Oyunun ama\u00e7lar\u0131 do\u011frultusunda proglamlanmas\u0131 ve uygulanmas\u0131, oyunun bir ders konusu olarak ele al\u0131nmas\u0131n\u0131 gerektirmi\u015ftir. Oyun okul \u00f6ncesi d\u00f6nemdeki \u00e7ocu\u011fun bili\u015fsel yetenekleri kadar, t\u00fcm geli\u015fim y\u00f6nlerini uyaran, duyular\u0131n\u0131 ve duygular\u0131n\u0131 geli\u015ftirmelerine yard\u0131mc\u0131 olan en b\u00fcy\u00fck ara\u00e7t\u0131r. \ufffcTan\u0131t\u0131m Metni<\/p>\n","protected":false},"excerpt":{"rendered":"<p>Oyun, \u00e7ocu\u011funun en do\u011fal \u00f6\u011frenme ortam\u0131d\u0131r. Oyunun ama\u00e7lar\u0131 do\u011frultusunda proglamlanmas\u0131 ve uygulanmas\u0131, oyunun bir ders konusu olarak ele al\u0131nmas\u0131n\u0131 gerektirmi\u015ftir. Oyun okul \u00f6ncesi d\u00f6nemdeki \u00e7ocu\u011fun bili\u015fsel<span class=\"excerpt-hellip\"> [\u2026]<\/span><\/p>\n","protected":false},"featured_media":0,"template":"","meta":{"_monsterinsights_skip_tracking":false,"_monsterinsights_sitenote_active":false,"_monsterinsights_sitenote_note":"","_monsterinsights_sitenote_category":0},"product_brand":[],"product_cat":[12573,12566],"product_tag":[],"class_list":{"0":"post-696175","1":"product","2":"type-product","3":"status-publish","5":"product_cat-akademik-kitaplar","6":"product_cat-egitim","7":"pa_cilt-ciltsiz","8":"pa_tur-kitap","9":"pa_yayinevi-egiten-kitap","10":"pa_yazar-ayten-ozturk","12":"first","13":"instock","14":"sale","15":"shipping-taxable","16":"purchasable","17":"product-type-simple"},"_links":{"self":[{"href":"https:\/\/roveyayinevi.com.tr\/index.php\/wp-json\/wp\/v2\/product\/696175","targetHints":{"allow":["GET"]}}],"collection":[{"href":"https:\/\/roveyayinevi.com.tr\/index.php\/wp-json\/wp\/v2\/product"}],"about":[{"href":"https:\/\/roveyayinevi.com.tr\/index.php\/wp-json\/wp\/v2\/types\/product"}],"wp:attachment":[{"href":"https:\/\/roveyayinevi.com.tr\/index.php\/wp-json\/wp\/v2\/media?parent=696175"}],"wp:term":[{"taxonomy":"product_brand","embeddable":true,"href":"https:\/\/roveyayinevi.com.tr\/index.php\/wp-json\/wp\/v2\/product_brand?post=696175"},{"taxonomy":"product_cat","embeddable":true,"href":"https:\/\/roveyayinevi.com.tr\/index.php\/wp-json\/wp\/v2\/product_cat?post=696175"},{"taxonomy":"product_tag","embeddable":true,"href":"https:\/\/roveyayinevi.com.tr\/index.php\/wp-json\/wp\/v2\/product_tag?post=696175"}],"curies":[{"name":"wp","href":"https:\/\/api.w.org\/{rel}","templated":true}]}}