{"id":696153,"date":"2025-08-27T14:33:06","date_gmt":"2025-08-27T11:33:06","guid":{"rendered":"https:\/\/roveyayinevi.com.tr\/index.php\/urun\/aklini-arayan-cocuk\/"},"modified":"2026-04-16T02:06:13","modified_gmt":"2026-04-15T23:06:13","slug":"aklini-arayan-cocuk","status":"publish","type":"product","link":"https:\/\/roveyayinevi.com.tr\/index.php\/urun\/aklini-arayan-cocuk\/","title":{"rendered":"Akl\u0131n\u0131 Arayan \u00c7ocuk"},"content":{"rendered":"<p>Bu kitab\u0131; \u00e7ocuklar, \u00e7ocuk geli\u015fim uzmanlar\u0131, \u00f6\u011fretmenler ve aileler okuyup be\u011fendi. Damla, Emre, Senem, \u00c7a\u011flar, G\u00f6rkem, P\u0131nar, Berk\u2026 Onlar\u0131n da her g\u00fcn\u00fc sizinkinden farkl\u0131 de\u011fil. Okulda, bah\u00e7ede aileleriyle, arkada\u015flar\u0131yla macera dolu g\u00fcnler ya\u015f\u0131yorlar. Biten her g\u00fcn\u00fcn ard\u0131ndan kendileri ve \u00e7evreleri hakk\u0131nda yepyeni \u015feyler \u00f6\u011frenirken ak\u0131llar\u0131n\u0131 kar\u0131\u015ft\u0131ran sorulara cevaplar ar\u0131yorlar. Sen de bu maceraya g\u00f6z k\u0131rpmak ister misin? \u00c7evreye, hayvanlara ve bitkilere k\u00f6t\u00fc davrananlar akl\u0131n\u0131 m\u0131 kaybetmi\u015f? Ailem g\u00f6n\u00fcll\u00fcym\u00fc\u015f, ama g\u00f6n\u00fcll\u00fc ne demek? Karde\u015fim \u00e7ok k\u00fc\u00e7\u00fck, olsun, bizimle oynasa ne olur ki? Aya\u011f\u0131m ac\u0131yor, ya annem duyarsa? Sokaktaki dondurmac\u0131n\u0131n reng\u00e2renk dondurmalar\u0131 var, ne yapmal\u0131? Kar\u015f\u0131dan kar\u015f\u0131ya ge\u00e7erken \u00c7illi bebek ile hangi yolu kullanmal\u0131y\u0131z? S\u00fcm\u00fckl\u00fc b\u00f6cek mi yemi\u015f? Yalan s\u00f6yledim; peki, \u015fimdi ne olacak? Yerde para bulduk, zengin mi olduk ne? G\u00fcl\u00fcmseyerek b\u00fcy\u00fcmeniz dile\u011fiyle. <\/p>\n","protected":false},"excerpt":{"rendered":"<p>Bu kitab\u0131; \u00e7ocuklar, \u00e7ocuk geli\u015fim uzmanlar\u0131, \u00f6\u011fretmenler ve aileler okuyup be\u011fendi. Damla, Emre, Senem, \u00c7a\u011flar, G\u00f6rkem, P\u0131nar, Berk\u2026 Onlar\u0131n da her g\u00fcn\u00fc sizinkinden farkl\u0131 de\u011fil. Okulda,<span class=\"excerpt-hellip\"> [\u2026]<\/span><\/p>\n","protected":false},"featured_media":0,"template":"","meta":{"_monsterinsights_skip_tracking":false,"_monsterinsights_sitenote_active":false,"_monsterinsights_sitenote_note":"","_monsterinsights_sitenote_category":0},"product_brand":[],"product_cat":[12275,12274],"product_tag":[],"class_list":{"0":"post-696153","1":"product","2":"type-product","3":"status-publish","5":"product_cat-6-12-yas-kitaplari","6":"product_cat-cocuk-ve-genclik-kitaplari","7":"pa_cilt-ciltsiz","8":"pa_tur-kitap","9":"pa_yayinevi-elma-cocuk","10":"pa_yazar-ozden-aslan","12":"first","13":"instock","14":"sale","15":"shipping-taxable","16":"purchasable","17":"product-type-simple"},"_links":{"self":[{"href":"https:\/\/roveyayinevi.com.tr\/index.php\/wp-json\/wp\/v2\/product\/696153","targetHints":{"allow":["GET"]}}],"collection":[{"href":"https:\/\/roveyayinevi.com.tr\/index.php\/wp-json\/wp\/v2\/product"}],"about":[{"href":"https:\/\/roveyayinevi.com.tr\/index.php\/wp-json\/wp\/v2\/types\/product"}],"wp:attachment":[{"href":"https:\/\/roveyayinevi.com.tr\/index.php\/wp-json\/wp\/v2\/media?parent=696153"}],"wp:term":[{"taxonomy":"product_brand","embeddable":true,"href":"https:\/\/roveyayinevi.com.tr\/index.php\/wp-json\/wp\/v2\/product_brand?post=696153"},{"taxonomy":"product_cat","embeddable":true,"href":"https:\/\/roveyayinevi.com.tr\/index.php\/wp-json\/wp\/v2\/product_cat?post=696153"},{"taxonomy":"product_tag","embeddable":true,"href":"https:\/\/roveyayinevi.com.tr\/index.php\/wp-json\/wp\/v2\/product_tag?post=696153"}],"curies":[{"name":"wp","href":"https:\/\/api.w.org\/{rel}","templated":true}]}}