{"id":696152,"date":"2025-08-27T14:33:05","date_gmt":"2025-08-27T11:33:05","guid":{"rendered":"https:\/\/roveyayinevi.com.tr\/index.php\/urun\/kent-efsaneleri\/"},"modified":"2026-04-16T02:06:13","modified_gmt":"2026-04-15T23:06:13","slug":"kent-efsaneleri","status":"publish","type":"product","link":"https:\/\/roveyayinevi.com.tr\/index.php\/urun\/kent-efsaneleri\/","title":{"rendered":"Kent Efsaneleri"},"content":{"rendered":"<p>\u00d6zg\u00fcr Taburo\u011flu, kent efsanelerini zaman\u0131m\u0131za ait \u201cbat\u0131l\u201d g\u00f6r\u00fcn\u00fcmler gibi anlat\u0131yor. Bat\u0131l inan\u00e7 ve tak\u0131nt\u0131lar\u0131 \u201cba\u015fkas\u0131\u201d denilen varl\u0131klar\u0131n tekrar kent hayat\u0131na d\u00e2hil olmas\u0131n\u0131n belirtileri gibi tarif ediyor. Kent efsanesi gibi k\u0131sa anlat\u0131lar\u0131, toplumsal, k\u00fclt\u00fcrel, antropolojik taraflar\u0131 olan ve \u2018modern-sonras\u0131\u2019, \u2019end\u00fcstri-sonras\u0131\u2019, \u2018ge\u00e7 kapitalizm\u2019, \u2018hakikat-sonras\u0131\u2019, \u2018insan-sonras\u0131\u2019 gibi adlar alabilen zaman\u0131m\u0131za ili\u015fkin \u00f6nemli i\u015faretler gibi ele al\u0131yor. Bat\u0131l inan\u00e7lar, eski zamanlarda veya uzak yerlerde ya\u015fam s\u00fcren insanlara ait \u201cyanl\u0131\u015f anlamalar\u201d, \u201cazgeli\u015fmi\u015f d\u00fc\u015f\u00fcnceler\u201d say\u0131l\u0131r \u00e7o\u011fu zaman. Ama kent efsaneleri t\u00fcr\u00fcnden k\u0131sa ve gizemli anlat\u0131lar, \u201calacakaranl\u0131\u011fa\u201d y\u00f6nelik de\u011fi\u015fmeyen g\u00fcncel bir ilgiyi fark etmemizi sa\u011flar. H\u0131zl\u0131 ve karma\u015f\u0131k kent hayat\u0131nda mitolojik, metafizik veya tinsel nitelikte aray\u0131\u015flar\u0131n muhtemel bir cevab\u0131 olarak bu efsaneler, en ak\u0131lc\u0131 ya\u015fam bi\u00e7imlerinde bile sakl\u0131 bilin\u00e7d\u0131\u015f\u0131n\u0131, bat\u0131l inan\u00e7lar\u0131, tak\u0131nt\u0131lar\u0131 ay\u0131rt etmemizi m\u00fcmk\u00fcn k\u0131lar. Bu \u00f6yk\u00fcler \u00e7ok farkl\u0131 bi\u00e7im ve i\u00e7erikler kazanabilir: Komplo teorileri, ki\u015fisel geli\u015fim \u00f6\u011fretileri, yeni ve ilgin\u00e7 olana d\u00f6n\u00fck modern ilgi, h\u0131z tutkusu, moda, a\u015f\u0131r\u0131 spor ve e\u011flenceler, de\u011fi\u015fen \u015fiddet t\u00fcrleri, fanatizm, feti\u015fler, kariyer tutkusu, t\u00fcrl\u00fc fobiler, saplant\u0131lar, ruhsal s\u00fcr\u00e7meler, gizemli bulmacalar&#8230; <\/p>\n","protected":false},"excerpt":{"rendered":"<p>\u00d6zg\u00fcr Taburo\u011flu, kent efsanelerini zaman\u0131m\u0131za ait \u201cbat\u0131l\u201d g\u00f6r\u00fcn\u00fcmler gibi anlat\u0131yor. Bat\u0131l inan\u00e7 ve tak\u0131nt\u0131lar\u0131 \u201cba\u015fkas\u0131\u201d denilen varl\u0131klar\u0131n tekrar kent hayat\u0131na d\u00e2hil olmas\u0131n\u0131n belirtileri gibi tarif ediyor.<span class=\"excerpt-hellip\"> [\u2026]<\/span><\/p>\n","protected":false},"featured_media":0,"template":"","meta":{"_monsterinsights_skip_tracking":false,"_monsterinsights_sitenote_active":false,"_monsterinsights_sitenote_note":"","_monsterinsights_sitenote_category":0},"product_brand":[],"product_cat":[12767,12324],"product_tag":[],"class_list":{"0":"post-696152","1":"product","2":"type-product","3":"status-publish","5":"product_cat-kentlesme-modernlesme","6":"product_cat-sosyoloji","7":"pa_cilt-ciltsiz","8":"pa_tur-kitap","9":"pa_yayinevi-dogu-bati-yayinlari","10":"pa_yazar-ozgur-taburoglu","12":"first","13":"instock","14":"sale","15":"shipping-taxable","16":"purchasable","17":"product-type-simple"},"_links":{"self":[{"href":"https:\/\/roveyayinevi.com.tr\/index.php\/wp-json\/wp\/v2\/product\/696152","targetHints":{"allow":["GET"]}}],"collection":[{"href":"https:\/\/roveyayinevi.com.tr\/index.php\/wp-json\/wp\/v2\/product"}],"about":[{"href":"https:\/\/roveyayinevi.com.tr\/index.php\/wp-json\/wp\/v2\/types\/product"}],"wp:attachment":[{"href":"https:\/\/roveyayinevi.com.tr\/index.php\/wp-json\/wp\/v2\/media?parent=696152"}],"wp:term":[{"taxonomy":"product_brand","embeddable":true,"href":"https:\/\/roveyayinevi.com.tr\/index.php\/wp-json\/wp\/v2\/product_brand?post=696152"},{"taxonomy":"product_cat","embeddable":true,"href":"https:\/\/roveyayinevi.com.tr\/index.php\/wp-json\/wp\/v2\/product_cat?post=696152"},{"taxonomy":"product_tag","embeddable":true,"href":"https:\/\/roveyayinevi.com.tr\/index.php\/wp-json\/wp\/v2\/product_tag?post=696152"}],"curies":[{"name":"wp","href":"https:\/\/api.w.org\/{rel}","templated":true}]}}