{"id":696151,"date":"2025-08-27T14:33:05","date_gmt":"2025-08-27T11:33:05","guid":{"rendered":"https:\/\/roveyayinevi.com.tr\/index.php\/urun\/kayip-zamanin-izinde-ahmed-hamdi-tanpinar\/"},"modified":"2026-04-16T02:06:13","modified_gmt":"2026-04-15T23:06:13","slug":"kayip-zamanin-izinde-ahmed-hamdi-tanpinar","status":"publish","type":"product","link":"https:\/\/roveyayinevi.com.tr\/index.php\/urun\/kayip-zamanin-izinde-ahmed-hamdi-tanpinar\/","title":{"rendered":"Kay\u0131p Zaman\u0131n \u0130zinde Ahmed Hamdi Tanp\u0131nar"},"content":{"rendered":"<p>Tanp\u0131nar\u2019\u0131n edebiyat\u0131m\u0131zdaki b\u00fcy\u00fcs\u00fc, eskiyle yeni aras\u0131nda hem yarat\u0131c\u0131 hem yok edici gerilimi, bir r\u00fcya diliyle anlatabilmi\u015f olmas\u0131nda yatar.Bu \u00e7al\u0131\u015fma Tanp\u0131nar\u2019\u0131n, eski-yeni, gelenek, kimlik, zaman, m\u00fczik, \u00f6l\u00fcm, hayat, medeniyet, k\u00fclt\u00fcr gibi konulardaki d\u00fc\u015f\u00fcncelerini daha \u00f6nce hi\u00e7 yap\u0131lmam\u0131\u015f geni\u015flikte kar\u015f\u0131la\u015ft\u0131rmal\u0131 okumalar yoluyla ele al\u0131yor. Mehmet Ayd\u0131n, Tanp\u0131nar d\u00fc\u015f\u00fcncesinin k\u0131lcal damarlar\u0131nda, bir halk\u0131n d\u00fcnyadaki varl\u0131\u011f\u0131na ve ne&#8217;li\u011fine ili\u015fkin derin trajedilere sahip kimlik sorunlar\u0131n\u0131 de\u015fiyor.Mehmet Ayd\u0131n, hem do\u011fudan hem bat\u0131dan say\u0131s\u0131z d\u00fc\u015f\u00fcn\u00fcr ve yazar\u0131n s\u00f6yledikleriyle Tanp\u0131nar d\u00fc\u015f\u00fcncesinin yol haritas\u0131n\u0131 \u00f6n\u00fcm\u00fcze seriyor. Malraux, Heidegger, Burke, Tocqueville, Val\u00e9ry, Paz, Hegel, Said, Pato\u010dka, Husserl, Unamuno, Habermas, Dostoyevski, Elias, Bergson, Proust, Weber, Comte, S\u00e2d\u0131k Hid\u00e2yet, Be\u015fir Fuat, Yahya Kemal, Kemal Tahir, O\u011fuz Atay ve Orhan Pamuk&#8217;la Tanp\u0131nar&#8217;a bakmak\u2026\u201cDo\u011fu ve bat\u0131 bizi ayn\u0131 anda iki millet haline getirmi\u015fti.\u201d Tanp\u0131nar, bu fikri hep ta\u015f\u0131d\u0131 i\u00e7inde. Bir birey olarak kendisinin de, i\u00e7inde ya\u015fad\u0131\u011f\u0131 toplumun da zamana yay\u0131lan i\u00e7 daralmas\u0131nda bu olguyu g\u00f6r\u00fcyordu\u2026Maziye tutkuludur Tanp\u0131nar, ama belki ondan da \u00e7ok gelece\u011fe\u2026<\/p>\n","protected":false},"excerpt":{"rendered":"<p>Tanp\u0131nar\u2019\u0131n edebiyat\u0131m\u0131zdaki b\u00fcy\u00fcs\u00fc, eskiyle yeni aras\u0131nda hem yarat\u0131c\u0131 hem yok edici gerilimi, bir r\u00fcya diliyle anlatabilmi\u015f olmas\u0131nda yatar.Bu \u00e7al\u0131\u015fma Tanp\u0131nar\u2019\u0131n, eski-yeni, gelenek, kimlik, zaman, m\u00fczik, \u00f6l\u00fcm,<span class=\"excerpt-hellip\"> [\u2026]<\/span><\/p>\n","protected":false},"featured_media":0,"template":"","meta":{"_monsterinsights_skip_tracking":false,"_monsterinsights_sitenote_active":false,"_monsterinsights_sitenote_note":"","_monsterinsights_sitenote_category":0},"product_brand":[],"product_cat":[14009,12291],"product_tag":[],"class_list":{"0":"post-696151","1":"product","2":"type-product","3":"status-publish","5":"product_cat-biyografi-otobiyografi-edebiyat","6":"product_cat-edebiyat","7":"pa_cilt-ciltsiz","8":"pa_tur-kitap","9":"pa_yayinevi-dogu-bati-yayinlari","10":"pa_yazar-mehmet-aydin","12":"first","13":"instock","14":"sale","15":"shipping-taxable","16":"purchasable","17":"product-type-simple"},"_links":{"self":[{"href":"https:\/\/roveyayinevi.com.tr\/index.php\/wp-json\/wp\/v2\/product\/696151","targetHints":{"allow":["GET"]}}],"collection":[{"href":"https:\/\/roveyayinevi.com.tr\/index.php\/wp-json\/wp\/v2\/product"}],"about":[{"href":"https:\/\/roveyayinevi.com.tr\/index.php\/wp-json\/wp\/v2\/types\/product"}],"wp:attachment":[{"href":"https:\/\/roveyayinevi.com.tr\/index.php\/wp-json\/wp\/v2\/media?parent=696151"}],"wp:term":[{"taxonomy":"product_brand","embeddable":true,"href":"https:\/\/roveyayinevi.com.tr\/index.php\/wp-json\/wp\/v2\/product_brand?post=696151"},{"taxonomy":"product_cat","embeddable":true,"href":"https:\/\/roveyayinevi.com.tr\/index.php\/wp-json\/wp\/v2\/product_cat?post=696151"},{"taxonomy":"product_tag","embeddable":true,"href":"https:\/\/roveyayinevi.com.tr\/index.php\/wp-json\/wp\/v2\/product_tag?post=696151"}],"curies":[{"name":"wp","href":"https:\/\/api.w.org\/{rel}","templated":true}]}}