{"id":696150,"date":"2025-08-27T14:33:05","date_gmt":"2025-08-27T11:33:05","guid":{"rendered":"https:\/\/roveyayinevi.com.tr\/index.php\/urun\/ilkel-insanda-ruh-anlayisi\/"},"modified":"2026-04-16T02:06:13","modified_gmt":"2026-04-15T23:06:13","slug":"ilkel-insanda-ruh-anlayisi","status":"publish","type":"product","link":"https:\/\/roveyayinevi.com.tr\/index.php\/urun\/ilkel-insanda-ruh-anlayisi\/","title":{"rendered":"\u0130lkel \u0130nsanda Ruh Anlay\u0131\u015f\u0131"},"content":{"rendered":"<p>Bir\u00e7ok ara\u015ft\u0131rmac\u0131, antropolog ve etnologun be\u015f k\u0131tada birbirlerinden on binlerce kilometre uzakta ya\u015fayan insanlarla ilgili \u00e7al\u0131\u015fmalar\u0131 Lucien L\u00e9vy-Bruhl i\u00e7in do\u011frudan ilham kayna\u011f\u0131d\u0131r. L\u00e9vy-Bruhl, kendi sahas\u0131ndaki muazzam birikimi bu kitapta bir araya getirirken antropoloji d\u00fcnyas\u0131n\u0131n temellerini atar. L\u00e9vy-Bruhl\u2019\u00fcn \u00e7al\u0131\u015fmalar\u0131yla M. Mauss, B. Malinowski, G. Frazer, Louis Dumont, L\u00e9vy-Strauss gibi antropologlar\u0131n metinlerine bak\u0131ld\u0131\u011f\u0131nda insanl\u0131\u011f\u0131n muazzam teknolojik, demokratik, bilimsel vb. geli\u015fmelerine kar\u015f\u0131n, bir\u00e7ok a\u00e7\u0131dan, ilkel toplumun zihinsel evreniyle benzerlikler oldu\u011fu g\u00f6r\u00fclmektedir. As\u0131l uzmanl\u0131k alan\u0131 felsefe olan ve ilkel toplumlar\u0131n zihinsel\/d\u00fc\u015f\u00fcnsel yap\u0131s\u0131 konusunda en \u00f6nemli metinlerden birka\u00e7 tanesini yazm\u0131\u015f olan L\u00e9vy-Bruhl, bu kitab\u0131nda ilkel toplumlarda ruh kavram\u0131n\u0131n var olup olmad\u0131\u011f\u0131n\u0131 tart\u0131\u015f\u0131yor. \u0130lkel insan\u0131n nas\u0131l d\u00fc\u015f\u00fcn\u00fcp nas\u0131l ya\u015fad\u0131\u011f\u0131n\u0131 y\u00fczlerce ayr\u0131nt\u0131n\u0131n aras\u0131ndan \u00e7\u0131kar\u0131yor. \u015eimdi \u00e7al\u0131\u015fmam\u0131z\u0131n en zor k\u0131sm\u0131na geliyoruz. Kurum ve t\u00f6reler \u00e7\u00f6z\u00fcmlemesi, ilkel insanlar\u0131n \u00e7evrelerindeki birey, nesne ve \u00f6zellikle de sosyal grupla olan ili\u015fkilerini kafalar\u0131nda nas\u0131l canland\u0131rd\u0131klar\u0131n\u0131 belli bir \u00f6l\u00e7\u00fcde belirlememizi sa\u011flam\u0131\u015ft\u0131. Ancak tek ba\u015f\u0131na ele al\u0131nd\u0131\u011f\u0131nda, bireyin, onlar\u0131n g\u00f6z\u00fcnde hangi tinsel ve maddi unsurlardan olu\u015ftu\u011funu, nas\u0131l ya\u015fad\u0131\u011f\u0131n\u0131 ve \u00f6ld\u00fc\u011f\u00fcn\u00fc s\u00f6yleyebilmek i\u00e7in sanki \u00e7ok daha zor sorular\u0131n yan\u0131tlanmas\u0131 gerekiyor.\u201d <\/p>\n","protected":false},"excerpt":{"rendered":"<p>Bir\u00e7ok ara\u015ft\u0131rmac\u0131, antropolog ve etnologun be\u015f k\u0131tada birbirlerinden on binlerce kilometre uzakta ya\u015fayan insanlarla ilgili \u00e7al\u0131\u015fmalar\u0131 Lucien L\u00e9vy-Bruhl i\u00e7in do\u011frudan ilham kayna\u011f\u0131d\u0131r. L\u00e9vy-Bruhl, kendi sahas\u0131ndaki muazzam<span class=\"excerpt-hellip\"> [\u2026]<\/span><\/p>\n","protected":false},"featured_media":0,"template":"","meta":{"_monsterinsights_skip_tracking":false,"_monsterinsights_sitenote_active":false,"_monsterinsights_sitenote_note":"","_monsterinsights_sitenote_category":0},"product_brand":[],"product_cat":[12389,12388],"product_tag":[],"class_list":{"0":"post-696150","1":"product","2":"type-product","3":"status-publish","5":"product_cat-diger-felsefe","6":"product_cat-felsefe","7":"pa_cilt-ciltsiz","8":"pa_tur-kitap","9":"pa_yayinevi-dogu-bati-yayinlari","10":"pa_yazar-lucien-levy-bruhl","12":"first","13":"instock","14":"sale","15":"shipping-taxable","16":"purchasable","17":"product-type-simple"},"_links":{"self":[{"href":"https:\/\/roveyayinevi.com.tr\/index.php\/wp-json\/wp\/v2\/product\/696150","targetHints":{"allow":["GET"]}}],"collection":[{"href":"https:\/\/roveyayinevi.com.tr\/index.php\/wp-json\/wp\/v2\/product"}],"about":[{"href":"https:\/\/roveyayinevi.com.tr\/index.php\/wp-json\/wp\/v2\/types\/product"}],"wp:attachment":[{"href":"https:\/\/roveyayinevi.com.tr\/index.php\/wp-json\/wp\/v2\/media?parent=696150"}],"wp:term":[{"taxonomy":"product_brand","embeddable":true,"href":"https:\/\/roveyayinevi.com.tr\/index.php\/wp-json\/wp\/v2\/product_brand?post=696150"},{"taxonomy":"product_cat","embeddable":true,"href":"https:\/\/roveyayinevi.com.tr\/index.php\/wp-json\/wp\/v2\/product_cat?post=696150"},{"taxonomy":"product_tag","embeddable":true,"href":"https:\/\/roveyayinevi.com.tr\/index.php\/wp-json\/wp\/v2\/product_tag?post=696150"}],"curies":[{"name":"wp","href":"https:\/\/api.w.org\/{rel}","templated":true}]}}