{"id":696149,"date":"2025-08-27T14:33:05","date_gmt":"2025-08-27T11:33:05","guid":{"rendered":"https:\/\/roveyayinevi.com.tr\/index.php\/urun\/feodal-toplum\/"},"modified":"2026-04-16T02:06:13","modified_gmt":"2026-04-15T23:06:13","slug":"feodal-toplum","status":"publish","type":"product","link":"https:\/\/roveyayinevi.com.tr\/index.php\/urun\/feodal-toplum\/","title":{"rendered":"Feodal Toplum"},"content":{"rendered":"<p>20. y\u00fczy\u0131l tarih\u00e7ilik anlay\u0131\u015f\u0131n\u0131 temelden de\u011fi\u015ftiren Annales okulunun \u00fcnl\u00fc temsilcisi Marc Bloch, bu kitab\u0131nda tarihin en \u00f6nemli d\u00f6neme\u00e7lerinden birini t\u00fcm ayr\u0131nt\u0131lar\u0131yla inceliyor. Feodal Toplum&#8217;da Avrupa tarihini \u015fekillendiren temel olaylar ve kurumlar \u00fczerinde durulmaktad\u0131r. Orta\u00e7a\u011f\u0131n diline ve k\u00fclt\u00fcr\u00fcne ustal\u0131kla n\u00fcfuz eden Marc Bloch, kulland\u0131\u011f\u0131 y\u00fczlerce materyalden klasik dillere ve kaynaklara olan h\u00e2kimiyetiyle \u00e7e\u015fitli zaman dilimlerinden ola\u011fan\u00fcst\u00fc bir sentez \u00e7\u0131karabilme ba\u015far\u0131s\u0131n\u0131 yakalam\u0131\u015ft\u0131r. Bu sentez Avrupa&#8217;n\u0131n ruhu ve de\u011ferleri, onu di\u011fer toplumlar\u0131n geli\u015fiminden farkl\u0131 k\u0131lan kimli\u011fidir. Feodal Toplum&#8217;da b\u00fcy\u00fck g\u00f6\u00e7 dalgalar\u0131, barbar istilalar\u0131, imparatorluklar\u0131n y\u00fckseli\u015fi ve par\u00e7alan\u0131\u015f\u0131, krall\u0131klar, vassal-seny\u00f6r ili\u015fkileri, toprak ve fiefler, soylu s\u0131n\u0131flar, \u015f\u00f6valyeler, edebiyat, din, hukuk, ticaret ve k\u00fclt\u00fcr hayat\u0131 birbirinden kopuk \u00f6geler olarak de\u011fil, geni\u015f konu yelpazesi i\u00e7erisinden, nedenleri ve sonu\u00e7lar\u0131yla birlikte ele al\u0131n\u0131yor. Ve t\u00fcm zamanlar\u0131n, y\u00fczy\u0131llar\u0131n \u00f6tesine ge\u00e7en bir \u00e7izgiye yerle\u015ferek ge\u00e7mi\u015ften bug\u00fcne nas\u0131l gelindi\u011fi en somut ad\u0131mlar\u0131yla okura sunuluyor. Feodal Toplum, bug\u00fcn de h\u00e2l\u00e2 a\u015f\u0131lamayan klasik tarih kitaplar\u0131ndan biri olarak de\u011ferini korumaktad\u0131r. <\/p>\n","protected":false},"excerpt":{"rendered":"<p>20. y\u00fczy\u0131l tarih\u00e7ilik anlay\u0131\u015f\u0131n\u0131 temelden de\u011fi\u015ftiren Annales okulunun \u00fcnl\u00fc temsilcisi Marc Bloch, bu kitab\u0131nda tarihin en \u00f6nemli d\u00f6neme\u00e7lerinden birini t\u00fcm ayr\u0131nt\u0131lar\u0131yla inceliyor. Feodal Toplum&#8217;da Avrupa tarihini<span class=\"excerpt-hellip\"> [\u2026]<\/span><\/p>\n","protected":false},"featured_media":0,"template":"","meta":{"_monsterinsights_skip_tracking":false,"_monsterinsights_sitenote_active":false,"_monsterinsights_sitenote_note":"","_monsterinsights_sitenote_category":0},"product_brand":[],"product_cat":[12305,12304],"product_tag":[],"class_list":{"0":"post-696149","1":"product","2":"type-product","3":"status-publish","5":"product_cat-dunya-tarihi","6":"product_cat-tarih","7":"pa_cilt-ciltsiz","8":"pa_tur-kitap","9":"pa_yayinevi-dogu-bati-yayinlari","10":"pa_yazar-marc-bloch","12":"first","13":"instock","14":"sale","15":"shipping-taxable","16":"purchasable","17":"product-type-simple"},"_links":{"self":[{"href":"https:\/\/roveyayinevi.com.tr\/index.php\/wp-json\/wp\/v2\/product\/696149","targetHints":{"allow":["GET"]}}],"collection":[{"href":"https:\/\/roveyayinevi.com.tr\/index.php\/wp-json\/wp\/v2\/product"}],"about":[{"href":"https:\/\/roveyayinevi.com.tr\/index.php\/wp-json\/wp\/v2\/types\/product"}],"wp:attachment":[{"href":"https:\/\/roveyayinevi.com.tr\/index.php\/wp-json\/wp\/v2\/media?parent=696149"}],"wp:term":[{"taxonomy":"product_brand","embeddable":true,"href":"https:\/\/roveyayinevi.com.tr\/index.php\/wp-json\/wp\/v2\/product_brand?post=696149"},{"taxonomy":"product_cat","embeddable":true,"href":"https:\/\/roveyayinevi.com.tr\/index.php\/wp-json\/wp\/v2\/product_cat?post=696149"},{"taxonomy":"product_tag","embeddable":true,"href":"https:\/\/roveyayinevi.com.tr\/index.php\/wp-json\/wp\/v2\/product_tag?post=696149"}],"curies":[{"name":"wp","href":"https:\/\/api.w.org\/{rel}","templated":true}]}}