{"id":696148,"date":"2025-08-27T14:33:04","date_gmt":"2025-08-27T11:33:04","guid":{"rendered":"https:\/\/roveyayinevi.com.tr\/index.php\/urun\/felsefenin-temel-disiplinleri\/"},"modified":"2026-04-16T02:06:13","modified_gmt":"2026-04-15T23:06:13","slug":"felsefenin-temel-disiplinleri","status":"publish","type":"product","link":"https:\/\/roveyayinevi.com.tr\/index.php\/urun\/felsefenin-temel-disiplinleri\/","title":{"rendered":"Felsefenin Temel Disiplinleri"},"content":{"rendered":"<p>Felsefe yapmak, yaln\u0131zca felsefe tarihi ve d\u00fc\u015f\u00fcn\u00fcrlerin ya\u015fam ve g\u00f6r\u00fc\u015flerini okumaktan ge\u00e7miyor. Bundan \u00f6te felsefe, d\u00fc\u015f\u00fcnmenin imk\u00e2n\u0131n\u0131 yakalamak ve tam anlam\u0131yla \u2018hakikat sevgisine\u2019 ula\u015fmak demektir. Felsefe, d\u00fcnya ili\u015fkilerini ara\u015ft\u0131r\u0131r, insan\u0131n kosmostaki yerini ve varl\u0131\u011f\u0131n temelini tespit eder. Bu ama\u00e7la kendine \u00f6zg\u00fc bir kavramsal dil kullanmak zorundad\u0131r. Uzun bir gelene\u011fi olan ve kendi i\u00e7inde say\u0131s\u0131z g\u00f6ndermelere sahip bu dil \u00f6z\u00fcmsendi\u011fi takdirde ilk\u00e7a\u011f d\u00fc\u015f\u00fcn\u00fcrlerinin sormu\u015f oldu\u011fu o me\u015fhur sorular anlam kazan\u0131r: \u201c\u0130nsan nedir?\u201d \u201cHakikat Nedir? \u201cKendi varl\u0131\u011f\u0131m\u0131n s\u0131rr\u0131na nas\u0131l eri\u015febilirim?\u201d B\u00fcy\u00fck sorular\u0131 kendimize y\u00f6neltmeden \u00f6nce t\u0131pk\u0131 bir felsefe \u00f6\u011frencisinin yapt\u0131\u011f\u0131 gibi \u00f6nce klasik d\u00fc\u015f\u00fcn\u00fcrlere, Platon, Aristoteles, Hume, Spinoza, Kant, Hegel ve Descartes\u2019a bak\u0131lmal\u0131d\u0131r. \u0130deal bir felsefe e\u011fitimi i\u00e7in, Mant\u0131k sayesinde d\u00fc\u015f\u00fcnmenin ilkeleri, Metafizik sayesinde evrenle kurulan b\u00fct\u00fcnl\u00fckl\u00fc ili\u015fki, Ontoloji sayesinde varl\u0131\u011f\u0131n temel yap\u0131s\u0131 bu d\u00fc\u015f\u00fcn\u00fcrler taraf\u0131ndan nas\u0131l incelendi\u011fi g\u00f6r\u00fclecektir. Bu k\u00fc\u00e7\u00fck kitapta, derin bilgisini \u00f6zl\u00fc anlat\u0131m\u0131yla birle\u015ftiren Heinz Heimsoeth, sistematik bir bi\u00e7imde felsefeye dair en temel disiplinleri ve kavramlar\u0131 izah etmektedir <\/p>\n","protected":false},"excerpt":{"rendered":"<p>Felsefe yapmak, yaln\u0131zca felsefe tarihi ve d\u00fc\u015f\u00fcn\u00fcrlerin ya\u015fam ve g\u00f6r\u00fc\u015flerini okumaktan ge\u00e7miyor. Bundan \u00f6te felsefe, d\u00fc\u015f\u00fcnmenin imk\u00e2n\u0131n\u0131 yakalamak ve tam anlam\u0131yla \u2018hakikat sevgisine\u2019 ula\u015fmak demektir. Felsefe,<span class=\"excerpt-hellip\"> [\u2026]<\/span><\/p>\n","protected":false},"featured_media":0,"template":"","meta":{"_monsterinsights_skip_tracking":false,"_monsterinsights_sitenote_active":false,"_monsterinsights_sitenote_note":"","_monsterinsights_sitenote_category":0},"product_brand":[],"product_cat":[12388,13555],"product_tag":[],"class_list":{"0":"post-696148","1":"product","2":"type-product","3":"status-publish","5":"product_cat-felsefe","6":"product_cat-genel-felsefe","7":"pa_cilt-ciltsiz","8":"pa_tur-kitap","9":"pa_yayinevi-dogu-bati-yayinlari","10":"pa_yazar-heinz-heimsoeth","12":"first","13":"instock","14":"sale","15":"shipping-taxable","16":"purchasable","17":"product-type-simple"},"_links":{"self":[{"href":"https:\/\/roveyayinevi.com.tr\/index.php\/wp-json\/wp\/v2\/product\/696148","targetHints":{"allow":["GET"]}}],"collection":[{"href":"https:\/\/roveyayinevi.com.tr\/index.php\/wp-json\/wp\/v2\/product"}],"about":[{"href":"https:\/\/roveyayinevi.com.tr\/index.php\/wp-json\/wp\/v2\/types\/product"}],"wp:attachment":[{"href":"https:\/\/roveyayinevi.com.tr\/index.php\/wp-json\/wp\/v2\/media?parent=696148"}],"wp:term":[{"taxonomy":"product_brand","embeddable":true,"href":"https:\/\/roveyayinevi.com.tr\/index.php\/wp-json\/wp\/v2\/product_brand?post=696148"},{"taxonomy":"product_cat","embeddable":true,"href":"https:\/\/roveyayinevi.com.tr\/index.php\/wp-json\/wp\/v2\/product_cat?post=696148"},{"taxonomy":"product_tag","embeddable":true,"href":"https:\/\/roveyayinevi.com.tr\/index.php\/wp-json\/wp\/v2\/product_tag?post=696148"}],"curies":[{"name":"wp","href":"https:\/\/api.w.org\/{rel}","templated":true}]}}