{"id":696146,"date":"2025-08-27T14:33:04","date_gmt":"2025-08-27T11:33:04","guid":{"rendered":"https:\/\/roveyayinevi.com.tr\/index.php\/urun\/ibn-haldun-metodu-ve-siyaset-teorisi\/"},"modified":"2026-04-16T02:06:13","modified_gmt":"2026-04-15T23:06:13","slug":"ibn-haldun-metodu-ve-siyaset-teorisi","status":"publish","type":"product","link":"https:\/\/roveyayinevi.com.tr\/index.php\/urun\/ibn-haldun-metodu-ve-siyaset-teorisi\/","title":{"rendered":"\u0130bn Haldun Metodu ve Siyaset Teorisi"},"content":{"rendered":"<p>\u201c\u0130bn Haldun bir ilim \u015fehridir ki, ilimler ve alimler co\u011frafyas\u0131nda bilmeyeni yoktur.\u201d Fakat bu \u015fehrin koordinatlar\u0131 hususunda rivayetler \u00e7oktur. \u00d6yle ki her kim eline bir hokka al\u0131p m\u00fcrekkebe bat\u0131rsa ve \u0130bn Haldun\u2019u yazsa, o dakika, bu abide alim, Kaf Da\u011f\u0131\u2019n\u0131n ard\u0131na d\u00fc\u015fer. Art\u0131k ara ki bulas\u0131n, ne o alimi, ne \u0130bn Haldun\u2019u\u2026 <\/p>\n","protected":false},"excerpt":{"rendered":"<p>\u201c\u0130bn Haldun bir ilim \u015fehridir ki, ilimler ve alimler co\u011frafyas\u0131nda bilmeyeni yoktur.\u201d Fakat bu \u015fehrin koordinatlar\u0131 hususunda rivayetler \u00e7oktur. \u00d6yle ki her kim eline bir hokka<span class=\"excerpt-hellip\"> [\u2026]<\/span><\/p>\n","protected":false},"featured_media":0,"template":"","meta":{"_monsterinsights_skip_tracking":false,"_monsterinsights_sitenote_active":false,"_monsterinsights_sitenote_note":"","_monsterinsights_sitenote_category":0},"product_brand":[],"product_cat":[12337,14706],"product_tag":[],"class_list":{"0":"post-696146","1":"product","2":"type-product","3":"status-publish","5":"product_cat-politika-siyaset","6":"product_cat-siyaset-bilimi","7":"pa_cilt-ciltsiz","8":"pa_tur-kitap","9":"pa_yayinevi-dogu-bati-yayinlari","10":"pa_yazar-umit-hassan","12":"first","13":"instock","14":"sale","15":"shipping-taxable","16":"purchasable","17":"product-type-simple"},"_links":{"self":[{"href":"https:\/\/roveyayinevi.com.tr\/index.php\/wp-json\/wp\/v2\/product\/696146","targetHints":{"allow":["GET"]}}],"collection":[{"href":"https:\/\/roveyayinevi.com.tr\/index.php\/wp-json\/wp\/v2\/product"}],"about":[{"href":"https:\/\/roveyayinevi.com.tr\/index.php\/wp-json\/wp\/v2\/types\/product"}],"wp:attachment":[{"href":"https:\/\/roveyayinevi.com.tr\/index.php\/wp-json\/wp\/v2\/media?parent=696146"}],"wp:term":[{"taxonomy":"product_brand","embeddable":true,"href":"https:\/\/roveyayinevi.com.tr\/index.php\/wp-json\/wp\/v2\/product_brand?post=696146"},{"taxonomy":"product_cat","embeddable":true,"href":"https:\/\/roveyayinevi.com.tr\/index.php\/wp-json\/wp\/v2\/product_cat?post=696146"},{"taxonomy":"product_tag","embeddable":true,"href":"https:\/\/roveyayinevi.com.tr\/index.php\/wp-json\/wp\/v2\/product_tag?post=696146"}],"curies":[{"name":"wp","href":"https:\/\/api.w.org\/{rel}","templated":true}]}}