{"id":696143,"date":"2025-08-27T14:33:03","date_gmt":"2025-08-27T11:33:03","guid":{"rendered":"https:\/\/roveyayinevi.com.tr\/index.php\/urun\/tansik-2-ikinci-kitap-dunyanin-uc-buyuk-sirri\/"},"modified":"2026-04-16T02:05:53","modified_gmt":"2026-04-15T23:05:53","slug":"tansik-2-ikinci-kitap-dunyanin-uc-buyuk-sirri","status":"publish","type":"product","link":"https:\/\/roveyayinevi.com.tr\/index.php\/urun\/tansik-2-ikinci-kitap-dunyanin-uc-buyuk-sirri\/","title":{"rendered":"Tans\u0131k 2 &#8211; \u0130kinci Kitap: D\u00fcnyan\u0131n \u00dc\u00e7 B\u00fcy\u00fck S\u0131rr\u0131"},"content":{"rendered":"<p>Tans\u0131k II adl\u0131 edebi roman, felsefe, din ve parapsikoloji gibi konular\u0131n fizik, kimya gibi pozitif bilimle harmanland\u0131\u011f\u0131 bir alt yap\u0131y\u0131, polisiye roman \u00f6rg\u00fcs\u00fcnde veren bir kurguya sahiptir. Ak\u0131c\u0131 \u00fcslubu, anla\u015f\u0131l\u0131r dili ve zekisi kurgulanm\u0131\u015f olay \u00f6rg\u00fcs\u00fcyle ufkunuzu geni\u015fletecek bir eserdir. Birinci cildin devam\u0131 olan romanda yazar, heyecanla felsefi, bilimsel konular\u0131 yine ustaca harmanl\u0131yor. Tans\u0131k; insan, d\u00fcnya, evren ve Tanr\u0131 kavramlar\u0131 \u00fczerinde derin d\u00fc\u015f\u00fcnen, ya\u015fam\u0131n s\u0131rlar\u0131n\u0131 ara\u015ft\u0131ran bir doktordur. \u00dcnl\u00fc bir bilim adam\u0131 olan babs\u0131yla birlikte insan klonlamaktad\u0131r. Ancak i\u015fler planlad\u0131klar\u0131 gibi gitmez. Tans\u0131k ve ailesinin ba\u015f\u0131na b\u00fcy\u00fck felaketler gelir. \u00d6l\u00fcm tehlikesiyle kar\u015f\u0131 kar\u015f\u0131ya kalan Tans\u0131k bir arkada\u015f\u0131n\u0131n \u015fehir d\u0131\u015f\u0131ndaki \u00e7iftli\u011finde gizlenir. \u0130\u015fte Tans\u0131k II bu ser\u00fcvenin devam\u0131d\u0131r. D\u00fc\u015f\u00fcnen ve ara\u015ft\u0131ran insanlar i\u00e7in hi\u00e7bir bilimkurgu insan\u0131n kendisi ve i\u00e7inde ya\u015fad\u0131\u011f\u0131m\u0131z evren kadar ilgin\u00e7 de\u011fildir. Sizler de bu roman\u0131 okuduktan sonra kendinize ve evren kadar ilgin\u00e7 de\u011fildir. Sizler de bu roman\u0131 okuduktan sonra kendinize ve evrene di\u011fer insanlardan \u00e7ok daha farkl\u0131 bir g\u00f6zle bakacak, kendinizi bir harikalar d\u00fcnyas\u0131nda ve mucizeler evreninde bulacaks\u0131n\u0131z. <\/p>\n","protected":false},"excerpt":{"rendered":"<p>Tans\u0131k II adl\u0131 edebi roman, felsefe, din ve parapsikoloji gibi konular\u0131n fizik, kimya gibi pozitif bilimle harmanland\u0131\u011f\u0131 bir alt yap\u0131y\u0131, polisiye roman \u00f6rg\u00fcs\u00fcnde veren bir kurguya<span class=\"excerpt-hellip\"> [\u2026]<\/span><\/p>\n","protected":false},"featured_media":0,"template":"","meta":{"_monsterinsights_skip_tracking":false,"_monsterinsights_sitenote_active":false,"_monsterinsights_sitenote_note":"","_monsterinsights_sitenote_category":0},"product_brand":[],"product_cat":[12291,12745],"product_tag":[],"class_list":{"0":"post-696143","1":"product","2":"type-product","3":"status-publish","5":"product_cat-edebiyat","6":"product_cat-tarihi-roman","7":"pa_tur-kitap","8":"pa_yayinevi-engin-yayinevi","9":"pa_yazar-mehmet-hengirmen","11":"first","12":"instock","13":"sale","14":"shipping-taxable","15":"purchasable","16":"product-type-simple"},"_links":{"self":[{"href":"https:\/\/roveyayinevi.com.tr\/index.php\/wp-json\/wp\/v2\/product\/696143","targetHints":{"allow":["GET"]}}],"collection":[{"href":"https:\/\/roveyayinevi.com.tr\/index.php\/wp-json\/wp\/v2\/product"}],"about":[{"href":"https:\/\/roveyayinevi.com.tr\/index.php\/wp-json\/wp\/v2\/types\/product"}],"wp:attachment":[{"href":"https:\/\/roveyayinevi.com.tr\/index.php\/wp-json\/wp\/v2\/media?parent=696143"}],"wp:term":[{"taxonomy":"product_brand","embeddable":true,"href":"https:\/\/roveyayinevi.com.tr\/index.php\/wp-json\/wp\/v2\/product_brand?post=696143"},{"taxonomy":"product_cat","embeddable":true,"href":"https:\/\/roveyayinevi.com.tr\/index.php\/wp-json\/wp\/v2\/product_cat?post=696143"},{"taxonomy":"product_tag","embeddable":true,"href":"https:\/\/roveyayinevi.com.tr\/index.php\/wp-json\/wp\/v2\/product_tag?post=696143"}],"curies":[{"name":"wp","href":"https:\/\/api.w.org\/{rel}","templated":true}]}}