{"id":696138,"date":"2025-08-27T14:33:02","date_gmt":"2025-08-27T11:33:02","guid":{"rendered":"https:\/\/roveyayinevi.com.tr\/index.php\/urun\/ekmek-kavgasi\/"},"modified":"2026-03-16T11:53:10","modified_gmt":"2026-03-16T08:53:10","slug":"ekmek-kavgasi","status":"publish","type":"product","link":"https:\/\/roveyayinevi.com.tr\/index.php\/urun\/ekmek-kavgasi\/","title":{"rendered":"Ekmek Kavgas\u0131"},"content":{"rendered":"<p>Orhan Kemal her zaman, ge\u00e7imini en zor ko\u015fullarda kazanmak zorunda olan, ekme\u011fi i\u00e7in hep bir kavgan\u0131n i\u00e7inde yer alan insanlar\u0131n yazar\u0131 olmu\u015ftur. Bu insanlar\u0131n ya\u015fad\u0131klar\u0131n\u0131 hayran olunas\u0131 bir yetkinlikle dile getirirken, ayd\u0131nl\u0131\u011f\u0131 ve umudu da g\u00f6z ard\u0131 etmez. Bize s\u00fcrekli, t\u00fcm bu ya\u015fananlara ra\u011fmen, insan\u0131n i\u00e7indeki ayd\u0131nl\u0131\u011f\u0131n ve umudun daha iyiye, daha g\u00fczele lay\u0131k oldu\u011funu hat\u0131rlat\u0131r. Bunun i\u00e7indir ki Orhan Kemal edebiyat\u0131 her zaman bir diren\u00e7 kazand\u0131r\u0131r okurlar\u0131na. Orhan Kemal&#8217;in kitaplar\u0131 bir okurun hayatta rastlayabilece\u011fi o \u00e7ok nadir hazineler aras\u0131nda yer al\u0131r. \u00c7ok az yazar okurunun d\u00fcnyas\u0131nda onun kadar iz b\u0131rak\u0131r, okurunu onun kadar bi\u00e7imlendirir. Orhan Kemal umudu ve ayd\u0131nl\u0131\u011f\u0131 yeniden kazanmam\u0131z i\u00e7in yol g\u00f6sterir bize. Edebiyat\u0131m\u0131z\u0131n en de\u011ferli ustalar\u0131ndan biri ok Orhan Kemal&#8217;in kitaplar\u0131m yay\u0131mlamaktan onur duyuyoruz. <\/p>\n","protected":false},"excerpt":{"rendered":"<p>Orhan Kemal her zaman, ge\u00e7imini en zor ko\u015fullarda kazanmak zorunda olan, ekme\u011fi i\u00e7in hep bir kavgan\u0131n i\u00e7inde yer alan insanlar\u0131n yazar\u0131 olmu\u015ftur. Bu insanlar\u0131n ya\u015fad\u0131klar\u0131n\u0131 hayran<span class=\"excerpt-hellip\"> [\u2026]<\/span><\/p>\n","protected":false},"featured_media":0,"template":"","meta":{"_monsterinsights_skip_tracking":false,"_monsterinsights_sitenote_active":false,"_monsterinsights_sitenote_note":"","_monsterinsights_sitenote_category":0},"product_brand":[],"product_cat":[12291,12292],"product_tag":[],"class_list":{"0":"post-696138","1":"product","2":"type-product","3":"status-publish","5":"product_cat-edebiyat","6":"product_cat-turk-edebiyati","7":"pa_cilt-ciltsiz","8":"pa_tur-kitap","9":"pa_yayinevi-everest-yayinlari","10":"pa_yazar-orhan-kemal","12":"first","13":"outofstock","14":"sale","15":"shipping-taxable","16":"purchasable","17":"product-type-simple"},"_links":{"self":[{"href":"https:\/\/roveyayinevi.com.tr\/index.php\/wp-json\/wp\/v2\/product\/696138","targetHints":{"allow":["GET"]}}],"collection":[{"href":"https:\/\/roveyayinevi.com.tr\/index.php\/wp-json\/wp\/v2\/product"}],"about":[{"href":"https:\/\/roveyayinevi.com.tr\/index.php\/wp-json\/wp\/v2\/types\/product"}],"wp:attachment":[{"href":"https:\/\/roveyayinevi.com.tr\/index.php\/wp-json\/wp\/v2\/media?parent=696138"}],"wp:term":[{"taxonomy":"product_brand","embeddable":true,"href":"https:\/\/roveyayinevi.com.tr\/index.php\/wp-json\/wp\/v2\/product_brand?post=696138"},{"taxonomy":"product_cat","embeddable":true,"href":"https:\/\/roveyayinevi.com.tr\/index.php\/wp-json\/wp\/v2\/product_cat?post=696138"},{"taxonomy":"product_tag","embeddable":true,"href":"https:\/\/roveyayinevi.com.tr\/index.php\/wp-json\/wp\/v2\/product_tag?post=696138"}],"curies":[{"name":"wp","href":"https:\/\/api.w.org\/{rel}","templated":true}]}}