{"id":696135,"date":"2025-08-27T14:33:01","date_gmt":"2025-08-27T11:33:01","guid":{"rendered":"https:\/\/roveyayinevi.com.tr\/index.php\/urun\/abd-tarihi\/"},"modified":"2026-04-16T02:05:53","modified_gmt":"2026-04-15T23:05:53","slug":"abd-tarihi","status":"publish","type":"product","link":"https:\/\/roveyayinevi.com.tr\/index.php\/urun\/abd-tarihi\/","title":{"rendered":"ABD Tarihi"},"content":{"rendered":"<p>ABD tarihi son iki y\u00fczy\u0131lda d\u00fcnya tarihine damgas\u0131n\u0131 vurmu\u015ftur. K\u0131tan\u0131n ger\u00e7ek sahibi K\u0131z\u0131lderililer\u2019in yerinden edili\u015finden itibaren d\u00fcnya h\u00e2kimiyetine uzanan bir imparatorlu\u011fun ilgin\u00e7 hik\u00e2yesi&#8230; Yankeeler&#8230; K\u0131z\u0131lderililer&#8230; Zenciler&#8230; K\u00f6leler&#8230; \u0130\u015f\u00e7iler&#8230; Yaln\u0131zca g\u00fc\u00e7 ve ba\u015far\u0131 pe\u015finde ko\u015fan f\u0131rsat avc\u0131lar\u0131&#8230; Ba\u015fta Britanya\u2019dan olmak \u00fczere d\u00fcnyan\u0131n her taraf\u0131ndan gelip bu bakir topraklara yerle\u015fen g\u00f6\u00e7menler&#8230; Bir yandan demokrasinin, liberal de\u011ferlerin g\u00f6rkemli y\u00fckseli\u015fi, di\u011fer yandan dev sermayelerin g\u00f6lgesi alt\u0131nda kapitalizmin vah\u015fi ve ac\u0131mas\u0131z y\u00fcz\u00fc&#8230; D\u00fcnyadaki uygarl\u0131klar\u0131n binlerce y\u0131ldan bu yana \u00fcretti\u011fi bilgiyi ve teknolojiyi sanki ba\u015fka bir gezegene ayak basan d\u00fcnyal\u0131lar gibi b\u00fcy\u00fck bir a\u00e7g\u00f6zl\u00fcl\u00fck, ihtiras ve \u015fiddetle bu topraklarda uygulamaya koyuldular. Ve \u201cAmerikan g\u00fcl\u00fc, b\u00fct\u00fcn g\u00f6rkemi ve g\u00fczel kokusuyla ancak etraf\u0131nda b\u00fcy\u00fcyen ilk tomurcuklar\u0131n feda edilmesiyle yeti\u015ftirilebilir\u201ddi. Bu g\u00f6\u00e7menler, \u00e7o\u011funlukla kendi \u00fclkelerinden d\u0131\u015flanm\u0131\u015f, hor g\u00f6r\u00fclm\u00fc\u015f, s\u00fcr\u00fclm\u00fc\u015f ya da ezilmi\u015f ki\u015filerdi. Yepyeni bir hayat maceras\u0131na at\u0131lmak i\u00e7in burada zorlu bir m\u00fccadeleye giri\u015ftiler. D\u00fcnyadaki uygarl\u0131\u011f\u0131 miras ald\u0131lar fakat bunu bir k\u00fclt\u00fcre d\u00f6n\u00fc\u015ft\u00fcremediler. Bu durum belki de bu \u00fclkenin kurulu\u015funda ve sonras\u0131nda olu\u015fan ko\u015fullar\u0131n do\u011fal bir sonucuydu. \u0130\u015fte bir roman tad\u0131nda okuyaca\u011f\u0131n\u0131z bu kitab\u0131n, ar\u015fiv \u00e7al\u0131\u015fmalar\u0131n\u0131n \u00f6nemini her f\u0131rsatta vurgulayan de\u011ferli tarih\u00e7imiz Halil \u0130nalc\u0131k taraf\u0131ndan \u00e7evrilmi\u015f olmas\u0131 da k\u00fclt\u00fcr-uygarl\u0131k problemati\u011fi bak\u0131m\u0131ndan ayr\u0131ca anlaml\u0131d\u0131r. <\/p>\n","protected":false},"excerpt":{"rendered":"<p>ABD tarihi son iki y\u00fczy\u0131lda d\u00fcnya tarihine damgas\u0131n\u0131 vurmu\u015ftur. K\u0131tan\u0131n ger\u00e7ek sahibi K\u0131z\u0131lderililer\u2019in yerinden edili\u015finden itibaren d\u00fcnya h\u00e2kimiyetine uzanan bir imparatorlu\u011fun ilgin\u00e7 hik\u00e2yesi&#8230; Yankeeler&#8230; K\u0131z\u0131lderililer&#8230; Zenciler&#8230;<span class=\"excerpt-hellip\"> [\u2026]<\/span><\/p>\n","protected":false},"featured_media":0,"template":"","meta":{"_monsterinsights_skip_tracking":false,"_monsterinsights_sitenote_active":false,"_monsterinsights_sitenote_note":"","_monsterinsights_sitenote_category":0},"product_brand":[],"product_cat":[12312,12304],"product_tag":[],"class_list":{"0":"post-696135","1":"product","2":"type-product","3":"status-publish","5":"product_cat-diger","6":"product_cat-tarih","7":"pa_cilt-ciltsiz","8":"pa_tur-kitap","9":"pa_yayinevi-dogu-bati-yayinlari","10":"pa_yazar-allan-nevins","12":"first","13":"instock","14":"sale","15":"shipping-taxable","16":"purchasable","17":"product-type-simple"},"_links":{"self":[{"href":"https:\/\/roveyayinevi.com.tr\/index.php\/wp-json\/wp\/v2\/product\/696135","targetHints":{"allow":["GET"]}}],"collection":[{"href":"https:\/\/roveyayinevi.com.tr\/index.php\/wp-json\/wp\/v2\/product"}],"about":[{"href":"https:\/\/roveyayinevi.com.tr\/index.php\/wp-json\/wp\/v2\/types\/product"}],"wp:attachment":[{"href":"https:\/\/roveyayinevi.com.tr\/index.php\/wp-json\/wp\/v2\/media?parent=696135"}],"wp:term":[{"taxonomy":"product_brand","embeddable":true,"href":"https:\/\/roveyayinevi.com.tr\/index.php\/wp-json\/wp\/v2\/product_brand?post=696135"},{"taxonomy":"product_cat","embeddable":true,"href":"https:\/\/roveyayinevi.com.tr\/index.php\/wp-json\/wp\/v2\/product_cat?post=696135"},{"taxonomy":"product_tag","embeddable":true,"href":"https:\/\/roveyayinevi.com.tr\/index.php\/wp-json\/wp\/v2\/product_tag?post=696135"}],"curies":[{"name":"wp","href":"https:\/\/api.w.org\/{rel}","templated":true}]}}