{"id":696132,"date":"2025-08-27T14:33:00","date_gmt":"2025-08-27T11:33:00","guid":{"rendered":"https:\/\/roveyayinevi.com.tr\/index.php\/urun\/gelecege-guven\/"},"modified":"2026-04-16T02:05:53","modified_gmt":"2026-04-15T23:05:53","slug":"gelecege-guven","status":"publish","type":"product","link":"https:\/\/roveyayinevi.com.tr\/index.php\/urun\/gelecege-guven\/","title":{"rendered":"Gelece\u011fe G\u00fcven"},"content":{"rendered":"<p>20. y\u00fczy\u0131l edebiyat\u0131n\u0131n ku\u015fkusuz en \u00f6nemli isimlerinden biri olan Stefan Zweig, insanl\u0131k durumuna g\u00f6sterdi\u011fi duyarl\u0131l\u0131k ve olaylara, ki\u015filere kar\u015f\u0131 h\u00fcmanist yakla\u015f\u0131m\u0131yla tan\u0131nan bir ayd\u0131nd\u0131. Zweig, derin karakter analizleri ve detayl\u0131 betimlemeleriyle \u00e7a\u011f\u0131n\u0131n en \u00f6nemli yazarlar\u0131 aras\u0131nda yer alm\u0131\u015ft\u0131. Zweig\u2019\u0131n 1909-1941 y\u0131llar\u0131 aras\u0131nda kaleme ald\u0131\u011f\u0131 bu denemeler, yazar\u0131n d\u00fcnya g\u00f6r\u00fc\u015f\u00fcn\u00fcn geli\u015fimine \u00f6nemli bir \u0131\u015f\u0131k tutuyor.1. D\u00fcnya Sava\u015f\u0131\u2019na giden s\u00fcre\u00e7ten, \u00f6l\u00fcm\u00fcnden bir y\u0131l \u00f6nceye kadar ge\u00e7en zamanda Zweig\u2019\u0131n d\u00fc\u015f\u00fcncelerinin ne t\u00fcr evrelerden ge\u00e7ti\u011fi, bug\u00fcn \u00f6ne \u00e7\u0131kan h\u00fcmanist y\u00f6n\u00fcn\u00fcn nas\u0131l sivrildi\u011fi bu yaz\u0131larda g\u00f6zler \u00f6n\u00fcne seriliyor. Gelece\u011fe G\u00fcven, yazar\u0131 yak\u0131ndan tan\u0131yanlar i\u00e7in \u015fa\u015f\u0131rt\u0131c\u0131, yazarla yeni tan\u0131\u015fanlar i\u00e7inse a\u00e7\u0131klay\u0131c\u0131 nitelikte bir kitap.Y\u0131ld\u0131zlarla g\u00fcne\u015fin tepemizde oldu\u011fu andan bu yana d\u00fcnya hi\u00e7 b\u00f6ylesine \u00e7\u0131lg\u0131nla\u015fmam\u0131\u015f, insanlar\u0131 b\u00f6ylesine k\u0131y\u0131lmam\u0131\u015ft\u0131r. Birbirinden de\u011fi\u015fik \u00e7\u0131karyollara inansak da gelelim bir araya. (&#8230;) Politik g\u00f6r\u00fc\u015flerimiz ne olursa olsun birle\u015felim, kar\u015f\u0131 \u00e7\u0131kal\u0131m, diren\u00e7 g\u00f6sterelim! G\u00f6sterelim insanlara bu \u00e7\u0131lg\u0131nl\u0131\u011fa y\u0131\u011f\u0131nlar\u0131n nas\u0131l direndi\u011fini, bir az\u0131nl\u0131\u011f\u0131n d\u00fcnyam\u0131z\u0131 nas\u0131l yok etti\u011fini. <\/p>\n","protected":false},"excerpt":{"rendered":"<p>20. y\u00fczy\u0131l edebiyat\u0131n\u0131n ku\u015fkusuz en \u00f6nemli isimlerinden biri olan Stefan Zweig, insanl\u0131k durumuna g\u00f6sterdi\u011fi duyarl\u0131l\u0131k ve olaylara, ki\u015filere kar\u015f\u0131 h\u00fcmanist yakla\u015f\u0131m\u0131yla tan\u0131nan bir ayd\u0131nd\u0131. Zweig, derin<span class=\"excerpt-hellip\"> [\u2026]<\/span><\/p>\n","protected":false},"featured_media":0,"template":"","meta":{"_monsterinsights_skip_tracking":false,"_monsterinsights_sitenote_active":false,"_monsterinsights_sitenote_note":"","_monsterinsights_sitenote_category":0},"product_brand":[],"product_cat":[12291,26797],"product_tag":[],"class_list":{"0":"post-696132","1":"product","2":"type-product","3":"status-publish","5":"product_cat-edebiyat","6":"product_cat-modern-klasikler","7":"pa_cilt-ciltsiz","8":"pa_tur-kitap","9":"pa_yayinevi-everest-yayinlari","10":"pa_yazar-stefan-zweig","12":"first","13":"instock","14":"sale","15":"shipping-taxable","16":"purchasable","17":"product-type-simple"},"_links":{"self":[{"href":"https:\/\/roveyayinevi.com.tr\/index.php\/wp-json\/wp\/v2\/product\/696132","targetHints":{"allow":["GET"]}}],"collection":[{"href":"https:\/\/roveyayinevi.com.tr\/index.php\/wp-json\/wp\/v2\/product"}],"about":[{"href":"https:\/\/roveyayinevi.com.tr\/index.php\/wp-json\/wp\/v2\/types\/product"}],"wp:attachment":[{"href":"https:\/\/roveyayinevi.com.tr\/index.php\/wp-json\/wp\/v2\/media?parent=696132"}],"wp:term":[{"taxonomy":"product_brand","embeddable":true,"href":"https:\/\/roveyayinevi.com.tr\/index.php\/wp-json\/wp\/v2\/product_brand?post=696132"},{"taxonomy":"product_cat","embeddable":true,"href":"https:\/\/roveyayinevi.com.tr\/index.php\/wp-json\/wp\/v2\/product_cat?post=696132"},{"taxonomy":"product_tag","embeddable":true,"href":"https:\/\/roveyayinevi.com.tr\/index.php\/wp-json\/wp\/v2\/product_tag?post=696132"}],"curies":[{"name":"wp","href":"https:\/\/api.w.org\/{rel}","templated":true}]}}