{"id":696131,"date":"2025-08-27T14:33:00","date_gmt":"2025-08-27T11:33:00","guid":{"rendered":"https:\/\/roveyayinevi.com.tr\/index.php\/urun\/disaridan-kiyidan-konusmalar\/"},"modified":"2026-04-16T02:05:53","modified_gmt":"2026-04-15T23:05:53","slug":"disaridan-kiyidan-konusmalar","status":"publish","type":"product","link":"https:\/\/roveyayinevi.com.tr\/index.php\/urun\/disaridan-kiyidan-konusmalar\/","title":{"rendered":"D\u0131\u015far\u0131dan K\u0131y\u0131dan Konu\u015fmalar"},"content":{"rendered":"<p>Ben, yery\u00fcz\u00fc kay\u0131tlar\u0131 tutan biriyim.  Hakikat i\u015f\u00e7isi  deyin,  yaz\u0131 g\u00fcndelik\u00e7isi  deyin; h\u00fckm\u00fc bir g\u00fcn s\u00fcren gazete ka\u011f\u0131tlar\u0131na yaz\u0131lar yaz\u0131yorum. Benden \u00f6nce gelmi\u015f, benden sonra gelecek olan benzerlerim gibi, insanl\u0131\u011f\u0131n daha adaletli ve vicdanl\u0131 olabilece\u011fini hat\u0131rlat\u0131yorum. Ben, d\u00fcnyaya bakan biriyim. D\u00fcnyaya bakmak i\u015fini  meslek  olarak yapmaya ba\u015flad\u0131\u011f\u0131mda, d\u00fcnya ve T\u00fcrkiye, daha \u00f6nce ge\u00e7medi\u011fi bir yerden ge\u00e7iyordu. Bu y\u00fczden i\u015fte, ne olduysa d\u00fcnyada, bende de oldu. Ne ge\u00e7tiyse d\u00fcnyadan benden de ge\u00e7ti. G\u00f6zlerimi dikmi\u015f bak\u0131yordum, bakt\u0131klar\u0131m bazen g\u00f6z\u00fcme ka\u00e7t\u0131.  D\u0131\u015far\u0131dan , sizin ve benim g\u00f6z\u00fcme ka\u00e7anlar \u00fczerine, daha \u00f6nce ge\u00e7medi\u011fi yerlerden ge\u00e7mekte olan yery\u00fcz\u00fc ve T\u00fcrkiye \u00fczerine okurla bir konu\u015fmad\u0131r. Bu yaz\u0131lar yaz\u0131ld\u0131klar\u0131 andan itibaren art\u0131k bana ait de\u011filler. Okudu\u011funuz anda size ait oldular. Ama belki de yaz\u0131 kimseye ait de\u011fildir. Belki de bu yaz\u0131lar sadece yery\u00fcz\u00fcne ait kay\u0131tlard\u0131r. Ama yerin y\u00fcz\u00fcnden ge\u00e7enler, kim bilir, sizin y\u00fcz\u00fcn\u00fczden de ge\u00e7mi\u015flerdir&#8230; <\/p>\n","protected":false},"excerpt":{"rendered":"<p>Ben, yery\u00fcz\u00fc kay\u0131tlar\u0131 tutan biriyim. Hakikat i\u015f\u00e7isi deyin, yaz\u0131 g\u00fcndelik\u00e7isi deyin; h\u00fckm\u00fc bir g\u00fcn s\u00fcren gazete ka\u011f\u0131tlar\u0131na yaz\u0131lar yaz\u0131yorum. Benden \u00f6nce gelmi\u015f, benden sonra gelecek olan<span class=\"excerpt-hellip\"> [\u2026]<\/span><\/p>\n","protected":false},"featured_media":0,"template":"","meta":{"_monsterinsights_skip_tracking":false,"_monsterinsights_sitenote_active":false,"_monsterinsights_sitenote_note":"","_monsterinsights_sitenote_category":0},"product_brand":[],"product_cat":[12364],"product_tag":[],"class_list":{"0":"post-696131","1":"product","2":"type-product","3":"status-publish","5":"product_cat-genel-konular","6":"pa_tur-kitap","7":"pa_yayinevi-everest-yayinlari","8":"pa_yazar-ece-temelkuran","10":"first","11":"instock","12":"sale","13":"shipping-taxable","14":"purchasable","15":"product-type-simple"},"_links":{"self":[{"href":"https:\/\/roveyayinevi.com.tr\/index.php\/wp-json\/wp\/v2\/product\/696131","targetHints":{"allow":["GET"]}}],"collection":[{"href":"https:\/\/roveyayinevi.com.tr\/index.php\/wp-json\/wp\/v2\/product"}],"about":[{"href":"https:\/\/roveyayinevi.com.tr\/index.php\/wp-json\/wp\/v2\/types\/product"}],"wp:attachment":[{"href":"https:\/\/roveyayinevi.com.tr\/index.php\/wp-json\/wp\/v2\/media?parent=696131"}],"wp:term":[{"taxonomy":"product_brand","embeddable":true,"href":"https:\/\/roveyayinevi.com.tr\/index.php\/wp-json\/wp\/v2\/product_brand?post=696131"},{"taxonomy":"product_cat","embeddable":true,"href":"https:\/\/roveyayinevi.com.tr\/index.php\/wp-json\/wp\/v2\/product_cat?post=696131"},{"taxonomy":"product_tag","embeddable":true,"href":"https:\/\/roveyayinevi.com.tr\/index.php\/wp-json\/wp\/v2\/product_tag?post=696131"}],"curies":[{"name":"wp","href":"https:\/\/api.w.org\/{rel}","templated":true}]}}