{"id":696130,"date":"2025-08-27T14:33:00","date_gmt":"2025-08-27T11:33:00","guid":{"rendered":"https:\/\/roveyayinevi.com.tr\/index.php\/urun\/devlet-kusu\/"},"modified":"2026-04-16T02:05:53","modified_gmt":"2026-04-15T23:05:53","slug":"devlet-kusu","status":"publish","type":"product","link":"https:\/\/roveyayinevi.com.tr\/index.php\/urun\/devlet-kusu\/","title":{"rendered":"Devlet Ku\u015fu"},"content":{"rendered":"<p>\u00c7ok az yazar hen\u00fcz hayattayken klasikler aras\u0131ndaki yerini al\u0131r. Orhan Kemal de bu yazarlar\u0131m\u0131zdan biri ve aradan ge\u00e7en bunca y\u0131l da asla onun de\u011ferinden ve okuruyla kurdu\u011fu yak\u0131n ili\u015fkiden bir \u015fey eksiltmedi. Bug\u00fcn yaz\u0131lm\u0131\u015f kadar taze metinleri ve y\u0131llar \u00f6ncesinden bug\u00fcn\u00fc de \u00e7\u00f6z\u00fcmleyebilen derin g\u00f6zlemcili\u011fiyle Orhan Kemal, Devlet Ku\u015fu adl\u0131 bu kitab\u0131nda da pay alamad\u0131\u011f\u0131 zenginlikten yer kapmaya \u00e7al\u0131\u015fanlar\u0131n \u00e7eli\u015fkili hik\u00e2yelerini anlat\u0131yor. G\u00fcn\u00fcm\u00fczde de g\u00fcncelli\u011fini yitirmeyen bir s\u0131n\u0131f atlamakla s\u0131n\u0131fta kalmak m\u00fccadelesi&#8230; Orhan Kemal\u2019in kitaplar\u0131 bir okurun hayatta rastlayabilece\u011fi o \u00e7ok nadir hazineler aras\u0131nda yer al\u0131r. \u00c7ok az yazar okurunun d\u00fcnyas\u0131nda onun kadar iz b\u0131rak\u0131r, okurunu onun kadar bi\u00e7imlendirir. Orhan Kemal umudu ve iyimserli\u011fi yeniden kazanmam\u0131z i\u00e7in yol g\u00f6sterir bize. Edebiyat\u0131m\u0131z\u0131n en de\u011ferli ustalar\u0131ndan biri olan Orhan Kemal\u2019in kitaplar\u0131n\u0131 yay\u0131mlamaktan onur duyuyoruz. \ufffcTan\u0131t\u0131m Metni<\/p>\n","protected":false},"excerpt":{"rendered":"<p>\u00c7ok az yazar hen\u00fcz hayattayken klasikler aras\u0131ndaki yerini al\u0131r. Orhan Kemal de bu yazarlar\u0131m\u0131zdan biri ve aradan ge\u00e7en bunca y\u0131l da asla onun de\u011ferinden ve okuruyla<span class=\"excerpt-hellip\"> [\u2026]<\/span><\/p>\n","protected":false},"featured_media":0,"template":"","meta":{"_monsterinsights_skip_tracking":false,"_monsterinsights_sitenote_active":false,"_monsterinsights_sitenote_note":"","_monsterinsights_sitenote_category":0},"product_brand":[],"product_cat":[12291,12292],"product_tag":[],"class_list":{"0":"post-696130","1":"product","2":"type-product","3":"status-publish","5":"product_cat-edebiyat","6":"product_cat-turk-edebiyati","7":"pa_cilt-ciltsiz","8":"pa_tur-kitap","9":"pa_yayinevi-everest-yayinlari","10":"pa_yazar-orhan-kemal","12":"first","13":"instock","14":"sale","15":"shipping-taxable","16":"purchasable","17":"product-type-simple"},"_links":{"self":[{"href":"https:\/\/roveyayinevi.com.tr\/index.php\/wp-json\/wp\/v2\/product\/696130","targetHints":{"allow":["GET"]}}],"collection":[{"href":"https:\/\/roveyayinevi.com.tr\/index.php\/wp-json\/wp\/v2\/product"}],"about":[{"href":"https:\/\/roveyayinevi.com.tr\/index.php\/wp-json\/wp\/v2\/types\/product"}],"wp:attachment":[{"href":"https:\/\/roveyayinevi.com.tr\/index.php\/wp-json\/wp\/v2\/media?parent=696130"}],"wp:term":[{"taxonomy":"product_brand","embeddable":true,"href":"https:\/\/roveyayinevi.com.tr\/index.php\/wp-json\/wp\/v2\/product_brand?post=696130"},{"taxonomy":"product_cat","embeddable":true,"href":"https:\/\/roveyayinevi.com.tr\/index.php\/wp-json\/wp\/v2\/product_cat?post=696130"},{"taxonomy":"product_tag","embeddable":true,"href":"https:\/\/roveyayinevi.com.tr\/index.php\/wp-json\/wp\/v2\/product_tag?post=696130"}],"curies":[{"name":"wp","href":"https:\/\/api.w.org\/{rel}","templated":true}]}}