{"id":696128,"date":"2025-08-27T14:32:59","date_gmt":"2025-08-27T11:32:59","guid":{"rendered":"https:\/\/roveyayinevi.com.tr\/index.php\/urun\/yirminci-mil\/"},"modified":"2026-04-16T02:05:53","modified_gmt":"2026-04-15T23:05:53","slug":"yirminci-mil","status":"publish","type":"product","link":"https:\/\/roveyayinevi.com.tr\/index.php\/urun\/yirminci-mil\/","title":{"rendered":"Yirminci Mil"},"content":{"rendered":"<p>Yirminci Mil; Amerika efsanesinin arkas\u0131ndaki ac\u0131mas\u0131z ger\u00e7eklerin ve ac\u0131 yalanlar\u0131n ak\u0131l almaz gerilimi ve heyecan\u0131\u2026 Usta bir dokunu\u015f ve sars\u0131c\u0131 bir son\u2026 Yirminci Mil kasabas\u0131, \u2018hi\u00e7bir yer\u2019in ortas\u0131ndaki ger\u00e7ekliktir. Bir yabanc\u0131n\u0131n kasabaya geli\u015fiyle sorular \u00e7o\u011fal\u0131rken yan\u0131tlar giderek azal\u0131r. Ard\u0131ndan \u00fc\u00e7 yabanc\u0131n\u0131n daha, Tanr\u0131\u2019n\u0131n bile unuttu\u011fu bu kasabaya gelmesiyle kahramanlar\u0131n ve \u00f6yk\u00fcn\u00fcn t\u00fcm gizemi roman\u0131 sarar. \u00d6yk\u00fc s\u00fcr\u00fckleyicili\u011fin ve rastlant\u0131lar\u0131n ak\u0131l almaz armonisini bar\u0131nd\u0131r\u0131r. Western t\u00fcr\u00fcne \u00f6zg\u00fc b\u00fct\u00fcn geleneksel malzemeleri kullanarak bir Sonsuz Bat\u0131 d\u00fc\u015f\u00fcn\u00fcn\u00fcn sonunu Vah\u015fi Bat\u0131\u2019y\u0131 efsanele\u015ftiren y\u00fczlerce kitap ve filmden daha karanl\u0131k ve karma\u015f\u0131k olarak sunan Yirminci Mil; insan\u0131 okumaya zorlayan, sayfalar\u0131 h\u0131zla \u00e7evirten bir efsanedir<\/p>\n","protected":false},"excerpt":{"rendered":"<p>Yirminci Mil; Amerika efsanesinin arkas\u0131ndaki ac\u0131mas\u0131z ger\u00e7eklerin ve ac\u0131 yalanlar\u0131n ak\u0131l almaz gerilimi ve heyecan\u0131\u2026 Usta bir dokunu\u015f ve sars\u0131c\u0131 bir son\u2026 Yirminci Mil kasabas\u0131, \u2018hi\u00e7bir<span class=\"excerpt-hellip\"> [\u2026]<\/span><\/p>\n","protected":false},"featured_media":0,"template":"","meta":{"_monsterinsights_skip_tracking":false,"_monsterinsights_sitenote_active":false,"_monsterinsights_sitenote_note":"","_monsterinsights_sitenote_category":0},"product_brand":[],"product_cat":[12891,12291],"product_tag":[],"class_list":{"0":"post-696128","1":"product","2":"type-product","3":"status-publish","5":"product_cat-amerikan-edebiyati","6":"product_cat-edebiyat","7":"pa_cilt-ciltsiz","8":"pa_tur-kitap","9":"pa_yayinevi-e-yayinlari","10":"pa_yazar-trevanian","12":"first","13":"instock","14":"sale","15":"shipping-taxable","16":"purchasable","17":"product-type-simple"},"_links":{"self":[{"href":"https:\/\/roveyayinevi.com.tr\/index.php\/wp-json\/wp\/v2\/product\/696128","targetHints":{"allow":["GET"]}}],"collection":[{"href":"https:\/\/roveyayinevi.com.tr\/index.php\/wp-json\/wp\/v2\/product"}],"about":[{"href":"https:\/\/roveyayinevi.com.tr\/index.php\/wp-json\/wp\/v2\/types\/product"}],"wp:attachment":[{"href":"https:\/\/roveyayinevi.com.tr\/index.php\/wp-json\/wp\/v2\/media?parent=696128"}],"wp:term":[{"taxonomy":"product_brand","embeddable":true,"href":"https:\/\/roveyayinevi.com.tr\/index.php\/wp-json\/wp\/v2\/product_brand?post=696128"},{"taxonomy":"product_cat","embeddable":true,"href":"https:\/\/roveyayinevi.com.tr\/index.php\/wp-json\/wp\/v2\/product_cat?post=696128"},{"taxonomy":"product_tag","embeddable":true,"href":"https:\/\/roveyayinevi.com.tr\/index.php\/wp-json\/wp\/v2\/product_tag?post=696128"}],"curies":[{"name":"wp","href":"https:\/\/api.w.org\/{rel}","templated":true}]}}