{"id":696126,"date":"2025-08-27T14:32:58","date_gmt":"2025-08-27T11:32:58","guid":{"rendered":"https:\/\/roveyayinevi.com.tr\/index.php\/urun\/devrimin-yorumu\/"},"modified":"2026-04-16T02:05:53","modified_gmt":"2026-04-15T23:05:53","slug":"devrimin-yorumu","status":"publish","type":"product","link":"https:\/\/roveyayinevi.com.tr\/index.php\/urun\/devrimin-yorumu\/","title":{"rendered":"Devrim\u2019in Yorumu"},"content":{"rendered":"<p>Devrimleri yaln\u0131zca bir dizi olaylar y\u0131\u011f\u0131n\u0131 ve tarihte iz b\u0131rakm\u0131\u015f kimi isimleri \u00e7\u00f6z\u00fcmleyerek anlamak m\u00fcmk\u00fcn m\u00fcd\u00fcr? \u00dcstelik incelenen konu siyasal d\u00fczlemde \u00e7ap\u0131 son derece geni\u015f ve etkisi derin olan Frans\u0131z Devrimi ise\u2026 \u201cDevrimle beraber eski toplum bir anda tarumar olmu\u015f, yepyeni bir toplum ve ulus yarat\u0131lm\u0131\u015ft\u0131r\u201d s\u00f6ylemi a\u00e7\u0131k\u00e7as\u0131 tarihi karikat\u00fcrize eden bir yakla\u015f\u0131md\u0131r Fran\u00e7ois Furet\u2019ye g\u00f6re.   Bir d\u00f6nem Annales okulunun zengin miras\u0131ndan faydalanan Fran\u00e7ois Furet, bu kitab\u0131nda Devrim s\u00fcrecine ili\u015fkin yo\u011fun bir ay\u0131klama \u00e7abas\u0131na giri\u015fir. Ki\u015fi ve olaylar\u0131n s\u0131cakl\u0131\u011f\u0131nda kaybolmaz, aksine Devrim ile birlikte, eski ve yeni bir toplumun de\u011fi\u015fen ve de\u011fi\u015fmeyen \u00f6zelliklerini, siyasal kurumlar\u0131, y\u00f6netim bi\u00e7imlerini inceler. Kavramsal tarihin en b\u00fcy\u00fck \u00f6zelli\u011fi, tarih\u00e7inin \u00e7a\u011fda\u015f olan bilin\u00e7lerden uzakla\u015f\u0131p \u00fczerinde \u00e7al\u0131\u015ft\u0131\u011f\u0131 d\u00f6neme ve terminolojiye yak\u0131n durabilmesidir. Sorunsal tarih yakla\u015f\u0131m\u0131n\u0131n en iyi kuramc\u0131lar\u0131ndan biri say\u0131lan Furet, \u00fcnl\u00fc siyaset bilimci Tocqueville\u2019in g\u00f6r\u00fc\u015flerini de ileri bir seviyeye ta\u015f\u0131r. Furet kitab\u0131n birinci b\u00f6l\u00fcm\u00fcnde Frans\u0131z devrimini kavramsalla\u015ft\u0131rmaya \u00e7al\u0131\u015farak bir sentez denemesinde bulunur. \u0130kinci b\u00f6l\u00fcmde ise bu sentezin dayand\u0131\u011f\u0131 malzemeyi ve devrimin yorumlar\u0131n\u0131 irdeler.   \u201cFrans\u0131z Devrimi tarihi yakla\u015f\u0131k iki y\u00fcz y\u0131ld\u0131r bir k\u00f6kler anlat\u0131s\u0131, yani bir kimlik s\u00f6ylemi olmaktan \u00e7\u0131kmam\u0131\u015ft\u0131r&#8230; 1789\u2019da ba\u015flayan olaylar, ayn\u0131 sorunlar ve simgeler \u00e7evresinde, nesilden nesile ge\u00e7en birer ibadet ya da nefret nesnesi haline d\u00f6n\u00fc\u015ft\u00fcr\u00fclm\u00fc\u015f an\u0131larla birlikte durmaks\u0131z\u0131n yeniden ya\u015fanmaktad\u0131r.\u201d <\/p>\n","protected":false},"excerpt":{"rendered":"<p>Devrimleri yaln\u0131zca bir dizi olaylar y\u0131\u011f\u0131n\u0131 ve tarihte iz b\u0131rakm\u0131\u015f kimi isimleri \u00e7\u00f6z\u00fcmleyerek anlamak m\u00fcmk\u00fcn m\u00fcd\u00fcr? \u00dcstelik incelenen konu siyasal d\u00fczlemde \u00e7ap\u0131 son derece geni\u015f ve<span class=\"excerpt-hellip\"> [\u2026]<\/span><\/p>\n","protected":false},"featured_media":0,"template":"","meta":{"_monsterinsights_skip_tracking":false,"_monsterinsights_sitenote_active":false,"_monsterinsights_sitenote_note":"","_monsterinsights_sitenote_category":0},"product_brand":[],"product_cat":[12370,12304],"product_tag":[],"class_list":{"0":"post-696126","1":"product","2":"type-product","3":"status-publish","5":"product_cat-arastirma-inceleme","6":"product_cat-tarih","7":"pa_cilt-ciltsiz","8":"pa_tur-kitap","9":"pa_yayinevi-dogu-bati-yayinlari","10":"pa_yazar-francois-furet","12":"first","13":"instock","14":"sale","15":"shipping-taxable","16":"purchasable","17":"product-type-simple"},"_links":{"self":[{"href":"https:\/\/roveyayinevi.com.tr\/index.php\/wp-json\/wp\/v2\/product\/696126","targetHints":{"allow":["GET"]}}],"collection":[{"href":"https:\/\/roveyayinevi.com.tr\/index.php\/wp-json\/wp\/v2\/product"}],"about":[{"href":"https:\/\/roveyayinevi.com.tr\/index.php\/wp-json\/wp\/v2\/types\/product"}],"wp:attachment":[{"href":"https:\/\/roveyayinevi.com.tr\/index.php\/wp-json\/wp\/v2\/media?parent=696126"}],"wp:term":[{"taxonomy":"product_brand","embeddable":true,"href":"https:\/\/roveyayinevi.com.tr\/index.php\/wp-json\/wp\/v2\/product_brand?post=696126"},{"taxonomy":"product_cat","embeddable":true,"href":"https:\/\/roveyayinevi.com.tr\/index.php\/wp-json\/wp\/v2\/product_cat?post=696126"},{"taxonomy":"product_tag","embeddable":true,"href":"https:\/\/roveyayinevi.com.tr\/index.php\/wp-json\/wp\/v2\/product_tag?post=696126"}],"curies":[{"name":"wp","href":"https:\/\/api.w.org\/{rel}","templated":true}]}}