{"id":696124,"date":"2025-08-27T14:32:58","date_gmt":"2025-08-27T11:32:58","guid":{"rendered":"https:\/\/roveyayinevi.com.tr\/index.php\/urun\/dogu-bati-makaleler-1\/"},"modified":"2026-04-16T02:05:53","modified_gmt":"2026-04-15T23:05:53","slug":"dogu-bati-makaleler-1","status":"publish","type":"product","link":"https:\/\/roveyayinevi.com.tr\/index.php\/urun\/dogu-bati-makaleler-1\/","title":{"rendered":"Do\u011fu Bat\u0131 Makaleler 1"},"content":{"rendered":"<p>Halil \u0130nalc\u0131k, bu sahan\u0131n en se\u00e7kin uygulay\u0131c\u0131lar\u0131ndan biri&#8230; D\u00fcnya bilimine katk\u0131lar\u0131 su g\u00f6t\u00fcrmez. \u00c7abalar\u0131n\u0131n hedefi haline gelmi\u015f konu \u00fczerinde bize sadece tefekk\u00fcr etmek d\u00fc\u015fer.\u201d Immanuel Wallerstein XX. y\u00fczy\u0131l sona ererken, Cambridge Uluslararas\u0131 Biyografi Merkezi Halil \u0130nalc\u0131k\u2019\u0131 d\u00fcnyada say\u0131l\u0131 2000 bilim adam\u0131 aras\u0131nda g\u00f6stermi\u015ftir. \u0130nalc\u0131k; T\u00fcrk, Amerikan ve \u0130ngiliz akademilerine \u00fcye se\u00e7ilmi\u015ftir. Bug\u00fcn d\u00fcnya \u00fcniversitelerinde Halil \u0130nalc\u0131k okunuyor ve okutuluyor. Onu dar anlamda bir \u201ctarih\u00e7i\u201d olarak d\u00fc\u015f\u00fcnmek elbette yetersiz kal\u0131r, bizzat tarih disiplinine \u015fekil vermi\u015f, kendi metodolojisini ve bilgi birikimini tarih\u00e7ilik mesle\u011fine kazand\u0131rm\u0131\u015f bir ki\u015fi olarak o, bilim \u00e7evrelerinin \u00fczerinde uzla\u015ft\u0131\u011f\u0131 se\u00e7kin bir isimdir. \u0130nalc\u0131k ekol\u00fcne mensup y\u00fczlerce \u00f6\u011frenci, sadece birincil kaynaklar\u0131 kullanma, belge ve ar\u015fivleri inceleme y\u00f6n\u00fcnde de\u011fil, modern anlamda tarihe sosyo-ekonomik ve k\u00fclt\u00fcrel bir\u00e7ok cepheden bakabilme becerisini ondan \u00f6\u011frenmi\u015ftir. Yeni ku\u015fak tarih\u00e7iler, Akdeniz, Osmanl\u0131 ve Balkan tarihi \u00fczerindeki bir\u00e7ok yanl\u0131\u015f\u0131n tashih edilmesini ona bor\u00e7ludur. Kitaplar\u0131, say\u0131s\u0131z makale ve ansiklopedi maddeleri, sosyal bilimciler i\u00e7in g\u00f6z kama\u015ft\u0131r\u0131c\u0131 bir hazine mahiyetindedir. Do\u011fu Bat\u0131 Dergisi\u2019ne yazd\u0131\u011f\u0131 makalelerin topland\u0131\u011f\u0131 bu kitap, onun gen\u00e7 bir \u00f6\u011frenci gibi nas\u0131l \u00e7al\u0131\u015fm\u0131\u015f oldu\u011funun ve \u00fcretti\u011finin hayranl\u0131k verici bir \u00f6rne\u011fidir. <\/p>\n","protected":false},"excerpt":{"rendered":"<p>Halil \u0130nalc\u0131k, bu sahan\u0131n en se\u00e7kin uygulay\u0131c\u0131lar\u0131ndan biri&#8230; D\u00fcnya bilimine katk\u0131lar\u0131 su g\u00f6t\u00fcrmez. \u00c7abalar\u0131n\u0131n hedefi haline gelmi\u015f konu \u00fczerinde bize sadece tefekk\u00fcr etmek d\u00fc\u015fer.\u201d Immanuel Wallerstein<span class=\"excerpt-hellip\"> [\u2026]<\/span><\/p>\n","protected":false},"featured_media":0,"template":"","meta":{"_monsterinsights_skip_tracking":false,"_monsterinsights_sitenote_active":false,"_monsterinsights_sitenote_note":"","_monsterinsights_sitenote_category":0},"product_brand":[],"product_cat":[12370,12304],"product_tag":[],"class_list":{"0":"post-696124","1":"product","2":"type-product","3":"status-publish","5":"product_cat-arastirma-inceleme","6":"product_cat-tarih","7":"pa_cilt-ciltsiz","8":"pa_tur-kitap","9":"pa_yayinevi-dogu-bati-yayinlari","10":"pa_yazar-halil-inalcik","12":"first","13":"instock","14":"sale","15":"shipping-taxable","16":"purchasable","17":"product-type-simple"},"_links":{"self":[{"href":"https:\/\/roveyayinevi.com.tr\/index.php\/wp-json\/wp\/v2\/product\/696124","targetHints":{"allow":["GET"]}}],"collection":[{"href":"https:\/\/roveyayinevi.com.tr\/index.php\/wp-json\/wp\/v2\/product"}],"about":[{"href":"https:\/\/roveyayinevi.com.tr\/index.php\/wp-json\/wp\/v2\/types\/product"}],"wp:attachment":[{"href":"https:\/\/roveyayinevi.com.tr\/index.php\/wp-json\/wp\/v2\/media?parent=696124"}],"wp:term":[{"taxonomy":"product_brand","embeddable":true,"href":"https:\/\/roveyayinevi.com.tr\/index.php\/wp-json\/wp\/v2\/product_brand?post=696124"},{"taxonomy":"product_cat","embeddable":true,"href":"https:\/\/roveyayinevi.com.tr\/index.php\/wp-json\/wp\/v2\/product_cat?post=696124"},{"taxonomy":"product_tag","embeddable":true,"href":"https:\/\/roveyayinevi.com.tr\/index.php\/wp-json\/wp\/v2\/product_tag?post=696124"}],"curies":[{"name":"wp","href":"https:\/\/api.w.org\/{rel}","templated":true}]}}