{"id":696120,"date":"2025-08-27T14:32:57","date_gmt":"2025-08-27T11:32:57","guid":{"rendered":"https:\/\/roveyayinevi.com.tr\/index.php\/urun\/evsiz-ulke-hikayeleri\/"},"modified":"2026-04-16T02:05:53","modified_gmt":"2026-04-15T23:05:53","slug":"evsiz-ulke-hikayeleri","status":"publish","type":"product","link":"https:\/\/roveyayinevi.com.tr\/index.php\/urun\/evsiz-ulke-hikayeleri\/","title":{"rendered":"Evsiz \u00dclke Hikayeleri"},"content":{"rendered":"<p>Onlar\u0131 80\u2019li y\u0131llar\u0131n ortas\u0131nda, ko\u011fu\u015f sessizle\u015fti\u011finde, herkes ranzas\u0131na, \u00e7ekildi\u011finde, ko\u011fu\u015fun   oturma odas\u0131  nda k\u00fc\u00e7\u00fcc\u00fck harflerle yaz\u0131yor, sonra bu dosya k\u00e2\u011f\u0131tlar\u0131n\u0131 katlay\u0131p sakl\u0131yordum. Ama her defas\u0131nda, her operasyonda askerler yata\u011f\u0131n alt\u0131nda, temiz \u00e7ama\u015f\u0131rlar\u0131n aras\u0131nda, olmad\u0131k yerlerde buluyor ve incelemek \u00fczere g\u00f6t\u00fcr\u00fcyorlard\u0131. Asla geri gelmeyeceklerini, \u00e7oktan y\u0131rt\u0131l\u0131p at\u0131lm\u0131\u015f olduklar\u0131n\u0131 bildi\u011fim i\u00e7in bu k\u00e2\u011f\u0131tlar\u0131n, haf\u0131zamda geri \u00e7a\u011f\u0131r\u0131yor bu yazd\u0131klar\u0131m\u0131 ve yeniden k\u00e2\u011f\u0131da d\u00f6k\u00fcyordum. Elbette her defas\u0131nda da biraz de\u011fi\u015fmi\u015f oluyorlard\u0131. Ancak sivil cezaevine nakledildi\u011fimde son \u015fekillerini ald\u0131lar. Birer kopyas\u0131n\u0131 Murat Belge\u2019ye yollad\u0131m, \u00f6vg\u00fc dolu bir cevap al\u0131nca da cesaretim artt\u0131. Tahliye olduktan bir bu\u00e7uk y\u0131l sonra kitap olarak \u00e7\u0131kt\u0131 hik\u00e2yelerim. 1989 \u015eubat\u0131\u2019nda. 18 y\u0131l olmu\u015f. <\/p>\n","protected":false},"excerpt":{"rendered":"<p>Onlar\u0131 80\u2019li y\u0131llar\u0131n ortas\u0131nda, ko\u011fu\u015f sessizle\u015fti\u011finde, herkes ranzas\u0131na, \u00e7ekildi\u011finde, ko\u011fu\u015fun oturma odas\u0131 nda k\u00fc\u00e7\u00fcc\u00fck harflerle yaz\u0131yor, sonra bu dosya k\u00e2\u011f\u0131tlar\u0131n\u0131 katlay\u0131p sakl\u0131yordum. Ama her defas\u0131nda, her<span class=\"excerpt-hellip\"> [\u2026]<\/span><\/p>\n","protected":false},"featured_media":0,"template":"","meta":{"_monsterinsights_skip_tracking":false,"_monsterinsights_sitenote_active":false,"_monsterinsights_sitenote_note":"","_monsterinsights_sitenote_category":0},"product_brand":[],"product_cat":[12291,12711],"product_tag":[],"class_list":{"0":"post-696120","1":"product","2":"type-product","3":"status-publish","5":"product_cat-edebiyat","6":"product_cat-roman-oyku","7":"pa_tur-kitap","8":"pa_yayinevi-everest-yayinlari","9":"pa_yazar-ahmet-tulgar","11":"first","12":"instock","13":"sale","14":"shipping-taxable","15":"purchasable","16":"product-type-simple"},"_links":{"self":[{"href":"https:\/\/roveyayinevi.com.tr\/index.php\/wp-json\/wp\/v2\/product\/696120","targetHints":{"allow":["GET"]}}],"collection":[{"href":"https:\/\/roveyayinevi.com.tr\/index.php\/wp-json\/wp\/v2\/product"}],"about":[{"href":"https:\/\/roveyayinevi.com.tr\/index.php\/wp-json\/wp\/v2\/types\/product"}],"wp:attachment":[{"href":"https:\/\/roveyayinevi.com.tr\/index.php\/wp-json\/wp\/v2\/media?parent=696120"}],"wp:term":[{"taxonomy":"product_brand","embeddable":true,"href":"https:\/\/roveyayinevi.com.tr\/index.php\/wp-json\/wp\/v2\/product_brand?post=696120"},{"taxonomy":"product_cat","embeddable":true,"href":"https:\/\/roveyayinevi.com.tr\/index.php\/wp-json\/wp\/v2\/product_cat?post=696120"},{"taxonomy":"product_tag","embeddable":true,"href":"https:\/\/roveyayinevi.com.tr\/index.php\/wp-json\/wp\/v2\/product_tag?post=696120"}],"curies":[{"name":"wp","href":"https:\/\/api.w.org\/{rel}","templated":true}]}}