{"id":696117,"date":"2025-08-27T14:32:56","date_gmt":"2025-08-27T11:32:56","guid":{"rendered":"https:\/\/roveyayinevi.com.tr\/index.php\/urun\/osmanli-imparatorlugu-ve-modern-turkiye-cilt-1\/"},"modified":"2026-02-25T12:54:25","modified_gmt":"2026-02-25T09:54:25","slug":"osmanli-imparatorlugu-ve-modern-turkiye-cilt-1","status":"publish","type":"product","link":"https:\/\/roveyayinevi.com.tr\/index.php\/urun\/osmanli-imparatorlugu-ve-modern-turkiye-cilt-1\/","title":{"rendered":"Osmanl\u0131 \u0130mparatorlu\u011fu ve Modern T\u00fcrkiye Cilt 1"},"content":{"rendered":"<p>T\u00fcrk\u00e7e ve Yak\u0131ndo\u011fu tarihi profes\u00f6r\u00fc Stanford J. Shaw\u2019un iki ciltlik Osmanl\u0131 \u0130mparatorlu\u011fu ve Modern T\u00fcrkiye adl\u0131 yap\u0131t\u0131n\u0131n ilk cildi, Osmanl\u0131 T\u00fcrklerinin k\u00fc\u00e7\u00fck bir g\u00f6\u00e7ebe a\u015firetiyken 15. ve 16. y\u00fczy\u0131llarda b\u00fcy\u00fck bir imparatorluk haline nas\u0131l geldi\u011fini anlatmaktad\u0131r.\u0130mparatorlu\u011fun Anadolu&#8217;nun yan\u0131 s\u0131ra G\u00fcneydo\u011fu Avrupa\u2019y\u0131, Arap d\u00fcnyas\u0131n\u0131 ve Karadeniz\u2019e k\u0131y\u0131s\u0131 olan b\u00f6lgeleri de kapsamas\u0131yla, Osmanl\u0131lar\u0131n tarihi sadece T\u00fcrklerin de\u011fil Osmanl\u0131&#8217;ya tabi bir\u00e7ok halk\u0131n tarihini de i\u00e7ermi\u015ftir. Yunanlar, Macarlar, eski Yugoslavya halklar\u0131, Bulgarlar, Romenler, Arnavutlar, Araplar, K\u00fcrtler, K\u0131r\u0131m Tatarlar\u0131, Ermeniler, Yahudiler ve di\u011ferleri\u2026Stanford J. Shaw\u2019un bu yap\u0131t\u0131, b\u00fcy\u00fck oranda Osmanl\u0131 ar\u015fivlerine dayanmakta, y\u00fczy\u0131llar\u0131n biriktirdi\u011fi \u00f6nyarg\u0131lar\u0131 ve yanl\u0131\u015f yorumlar\u0131 bir yana iterek Osmanl\u0131lar\u0131 ya\u015fayan ve s\u00fcrekli de\u011fi\u015fime u\u011frayan bir toplum olarak tan\u0131tmakta; bu toplumun -di\u011fer tarih\u00e7ilerin ihmal ettikleri- ekonomik sosyal ve siyasal de\u011fi\u015fimlerini ayr\u0131nt\u0131l\u0131 olarak \u00e7\u00f6z\u00fcmlemektedir. <\/p>\n","protected":false},"excerpt":{"rendered":"<p>T\u00fcrk\u00e7e ve Yak\u0131ndo\u011fu tarihi profes\u00f6r\u00fc Stanford J. Shaw\u2019un iki ciltlik Osmanl\u0131 \u0130mparatorlu\u011fu ve Modern T\u00fcrkiye adl\u0131 yap\u0131t\u0131n\u0131n ilk cildi, Osmanl\u0131 T\u00fcrklerinin k\u00fc\u00e7\u00fck bir g\u00f6\u00e7ebe a\u015firetiyken 15.<span class=\"excerpt-hellip\"> [\u2026]<\/span><\/p>\n","protected":false},"featured_media":0,"template":"","meta":{"_monsterinsights_skip_tracking":false,"_monsterinsights_sitenote_active":false,"_monsterinsights_sitenote_note":"","_monsterinsights_sitenote_category":0},"product_brand":[],"product_cat":[13517,12304],"product_tag":[],"class_list":{"0":"post-696117","1":"product","2":"type-product","3":"status-publish","5":"product_cat-osmanli-tarihi","6":"product_cat-tarih","7":"pa_cilt-ciltsiz","8":"pa_tur-kitap","9":"pa_yayinevi-e-yayinlari","10":"pa_yazar-stanford-shaw","12":"first","13":"instock","14":"sale","15":"shipping-taxable","16":"purchasable","17":"product-type-simple"},"_links":{"self":[{"href":"https:\/\/roveyayinevi.com.tr\/index.php\/wp-json\/wp\/v2\/product\/696117","targetHints":{"allow":["GET"]}}],"collection":[{"href":"https:\/\/roveyayinevi.com.tr\/index.php\/wp-json\/wp\/v2\/product"}],"about":[{"href":"https:\/\/roveyayinevi.com.tr\/index.php\/wp-json\/wp\/v2\/types\/product"}],"wp:attachment":[{"href":"https:\/\/roveyayinevi.com.tr\/index.php\/wp-json\/wp\/v2\/media?parent=696117"}],"wp:term":[{"taxonomy":"product_brand","embeddable":true,"href":"https:\/\/roveyayinevi.com.tr\/index.php\/wp-json\/wp\/v2\/product_brand?post=696117"},{"taxonomy":"product_cat","embeddable":true,"href":"https:\/\/roveyayinevi.com.tr\/index.php\/wp-json\/wp\/v2\/product_cat?post=696117"},{"taxonomy":"product_tag","embeddable":true,"href":"https:\/\/roveyayinevi.com.tr\/index.php\/wp-json\/wp\/v2\/product_tag?post=696117"}],"curies":[{"name":"wp","href":"https:\/\/api.w.org\/{rel}","templated":true}]}}