{"id":696116,"date":"2025-08-27T14:32:56","date_gmt":"2025-08-27T11:32:56","guid":{"rendered":"https:\/\/roveyayinevi.com.tr\/index.php\/urun\/munihe-kadar-6-mezar\/"},"modified":"2026-04-16T02:05:53","modified_gmt":"2026-04-15T23:05:53","slug":"munihe-kadar-6-mezar","status":"publish","type":"product","link":"https:\/\/roveyayinevi.com.tr\/index.php\/urun\/munihe-kadar-6-mezar\/","title":{"rendered":"M\u00fcnih&#8217;e Kadar 6 Mezar"},"content":{"rendered":"<p>The Godfather-Baba adl\u0131 ba\u015fyap\u0131t\u0131n yazar\u0131 Mario Puzo\u2019nun Mario Cleri takma ad\u0131yla yazd\u0131\u011f\u0131 bu romanda 2. D\u00fcnya Sava\u015f\u0131\u2019nda Nazilerin eline d\u00fc\u015fen, \u00fcst\u00fcn haf\u0131zaya sahip \u015fifreleme uzman\u0131 Amerikal\u0131 bir subay\u0131n y\u0131llar sonra Avrupa\u2019ya d\u00f6nerek ba\u015flatt\u0131\u011f\u0131 insan av\u0131 anlat\u0131l\u0131yor.\u0130\u015fkencecilerinin pe\u015fine d\u00fc\u015fen Amerikal\u0131 Avrupa\u2019n\u0131n farkl\u0131 kentlerinde iz s\u00fcr\u00fcyor. <\/p>\n","protected":false},"excerpt":{"rendered":"<p>The Godfather-Baba adl\u0131 ba\u015fyap\u0131t\u0131n yazar\u0131 Mario Puzo\u2019nun Mario Cleri takma ad\u0131yla yazd\u0131\u011f\u0131 bu romanda 2. D\u00fcnya Sava\u015f\u0131\u2019nda Nazilerin eline d\u00fc\u015fen, \u00fcst\u00fcn haf\u0131zaya sahip \u015fifreleme uzman\u0131 Amerikal\u0131<span class=\"excerpt-hellip\"> [\u2026]<\/span><\/p>\n","protected":false},"featured_media":0,"template":"","meta":{"_monsterinsights_skip_tracking":false,"_monsterinsights_sitenote_active":false,"_monsterinsights_sitenote_note":"","_monsterinsights_sitenote_category":0},"product_brand":[],"product_cat":[12891,12291],"product_tag":[],"class_list":{"0":"post-696116","1":"product","2":"type-product","3":"status-publish","5":"product_cat-amerikan-edebiyati","6":"product_cat-edebiyat","7":"pa_tur-kitap","8":"pa_yayinevi-e-yayinlari","9":"pa_yazar-mario-puzo","11":"first","12":"instock","13":"sale","14":"shipping-taxable","15":"purchasable","16":"product-type-simple"},"_links":{"self":[{"href":"https:\/\/roveyayinevi.com.tr\/index.php\/wp-json\/wp\/v2\/product\/696116","targetHints":{"allow":["GET"]}}],"collection":[{"href":"https:\/\/roveyayinevi.com.tr\/index.php\/wp-json\/wp\/v2\/product"}],"about":[{"href":"https:\/\/roveyayinevi.com.tr\/index.php\/wp-json\/wp\/v2\/types\/product"}],"wp:attachment":[{"href":"https:\/\/roveyayinevi.com.tr\/index.php\/wp-json\/wp\/v2\/media?parent=696116"}],"wp:term":[{"taxonomy":"product_brand","embeddable":true,"href":"https:\/\/roveyayinevi.com.tr\/index.php\/wp-json\/wp\/v2\/product_brand?post=696116"},{"taxonomy":"product_cat","embeddable":true,"href":"https:\/\/roveyayinevi.com.tr\/index.php\/wp-json\/wp\/v2\/product_cat?post=696116"},{"taxonomy":"product_tag","embeddable":true,"href":"https:\/\/roveyayinevi.com.tr\/index.php\/wp-json\/wp\/v2\/product_tag?post=696116"}],"curies":[{"name":"wp","href":"https:\/\/api.w.org\/{rel}","templated":true}]}}