{"id":696114,"date":"2025-08-27T14:32:55","date_gmt":"2025-08-27T11:32:55","guid":{"rendered":"https:\/\/roveyayinevi.com.tr\/index.php\/urun\/sybil\/"},"modified":"2025-12-30T09:45:32","modified_gmt":"2025-12-30T06:45:32","slug":"sybil","status":"publish","type":"product","link":"https:\/\/roveyayinevi.com.tr\/index.php\/urun\/sybil\/","title":{"rendered":"Sybil"},"content":{"rendered":"<p>Sybil Isabel Dorsett, Victoria Antoinette Scharleau, Peggy Lou Baldwin, Peggy Ann Baldwin, Mary Lucinda Saunders Dorsett, Marica Lynn Dorsett, Vanessa Gail Dorsett, Mike Dorsett, Sid Dorsett, Nancy Lou Ann Baldwin, Sybil Ann Dorsett, Ruthie Dorsett, Clara Dorsett, Helen Dorsett, Marjorie Dorsett, Sar\u0131\u015f\u0131n ve Yeni Sybil. Ad\u0131n\u0131 sayd\u0131\u011f\u0131m\u0131z t\u00fcm bu karakterler asl\u0131nda tek bir ki\u015fiye ait. Kad\u0131nl\u0131 erkekli tam 17 karakter&#8230; Tek bir v\u00fccutta farkl\u0131 dengeler&#8230; Sybil, \u00e7ok ki\u015filikli olu\u015fun ilk psikanalizidir. Sybil Dorsett olay\u0131, normale bak\u0131\u015f\u0131m\u0131z\u0131 da etkileyen bir ger\u00e7ektir. Sybil yaln\u0131zca insan davran\u0131\u015flar\u0131n\u0131 saptayan bilin\u00e7alt\u0131 d\u00fcnyas\u0131n\u0131n tehlikeli g\u00fc\u00e7lerinin yepyeni bir incelemesi olmay\u0131p, bask\u0131 ayg\u0131tlar\u0131ndan, toplum, din ve ailenin sakatlay\u0131c\u0131 etkilerine bir \u00f6rnekle bak\u0131\u015ft\u0131r. Okuyucu bu kitab\u0131 okudu\u011funda bir bilin\u00e7lilik geni\u015flemesine u\u011frayacakt\u0131r. \u00c7\u00fcnk\u00fc kendi ya\u015fam\u0131n\u0131 b\u00fcy\u00fcte\u00e7 alt\u0131na alarak onlar\u0131 d\u00f6nem d\u00f6nem analiz edecektir. T\u0131p a\u00e7\u0131s\u0131ndan ise bu \u00f6yk\u00fc, ak\u0131l hastal\u0131klar\u0131n\u0131n kal\u0131t\u0131m ve \u00e7evre terimleri i\u00e7inde ortaya \u00e7\u0131k\u0131\u015f\u0131n\u0131; halk dilinde \u00e7ok ya da farkl\u0131 ki\u015filiklerle mal edilen \u015fizofreniyle Sybil\u2018\u0131n pek az rastlanan hastal\u0131\u011f\u0131 Grande-hysterie aras\u0131ndaki ayr\u0131l\u0131\u011f\u0131 ortaya serme amac\u0131n\u0131 g\u00fctmektedir. <\/p>\n","protected":false},"excerpt":{"rendered":"<p>Sybil Isabel Dorsett, Victoria Antoinette Scharleau, Peggy Lou Baldwin, Peggy Ann Baldwin, Mary Lucinda Saunders Dorsett, Marica Lynn Dorsett, Vanessa Gail Dorsett, Mike Dorsett, Sid Dorsett,<span class=\"excerpt-hellip\"> [\u2026]<\/span><\/p>\n","protected":false},"featured_media":0,"template":"","meta":{"_monsterinsights_skip_tracking":false,"_monsterinsights_sitenote_active":false,"_monsterinsights_sitenote_note":"","_monsterinsights_sitenote_category":0},"product_brand":[],"product_cat":[12358,12357],"product_tag":[],"class_list":{"0":"post-696114","1":"product","2":"type-product","3":"status-publish","5":"product_cat-genel-psikoloji","6":"product_cat-psikoloji","7":"pa_tur-kitap","8":"pa_yayinevi-e-yayinlari","9":"pa_yazar-flora-rheta-schreiber","11":"first","12":"instock","13":"sale","14":"shipping-taxable","15":"purchasable","16":"product-type-simple"},"_links":{"self":[{"href":"https:\/\/roveyayinevi.com.tr\/index.php\/wp-json\/wp\/v2\/product\/696114","targetHints":{"allow":["GET"]}}],"collection":[{"href":"https:\/\/roveyayinevi.com.tr\/index.php\/wp-json\/wp\/v2\/product"}],"about":[{"href":"https:\/\/roveyayinevi.com.tr\/index.php\/wp-json\/wp\/v2\/types\/product"}],"wp:attachment":[{"href":"https:\/\/roveyayinevi.com.tr\/index.php\/wp-json\/wp\/v2\/media?parent=696114"}],"wp:term":[{"taxonomy":"product_brand","embeddable":true,"href":"https:\/\/roveyayinevi.com.tr\/index.php\/wp-json\/wp\/v2\/product_brand?post=696114"},{"taxonomy":"product_cat","embeddable":true,"href":"https:\/\/roveyayinevi.com.tr\/index.php\/wp-json\/wp\/v2\/product_cat?post=696114"},{"taxonomy":"product_tag","embeddable":true,"href":"https:\/\/roveyayinevi.com.tr\/index.php\/wp-json\/wp\/v2\/product_tag?post=696114"}],"curies":[{"name":"wp","href":"https:\/\/api.w.org\/{rel}","templated":true}]}}