{"id":696109,"date":"2025-08-27T14:32:54","date_gmt":"2025-08-27T11:32:54","guid":{"rendered":"https:\/\/roveyayinevi.com.tr\/index.php\/urun\/yeraltindaki-melekler-yerustundeki-seytanlar\/"},"modified":"2026-04-16T02:05:53","modified_gmt":"2026-04-15T23:05:53","slug":"yeraltindaki-melekler-yerustundeki-seytanlar","status":"publish","type":"product","link":"https:\/\/roveyayinevi.com.tr\/index.php\/urun\/yeraltindaki-melekler-yerustundeki-seytanlar\/","title":{"rendered":"Yeralt\u0131ndaki Melekler- Yer\u00fcst\u00fcndeki \u015eeytanlar"},"content":{"rendered":"<p>Adli bilimler ve kriminalistik uzman\u0131 Sevil Atasoy ger\u00e7ek olaylara dayanan polisiye-gerilim \u00f6rnekleri anlatmay\u0131 s\u00fcrd\u00fcr\u00fcyor. \u0130nsan nas\u0131l \u015feytanla\u015f\u0131r? \u015eeytan, melek k\u0131l\u0131\u011f\u0131na nas\u0131l girer? Tecav\u00fczler, intihar s\u00fcs\u00fc verilmi\u015f cinayetler, al\u0131\u015fveri\u015f merkezlerinde avlanan seri katiller, tam 22 y\u0131l idam h\u00fccresinde \u00f6l\u00fcm\u00fc bekleyenler, ihbarlar\u0131 ciddiye almayan ihmalk\u00e2r polisler, yalan s\u00f6yleyen savc\u0131lar, bilirki\u015fi hatalar\u0131, i\u015fbilir dedektifler, masum aile reisi g\u00f6r\u00fcn\u00fcml\u00fc sap\u0131klar, ensest ma\u011fdurlar\u0131, betona g\u00f6m\u00fclenler, m\u00fcneccimler ve medyumlar, Sherlock Holmes\u2019tan ve televizyon dizilerinden ilham alanlar ve b\u00fcy\u00fck vicdan azaplar\u0131&#8230; Michael Jackson nas\u0131l \u00f6ld\u00fcr\u00fcld\u00fc? Sekizinci Cumhurba\u015fkan\u0131 Turgut \u00d6zal\u2019\u0131 \u00f6ld\u00fcren ila\u00e7 neydi , mezar\u0131n\u0131n 19 y\u0131l sonra a\u00e7\u0131lmas\u0131 bir hata m\u0131yd\u0131? \u00d6zal\u2019\u0131n naa\u015f\u0131 neden \u00e7\u00fcr\u00fcmemi\u015fti? \ufffcTan\u0131t\u0131m Metni<\/p>\n","protected":false},"excerpt":{"rendered":"<p>Adli bilimler ve kriminalistik uzman\u0131 Sevil Atasoy ger\u00e7ek olaylara dayanan polisiye-gerilim \u00f6rnekleri anlatmay\u0131 s\u00fcrd\u00fcr\u00fcyor. \u0130nsan nas\u0131l \u015feytanla\u015f\u0131r? \u015eeytan, melek k\u0131l\u0131\u011f\u0131na nas\u0131l girer? Tecav\u00fczler, intihar s\u00fcs\u00fc verilmi\u015f<span class=\"excerpt-hellip\"> [\u2026]<\/span><\/p>\n","protected":false},"featured_media":0,"template":"","meta":{"_monsterinsights_skip_tracking":false,"_monsterinsights_sitenote_active":false,"_monsterinsights_sitenote_note":"","_monsterinsights_sitenote_category":0},"product_brand":[],"product_cat":[12365,12364],"product_tag":[],"class_list":{"0":"post-696109","1":"product","2":"type-product","3":"status-publish","5":"product_cat-diger-genel-konular","6":"product_cat-genel-konular","7":"pa_cilt-ciltsiz","8":"pa_tur-kitap","9":"pa_yayinevi-dogan-kitap","10":"pa_yazar-sevil-atasoy","12":"first","13":"instock","14":"sale","15":"shipping-taxable","16":"purchasable","17":"product-type-simple"},"_links":{"self":[{"href":"https:\/\/roveyayinevi.com.tr\/index.php\/wp-json\/wp\/v2\/product\/696109","targetHints":{"allow":["GET"]}}],"collection":[{"href":"https:\/\/roveyayinevi.com.tr\/index.php\/wp-json\/wp\/v2\/product"}],"about":[{"href":"https:\/\/roveyayinevi.com.tr\/index.php\/wp-json\/wp\/v2\/types\/product"}],"wp:attachment":[{"href":"https:\/\/roveyayinevi.com.tr\/index.php\/wp-json\/wp\/v2\/media?parent=696109"}],"wp:term":[{"taxonomy":"product_brand","embeddable":true,"href":"https:\/\/roveyayinevi.com.tr\/index.php\/wp-json\/wp\/v2\/product_brand?post=696109"},{"taxonomy":"product_cat","embeddable":true,"href":"https:\/\/roveyayinevi.com.tr\/index.php\/wp-json\/wp\/v2\/product_cat?post=696109"},{"taxonomy":"product_tag","embeddable":true,"href":"https:\/\/roveyayinevi.com.tr\/index.php\/wp-json\/wp\/v2\/product_tag?post=696109"}],"curies":[{"name":"wp","href":"https:\/\/api.w.org\/{rel}","templated":true}]}}