{"id":696108,"date":"2025-08-27T14:32:54","date_gmt":"2025-08-27T11:32:54","guid":{"rendered":"https:\/\/roveyayinevi.com.tr\/index.php\/urun\/spekulatif-marjinal-tarih-tezleri\/"},"modified":"2026-04-16T02:05:53","modified_gmt":"2026-04-15T23:05:53","slug":"spekulatif-marjinal-tarih-tezleri","status":"publish","type":"product","link":"https:\/\/roveyayinevi.com.tr\/index.php\/urun\/spekulatif-marjinal-tarih-tezleri\/","title":{"rendered":"Spek\u00fclatif Marjinal Tarih Tezleri"},"content":{"rendered":"<p>Spek\u00fclatif Marjinal Tarih Tezleri, farkl\u0131 bir bak\u0131\u015f a\u00e7\u0131s\u0131, tarihsel olgular\u0131n ba\u015fka bir boyutunu g\u00f6rme, g\u00f6sterme, de\u011ferlendirme \u00e7abas\u0131, iplerin ucunu ustal\u0131kla birle\u015ftirerek birbiriyle ilgisizmi\u015f gibi g\u00f6z\u00fcken tarihsel olgular aras\u0131ndaki \u201cgizli ba\u011f\u0131\u201d yal\u0131n bir dille g\u00f6zler \u00f6n\u00fcne seriyor. <\/p>\n","protected":false},"excerpt":{"rendered":"<p>Spek\u00fclatif Marjinal Tarih Tezleri, farkl\u0131 bir bak\u0131\u015f a\u00e7\u0131s\u0131, tarihsel olgular\u0131n ba\u015fka bir boyutunu g\u00f6rme, g\u00f6sterme, de\u011ferlendirme \u00e7abas\u0131, iplerin ucunu ustal\u0131kla birle\u015ftirerek birbiriyle ilgisizmi\u015f gibi g\u00f6z\u00fcken tarihsel<span class=\"excerpt-hellip\"> [\u2026]<\/span><\/p>\n","protected":false},"featured_media":0,"template":"","meta":{"_monsterinsights_skip_tracking":false,"_monsterinsights_sitenote_active":false,"_monsterinsights_sitenote_note":"","_monsterinsights_sitenote_category":0},"product_brand":[],"product_cat":[12305,12304],"product_tag":[],"class_list":{"0":"post-696108","1":"product","2":"type-product","3":"status-publish","5":"product_cat-dunya-tarihi","6":"product_cat-tarih","7":"pa_tur-kitap","8":"pa_yayinevi-e-yayinlari","9":"pa_yazar-murat-culcu","11":"first","12":"instock","13":"sale","14":"shipping-taxable","15":"purchasable","16":"product-type-simple"},"_links":{"self":[{"href":"https:\/\/roveyayinevi.com.tr\/index.php\/wp-json\/wp\/v2\/product\/696108","targetHints":{"allow":["GET"]}}],"collection":[{"href":"https:\/\/roveyayinevi.com.tr\/index.php\/wp-json\/wp\/v2\/product"}],"about":[{"href":"https:\/\/roveyayinevi.com.tr\/index.php\/wp-json\/wp\/v2\/types\/product"}],"wp:attachment":[{"href":"https:\/\/roveyayinevi.com.tr\/index.php\/wp-json\/wp\/v2\/media?parent=696108"}],"wp:term":[{"taxonomy":"product_brand","embeddable":true,"href":"https:\/\/roveyayinevi.com.tr\/index.php\/wp-json\/wp\/v2\/product_brand?post=696108"},{"taxonomy":"product_cat","embeddable":true,"href":"https:\/\/roveyayinevi.com.tr\/index.php\/wp-json\/wp\/v2\/product_cat?post=696108"},{"taxonomy":"product_tag","embeddable":true,"href":"https:\/\/roveyayinevi.com.tr\/index.php\/wp-json\/wp\/v2\/product_tag?post=696108"}],"curies":[{"name":"wp","href":"https:\/\/api.w.org\/{rel}","templated":true}]}}